{"id":582,"date":"2017-07-19T14:47:58","date_gmt":"2017-07-19T12:47:58","guid":{"rendered":"http:\/\/sanac.sk\/?page_id=582"},"modified":"2024-04-05T23:03:49","modified_gmt":"2024-04-05T21:03:49","slug":"referencie","status":"publish","type":"page","link":"https:\/\/sanac.sk\/sk\/referencie\/","title":{"rendered":"Na\u0161e referencie"},"content":{"rendered":"<section class=\"wpb-content-wrapper\"><p><br \/>\n<b>Warning<\/b>:  Undefined array key \"rounded\" in <b>\/data\/3\/c\/3c434a5e-ff55-4c03-834c-98f012fefa56\/sanac.sk\/web\/sk\/wp-content\/themes\/constructed\/vc_templates\/vc_row.php<\/b> on line <b>42<\/b><br \/>\n<div data-vc-full-width=\"true\" data-vc-full-width-init=\"false\" data-vc-stretch-content=\"true\" class=\"vc_row wpb_row vc_row-fluid vc_row-no-padding \"><div class=\"wpb_column vc_column_container vc_col-sm-12 \"><div class=\"vc_column-inner \"><div class=\"wpb_wrapper\">[constructed_heading title=&#8220;Na\u0161i spokojn\u00ed klienti&#8220; image=&#8220;9&#8243;]<\/div><\/div><\/div><\/div><div class=\"vc_row-full-width vc_clearfix\"><\/div><div data-vc-full-width=\"true\" data-vc-full-width-init=\"false\" class=\"vc_row wpb_row vc_row-fluid vc_custom_1478685556509 vc_row-has-fill \"><div class=\"wpb_column vc_column_container vc_col-sm-12 \"><div class=\"vc_column-inner vc_custom_1478685580768\"><div class=\"wpb_wrapper\">[constructed_breadcrumbs items=&#8220;%5B%7B%22title%22%3A%22Hlavn%C3%A1%20str%C3%A1nka%22%2C%22url%22%3A%22%23%22%7D%2C%7B%22title%22%3A%22Referencie%22%2C%22url%22%3A%22%2Freferencie%2F%22%7D%5D&#8220;]<\/div><\/div><\/div><\/div><div class=\"vc_row-full-width vc_clearfix\"><\/div><div class=\"vc_row wpb_row vc_row-fluid \"><div class=\"wpb_column vc_column_container vc_col-sm-12 \"><div class=\"vc_column-inner \"><div class=\"wpb_wrapper\"><div class=\"vc_empty_space\"   style=\"height: 64px\"><span class=\"vc_empty_space_inner\"><\/span><\/div><\/div><\/div><\/div><\/div><div class=\"vc_row wpb_row vc_row-fluid \"><div class=\"wpb_column vc_column_container vc_col-sm-3 \"><div class=\"vc_column-inner \"><div class=\"wpb_wrapper\">\n\t<div  class=\"wpb_single_image wpb_content_element vc_align_center\">\n\t\t\n\t\t<figure class=\"wpb_wrapper vc_figure\">\n\t\t\t<div class=\"vc_single_image-wrapper   vc_box_border_grey\"><img loading=\"lazy\" decoding=\"async\" width=\"90\" height=\"90\" src=\"https:\/\/sanac.sk\/sk\/wp-content\/uploads\/2016\/12\/harmonia.png\" class=\"vc_single_image-img attachment-full\" alt=\"logo Harmonia s obr\u00e1zokm pod\u00e1vania si r\u00fak\" title=\"harmonia\" \/><\/div>\n\t\t<\/figure>\n\t<\/div>\n<\/div><\/div><\/div><div class=\"wpb_column vc_column_container vc_col-sm-6 \"><div class=\"vc_column-inner \"><div class=\"wpb_wrapper\">[constructed_text_block title_tag=&#8220;h3&#8243; title=&#8220;Domov soci\u00e1lnych slu\u017eieb Harm\u00f3nia&#8220;]Sana\u010dn\u00e9 a\u00a0rekon\u0161truk\u010dn\u00e9 pr\u00e1ce boli preveden\u00e9 r\u00fdchlym a\u00a0profesion\u00e1lnym pr\u00edstupom. Zamestnanci firmy boli \u00fastretov\u00ed a\u00a0oh\u013eadupln\u00ed, nako\u013eko pracovali v\u00a0podmienkach, ktor\u00e9 s\u00fa \u0161pecifick\u00e9 pre domovy soci\u00e1lnych slu\u017eieb.<\/p>\n<p><em>Ing. M\u00e1ria Dunajov\u00e1<br \/>\nRiadite\u013eka zariadenia<br \/>\n<\/em>[\/constructed_text_block]<\/div><\/div><\/div><div class=\"wpb_column vc_column_container vc_col-sm-3 \"><div class=\"vc_column-inner \"><div class=\"wpb_wrapper\">[constructed_download title=&#8220;Pozrie\u0165 cel\u00fa referenciu&#8220; link=&#8220;https:\/\/sanac.sk\/sk\/wp-content\/uploads\/2017\/07\/harmonia.pdf&#8220; ficon=&#8220;fa fa-file-pdf-o&#8220;]<\/div><\/div><\/div><\/div><div class=\"vc_row wpb_row vc_row-fluid \"><div class=\"wpb_column vc_column_container vc_col-sm-12 \"><div class=\"vc_column-inner \"><div class=\"wpb_wrapper\"><div class=\"vc_empty_space\"   style=\"height: 64px\"><span class=\"vc_empty_space_inner\"><\/span><\/div><\/div><\/div><\/div><\/div><div class=\"vc_row wpb_row vc_row-fluid \"><div class=\"wpb_column vc_column_container vc_col-sm-3 \"><div class=\"vc_column-inner \"><div class=\"wpb_wrapper\">\n\t<div  class=\"wpb_single_image wpb_content_element vc_align_center\">\n\t\t\n\t\t<figure class=\"wpb_wrapper vc_figure\">\n\t\t\t<div class=\"vc_single_image-wrapper   vc_box_border_grey\"><img loading=\"lazy\" decoding=\"async\" width=\"90\" height=\"90\" src=\"https:\/\/sanac.sk\/sk\/wp-content\/uploads\/2016\/12\/okresny-sud.png\" class=\"vc_single_image-img attachment-full\" alt=\"logo Ministerstvo spravodlivosti Slovenskej republiky\" title=\"okresny-sud\" \/><\/div>\n\t\t<\/figure>\n\t<\/div>\n<\/div><\/div><\/div><div class=\"wpb_column vc_column_container vc_col-sm-6 \"><div class=\"vc_column-inner \"><div class=\"wpb_wrapper\">[constructed_text_block title_tag=&#8220;h3&#8243; title=&#8220;Okresn\u00fd s\u00fad Pova\u017esk\u00e1 Bystrica&#8220;]S vykonan\u00fdmi pr\u00e1cami bol objedn\u00e1vate\u013e Okresn\u00fd s\u00fad Pova\u017esk\u00e1 Bystrica ve\u013emi spokojn\u00fd a\u00a0spolo\u010dnos\u0165 SANAC, s. r. o. odpor\u00fa\u010dame ka\u017ed\u00e9mu, kto potrebuje odborn\u00fd z\u00e1sah rie\u0161enia n\u00e1sledkov po\u017eiaru.<\/p>\n<p><em>JUDr. Milena Z\u00e1hradov\u00e1<br \/>\nRiadite\u013eka spr\u00e1vy s\u00fadu<\/em>[\/constructed_text_block]<\/div><\/div><\/div><div class=\"wpb_column vc_column_container vc_col-sm-3 \"><div class=\"vc_column-inner \"><div class=\"wpb_wrapper\">[constructed_download title=&#8220;Pozrie\u0165 cel\u00fa referenciu&#8220; link=&#8220;https:\/\/sanac.sk\/sk\/wp-content\/uploads\/2017\/07\/okresny-sud.pdf&#8220; ficon=&#8220;fa fa-file-pdf-o&#8220;]<\/div><\/div><\/div><\/div><div class=\"vc_row wpb_row vc_row-fluid \"><div class=\"wpb_column vc_column_container vc_col-sm-12 \"><div class=\"vc_column-inner \"><div class=\"wpb_wrapper\"><div class=\"vc_empty_space\"   style=\"height: 64px\"><span class=\"vc_empty_space_inner\"><\/span><\/div><\/div><\/div><\/div><\/div><div class=\"vc_row wpb_row vc_row-fluid \"><div class=\"wpb_column vc_column_container vc_col-sm-3 \"><div class=\"vc_column-inner \"><div class=\"wpb_wrapper\">\n\t<div  class=\"wpb_single_image wpb_content_element vc_align_center\">\n\t\t\n\t\t<figure class=\"wpb_wrapper vc_figure\">\n\t\t\t<div class=\"vc_single_image-wrapper   vc_box_border_grey\"><img loading=\"lazy\" decoding=\"async\" width=\"90\" height=\"90\" src=\"https:\/\/sanac.sk\/sk\/wp-content\/uploads\/2016\/12\/auparka.png\" class=\"vc_single_image-img attachment-full\" alt=\"\u010derven\u00e9 logo Aupark\" title=\"auparka\" \/><\/div>\n\t\t<\/figure>\n\t<\/div>\n<\/div><\/div><\/div><div class=\"wpb_column vc_column_container vc_col-sm-6 \"><div class=\"vc_column-inner \"><div class=\"wpb_wrapper\">[constructed_text_block title_tag=&#8220;h3&#8243; title=&#8220;Aupark, a.s. \/ Rodamco Central Europe B.V., Bratislava&#8220;]V\u010faka r\u00fdchlemu a\u00a0profesion\u00e1lnemu z\u00e1sahu firmy SANAC, s. r. o. prebiehala obnova po po\u017eiari plynulo a\u00a0bez obmedzen\u00ed v\u00a0prev\u00e1dzke obchodn\u00e9ho centra, Zamestnanci spolo\u010dnosti SANAC, s. r. o. dok\u00e1zali pr\u00e1ce organizova\u0165 a\u00a0vykon\u00e1va\u0165 nanajv\u00fd\u0161 profesion\u00e1lne a\u00a0odborne. Na z\u00e1klade horeuveden\u00fdch skuto\u010dnost\u00ed m\u00f4\u017eem firmu SANAC, s. r. o. kedyko\u013evek \u010falej odporu\u010di\u0165.<\/p>\n<p><em>Michal Antal<br \/>\nProperty Maintenance, Purchasing &amp; Sustainability Manager<br \/>\n<\/em>[\/constructed_text_block]<\/div><\/div><\/div><div class=\"wpb_column vc_column_container vc_col-sm-3 \"><div class=\"vc_column-inner \"><div class=\"wpb_wrapper\">[constructed_download title=&#8220;Pozrie\u0165 cel\u00fa referenciu&#8220; link=&#8220;https:\/\/sanac.sk\/sk\/wp-content\/uploads\/2017\/07\/aupark.pdf&#8220; ficon=&#8220;fa fa-file-pdf-o&#8220;]<\/div><\/div><\/div><\/div><div class=\"vc_row wpb_row vc_row-fluid \"><div class=\"wpb_column vc_column_container vc_col-sm-12 \"><div class=\"vc_column-inner \"><div class=\"wpb_wrapper\"><div class=\"vc_empty_space\"   style=\"height: 64px\"><span class=\"vc_empty_space_inner\"><\/span><\/div><\/div><\/div><\/div><\/div><div class=\"vc_row wpb_row vc_row-fluid \"><div class=\"wpb_column vc_column_container vc_col-sm-3 \"><div class=\"vc_column-inner \"><div class=\"wpb_wrapper\">\n\t<div  class=\"wpb_single_image wpb_content_element vc_align_center\">\n\t\t\n\t\t<figure class=\"wpb_wrapper vc_figure\">\n\t\t\t<div class=\"vc_single_image-wrapper   vc_box_border_grey\"><img loading=\"lazy\" decoding=\"async\" width=\"90\" height=\"90\" src=\"https:\/\/sanac.sk\/sk\/wp-content\/uploads\/2016\/12\/etp.png\" class=\"vc_single_image-img attachment-full\" alt=\"logo ETP management budov\" title=\"etp\" \/><\/div>\n\t\t<\/figure>\n\t<\/div>\n<\/div><\/div><\/div><div class=\"wpb_column vc_column_container vc_col-sm-6 \"><div class=\"vc_column-inner \"><div class=\"wpb_wrapper\">[constructed_text_block title_tag=&#8220;h3&#8243; title=&#8220;EPT Management budov, s. r. o., Bratislava&#8220;]S vykonan\u00fdmi pr\u00e1cami potrebn\u00fdmi na odstr\u00e1nenie grafitov odveden\u00fdmi na hore uvedenom bytovom dome sme boli spokojn\u00ed. Technologick\u00e9, ako aj person\u00e1lne zastre\u0161enie pr\u00e1c spolo\u010dnos\u0165ou SANAC, s. r. o. je na ve\u013emi vysokej \u00farovni, preto m\u00f4\u017eeme dan\u00fa firmu kedyko\u013evek odporu\u010di\u0165.<\/p>\n<p><em>Ing. J\u00e1n Dopjera<br \/>\nMana\u017e\u00e9r \u00faseku spr\u00e1vy nehnute\u013enost\u00ed<br \/>\n<\/em>[\/constructed_text_block]<\/div><\/div><\/div><div class=\"wpb_column vc_column_container vc_col-sm-3 \"><div class=\"vc_column-inner \"><div class=\"wpb_wrapper\">[constructed_download title=&#8220;Pozrie\u0165 cel\u00fa referenciu&#8220; link=&#8220;https:\/\/sanac.sk\/sk\/wp-content\/uploads\/2017\/07\/etp-dopjera.pdf&#8220; ficon=&#8220;fa fa-file-pdf-o&#8220;]<\/div><\/div><\/div><\/div><div class=\"vc_row wpb_row vc_row-fluid \"><div class=\"wpb_column vc_column_container vc_col-sm-12 \"><div class=\"vc_column-inner \"><div class=\"wpb_wrapper\"><div class=\"vc_empty_space\"   style=\"height: 64px\"><span class=\"vc_empty_space_inner\"><\/span><\/div><\/div><\/div><\/div><\/div><div class=\"vc_row wpb_row vc_row-fluid \"><div class=\"wpb_column vc_column_container vc_col-sm-3 \"><div class=\"vc_column-inner \"><div class=\"wpb_wrapper\">\n\t<div  class=\"wpb_single_image wpb_content_element vc_align_center\">\n\t\t\n\t\t<figure class=\"wpb_wrapper vc_figure\">\n\t\t\t<div class=\"vc_single_image-wrapper   vc_box_border_grey\"><img loading=\"lazy\" decoding=\"async\" width=\"90\" height=\"90\" src=\"https:\/\/sanac.sk\/sk\/wp-content\/uploads\/2016\/12\/homepro.png\" class=\"vc_single_image-img attachment-full\" alt=\"logo HomePro SK\" title=\"homepro\" \/><\/div>\n\t\t<\/figure>\n\t<\/div>\n<\/div><\/div><\/div><div class=\"wpb_column vc_column_container vc_col-sm-6 \"><div class=\"vc_column-inner \"><div class=\"wpb_wrapper\">[constructed_text_block title_tag=&#8220;h3&#8243; title=&#8220;HomePro Spr\u00e1vcovsk\u00e1, s. r. o., Bratislava &#8222;]V\u010faka r\u00fdchlemu a\u00a0profesion\u00e1lnemu z\u00e1sahu spolo\u010dnosti SANAC, s. r. o. sa mohli obyvatelia bytov\u00e9ho domu v\u00a0kr\u00e1tkom \u010dase po po\u017eiari vr\u00e1ti\u0165 do svojich domovov. Na z\u00e1klade na\u0161ich sk\u00fasenost\u00ed by sme z\u00e1ujemcom o\u00a0sana\u010dn\u00e9 pr\u00e1ce odporu\u010dili spolo\u010dnos\u0165 SANAC, s. r. o..<\/p>\n<p><em>Ing. Martin Kanis<br \/>\nKonate\u013e<br \/>\n<\/em>[\/constructed_text_block]<\/div><\/div><\/div><div class=\"wpb_column vc_column_container vc_col-sm-3 \"><div class=\"vc_column-inner \"><div class=\"wpb_wrapper\">[constructed_download title=&#8220;Pozrie\u0165 cel\u00fa referenciu&#8220; link=&#8220;https:\/\/sanac.sk\/sk\/wp-content\/uploads\/2017\/07\/Homepro-kanis.pdf&#8220; ficon=&#8220;fa fa-file-pdf-o&#8220;]<\/div><\/div><\/div><\/div><div class=\"vc_row wpb_row vc_row-fluid \"><div class=\"wpb_column vc_column_container vc_col-sm-12 \"><div class=\"vc_column-inner \"><div class=\"wpb_wrapper\"><div class=\"vc_empty_space\"   style=\"height: 64px\"><span class=\"vc_empty_space_inner\"><\/span><\/div><\/div><\/div><\/div><\/div><div class=\"vc_row wpb_row vc_row-fluid \"><div class=\"wpb_column vc_column_container vc_col-sm-3 \"><div class=\"vc_column-inner \"><div class=\"wpb_wrapper\">\n\t<div  class=\"wpb_single_image wpb_content_element vc_align_center\">\n\t\t\n\t\t<figure class=\"wpb_wrapper vc_figure\">\n\t\t\t<div class=\"vc_single_image-wrapper   vc_box_border_grey\"><img loading=\"lazy\" decoding=\"async\" width=\"90\" height=\"90\" src=\"https:\/\/sanac.sk\/sk\/wp-content\/uploads\/2017\/06\/re.png\" class=\"vc_single_image-img attachment-full\" alt=\"logo REL project development\" title=\"re\" \/><\/div>\n\t\t<\/figure>\n\t<\/div>\n<\/div><\/div><\/div><div class=\"wpb_column vc_column_container vc_col-sm-6 \"><div class=\"vc_column-inner \"><div class=\"wpb_wrapper\">[constructed_text_block title_tag=&#8220;h3&#8243; title=&#8220;RE project development, s. r. o., Bratislava&#8220;]Spolo\u010dnos\u0165 SANAC, s. r. o. n\u00e1m odporu\u010dil odhadca \u0161kody zo zahrani\u010dnej pois\u0165ovne. Obhliadka aj cenov\u00e1 ponuka n\u00e1m bola zaslan\u00e1 v\u00a0kr\u00e1tkom \u010dasovom horizonte, priamo konate\u013eom spolo\u010dnosti Michalom Strakom. Koordin\u00e1cia pr\u00e1c pod jeho\u00a0 veden\u00edm bola profesion\u00e1lna a\u00a0v\u00fdrazne prispela k\u00a0r\u00fdchlemu dokon\u010deniu pr\u00e1c.<\/p>\n<p><em>Daniela Dudrov\u00e1<br \/>\nSales Manager<br \/>\n<\/em>[\/constructed_text_block]<\/div><\/div><\/div><div class=\"wpb_column vc_column_container vc_col-sm-3 \"><div class=\"vc_column-inner \"><div class=\"wpb_wrapper\">[constructed_download title=&#8220;Pozrie\u0165 cel\u00fa referenciu&#8220; link=&#8220;https:\/\/sanac.sk\/sk\/wp-content\/uploads\/2017\/07\/re.pdf&#8220; ficon=&#8220;fa fa-file-pdf-o&#8220;]<\/div><\/div><\/div><\/div><div class=\"vc_row wpb_row vc_row-fluid \"><div class=\"wpb_column vc_column_container vc_col-sm-12 \"><div class=\"vc_column-inner \"><div class=\"wpb_wrapper\"><div class=\"vc_empty_space\"   style=\"height: 64px\"><span class=\"vc_empty_space_inner\"><\/span><\/div><\/div><\/div><\/div><\/div><div class=\"vc_row wpb_row vc_row-fluid \"><div class=\"wpb_column vc_column_container vc_col-sm-3 \"><div class=\"vc_column-inner \"><div class=\"wpb_wrapper\">\n\t<div  class=\"wpb_single_image wpb_content_element vc_align_center\">\n\t\t\n\t\t<figure class=\"wpb_wrapper vc_figure\">\n\t\t\t<div class=\"vc_single_image-wrapper   vc_box_border_grey\"><img loading=\"lazy\" decoding=\"async\" width=\"90\" height=\"90\" src=\"https:\/\/sanac.sk\/sk\/wp-content\/uploads\/2016\/12\/dometic.png\" class=\"vc_single_image-img attachment-full\" alt=\"Logo Dometic\" title=\"dometic\" \/><\/div>\n\t\t<\/figure>\n\t<\/div>\n<\/div><\/div><\/div><div class=\"wpb_column vc_column_container vc_col-sm-6 \"><div class=\"vc_column-inner \"><div class=\"wpb_wrapper\">[constructed_text_block title_tag=&#8220;h3&#8243; title=&#8220;Dometic Slovakia, s. r. o., Fi\u013eakovo &#8222;]So sana\u010dn\u00fdmi pr\u00e1cami odveden\u00fdmi v\u00a0na\u0161om podniku sme boli nadmieru spokojn\u00ed. Technologick\u00e9, materi\u00e1lne ako aj person\u00e1lne zastre\u0161enie sana\u010dn\u00fdch pr\u00e1c spolo\u010dnos\u0165ou SANAC, s. r. o. je na ve\u013emi vysokej \u00farovni, preto m\u00f4\u017eeme dan\u00fa firmu kedyko\u013evek odporu\u010di\u0165.<\/p>\n<p><em>Gabriela Luk\u00e1\u010dov\u00e1<br \/>\nFinan\u010dn\u00fd mana\u017e\u00e9r<br \/>\n<\/em>[\/constructed_text_block]<\/div><\/div><\/div><div class=\"wpb_column vc_column_container vc_col-sm-3 \"><div class=\"vc_column-inner \"><div class=\"wpb_wrapper\">[constructed_download title=&#8220;Pozrie\u0165 cel\u00fa referenciu&#8220; link=&#8220;https:\/\/sanac.sk\/sk\/wp-content\/uploads\/2017\/07\/dometic.pdf&#8220; ficon=&#8220;fa fa-file-pdf-o&#8220;]<\/div><\/div><\/div><\/div><div class=\"vc_row wpb_row vc_row-fluid \"><div class=\"wpb_column vc_column_container vc_col-sm-12 \"><div class=\"vc_column-inner \"><div class=\"wpb_wrapper\"><div class=\"vc_empty_space\"   style=\"height: 64px\"><span class=\"vc_empty_space_inner\"><\/span><\/div><\/div><\/div><\/div><\/div><div class=\"vc_row wpb_row vc_row-fluid \"><div class=\"wpb_column vc_column_container vc_col-sm-3 \"><div class=\"vc_column-inner \"><div class=\"wpb_wrapper\">\n\t<div  class=\"wpb_single_image wpb_content_element vc_align_center\">\n\t\t\n\t\t<figure class=\"wpb_wrapper vc_figure\">\n\t\t\t<div class=\"vc_single_image-wrapper   vc_box_border_grey\"><img loading=\"lazy\" decoding=\"async\" width=\"90\" height=\"90\" src=\"https:\/\/sanac.sk\/sk\/wp-content\/uploads\/2016\/12\/horizont.png\" class=\"vc_single_image-img attachment-full\" alt=\"mal\u00e9 logo Horizont rezort\" title=\"horizont\" \/><\/div>\n\t\t<\/figure>\n\t<\/div>\n<\/div><\/div><\/div><div class=\"wpb_column vc_column_container vc_col-sm-6 \"><div class=\"vc_column-inner \"><div class=\"wpb_wrapper\">[constructed_text_block title_tag=&#8220;h3&#8243; title=&#8220;Horizont Resort**** TATRA TRADING INTERNATIONAL, s. r. o., Star\u00e1 Lesn\u00e1&#8220;]V\u010faka r\u00fdchlemu a profesion\u00e1lnemu z\u00e1sahu spolo\u010dnosti SANAC, s. r. o. mohli plynulo a bezodkladne postupova\u0165 rekon\u0161truk\u010dn\u00e9 pr\u00e1ce, v\u010faka \u010domu sa zminimalizovala doba preru\u0161enia prev\u00e1dzky.<\/p>\n<p><em>Peter Korenko<br \/>\nTechnick\u00fd riadite\u013e<br \/>\n<\/em>[\/constructed_text_block]<div class=\"vc_empty_space\"   style=\"height: 64px\"><span class=\"vc_empty_space_inner\"><\/span><\/div><\/div><\/div><\/div><div class=\"wpb_column vc_column_container vc_col-sm-3 \"><div class=\"vc_column-inner \"><div class=\"wpb_wrapper\">[constructed_download title=&#8220;Pozrie\u0165 cel\u00fa referenciu&#8220; link=&#8220;https:\/\/sanac.sk\/sk\/wp-content\/uploads\/2017\/07\/horizont.pdf&#8220; ficon=&#8220;fa fa-file-pdf-o&#8220;]<\/div><\/div><\/div><\/div><div class=\"vc_row wpb_row vc_row-fluid \"><div class=\"wpb_column vc_column_container vc_col-sm-12 \"><div class=\"vc_column-inner \"><div class=\"wpb_wrapper\"><div class=\"vc_empty_space\"   style=\"height: 32px\"><span class=\"vc_empty_space_inner\"><\/span><\/div><\/div><\/div><\/div><\/div><div class=\"vc_row wpb_row vc_row-fluid \"><div class=\"wpb_column vc_column_container vc_col-sm-3 \"><div class=\"vc_column-inner \"><div class=\"wpb_wrapper\">\n\t<div  class=\"wpb_single_image wpb_content_element vc_align_center\">\n\t\t\n\t\t<figure class=\"wpb_wrapper vc_figure\">\n\t\t\t<div class=\"vc_single_image-wrapper   vc_box_border_grey\"><img loading=\"lazy\" decoding=\"async\" class=\"vc_single_image-img \" src=\"https:\/\/sanac.sk\/sk\/wp-content\/uploads\/2018\/03\/stiahnu\u0165-100x50.png\" width=\"100\" height=\"50\" alt=\"stiahnu\u0165\" title=\"stiahnu\u0165\" \/><\/div>\n\t\t<\/figure>\n\t<\/div>\n<\/div><\/div><\/div><div class=\"wpb_column vc_column_container vc_col-sm-6 \"><div class=\"vc_column-inner \"><div class=\"wpb_wrapper\">[constructed_text_block title_tag=&#8220;h3&#8243; title=&#8220;L-Byty, s. r. o. , BRATISLAVA&#8220;]&#8220;S kvalitou pr\u00e1c sme boli mimoriadne spokojn\u00ed, rovnaka ako aj s \u00fastretov\u00fdm a akt\u00edvnym pr\u00edstupom zamestnancov spolo\u010dnosti a ich schopnos\u0165ou poradi\u0165 si po\u010das pr\u00e1c.<br \/>\nV\u00fdberom zhotovite\u013ea opravy domu po po\u017eiari sa potvrdila spr\u00e1vnos\u0165 v\u00fdberu. Na z\u00e1klade na\u0161ich sk\u00fasenost\u00ed m\u00f4\u017eeme spolo\u010dnos\u0165 SANAC, s. r. o. odporu\u010di\u0165 ako spolahliv\u00e9ho partnera, nako\u013eko poskytuje pr\u00e1ce, servis ako aj kvalitu vykonan\u00fdch pr\u00e1c na vysokej \u00farovni.&#8220;<\/p>\n<p>Ing. \u013dudov\u00edt Baj\u010di\u00a0 \u00a0 L-BYTY, s. r. o.<br \/>\nSpr\u00e1vca BaNP[\/constructed_text_block]<div class=\"vc_empty_space\"   style=\"height: 64px\"><span class=\"vc_empty_space_inner\"><\/span><\/div><\/div><\/div><\/div><div class=\"wpb_column vc_column_container vc_col-sm-3 \"><div class=\"vc_column-inner \"><div class=\"wpb_wrapper\">[constructed_download title=&#8220;Pozrie\u0165 cel\u00fa referenciu&#8220; link=&#8220;https:\/\/sanac.sk\/sk\/wp-content\/uploads\/2018\/03\/Referencia-L-byty-1.pdf&#8220; ficon=&#8220;fa fa-file-text-o&#8220;]<\/div><\/div><\/div><\/div>\n<\/section>","protected":false},"excerpt":{"rendered":"Warning: Undefined array key \"rounded\" in \/data\/3\/c\/3c434a5e-ff55-4c03-834c-98f012fefa56\/sanac.sk\/web\/sk\/wp-content\/themes\/constructed\/vc_templates\/vc_row.php on line 42 [constructed_heading title=\"Na\u0161i spokojn\u00ed klienti\" image=\"9\"][constructed_breadcrumbs items=\"%5B%7B%22title%22%3A%22Hlavn%C3%A1%20str%C3%A1nka%22%2C%22url%22%3A%22%23%22%7D%2C%7B%22title%22%3A%22Referencie%22%2C%22url%22%3A%22%2Freferencie%2F%22%7D%5D\"] [constructed_text_block title_tag=\"h3\" title=\"Domov soci\u00e1lnych slu\u017eieb Harm\u00f3nia\"]Sana\u010dn\u00e9 a\u00a0rekon\u0161truk\u010dn\u00e9 pr\u00e1ce boli preveden\u00e9 r\u00fdchlym a\u00a0profesion\u00e1lnym pr\u00edstupom. Zamestnanci firmy boli \u00fastretov\u00ed a\u00a0oh\u013eadupln\u00ed, nako\u013eko pracovali v\u00a0podmienkach, ktor\u00e9 s\u00fa \u0161pecifick\u00e9 pre domovy soci\u00e1lnych slu\u017eieb. Ing. M\u00e1ria Dunajov\u00e1 Riadite\u013eka zariadenia [\/constructed_text_block][constructed_download title=\"Pozrie\u0165 cel\u00fa referenciu\" link=\"https:\/\/sanac.sk\/sk\/wp-content\/uploads\/2017\/07\/harmonia.pdf\" ficon=\"fa [...]","protected":false},"author":4,"featured_media":0,"parent":0,"menu_order":0,"comment_status":"closed","ping_status":"closed","template":"","meta":{"footnotes":""},"aioseo_notices":[],"_links":{"self":[{"href":"https:\/\/sanac.sk\/sk\/wp-json\/wp\/v2\/pages\/582"}],"collection":[{"href":"https:\/\/sanac.sk\/sk\/wp-json\/wp\/v2\/pages"}],"about":[{"href":"https:\/\/sanac.sk\/sk\/wp-json\/wp\/v2\/types\/page"}],"author":[{"embeddable":true,"href":"https:\/\/sanac.sk\/sk\/wp-json\/wp\/v2\/users\/4"}],"replies":[{"embeddable":true,"href":"https:\/\/sanac.sk\/sk\/wp-json\/wp\/v2\/comments?post=582"}],"version-history":[{"count":22,"href":"https:\/\/sanac.sk\/sk\/wp-json\/wp\/v2\/pages\/582\/revisions"}],"predecessor-version":[{"id":1097,"href":"https:\/\/sanac.sk\/sk\/wp-json\/wp\/v2\/pages\/582\/revisions\/1097"}],"wp:attachment":[{"href":"https:\/\/sanac.sk\/sk\/wp-json\/wp\/v2\/media?parent=582"}],"curies":[{"name":"wp","href":"https:\/\/api.w.org\/{rel}","templated":true}]}}