{"id":190,"date":"2016-11-24T10:10:22","date_gmt":"2016-11-24T09:10:22","guid":{"rendered":"http:\/\/viewdemo.co\/constructedwp\/?page_id=190"},"modified":"2025-12-04T02:11:47","modified_gmt":"2025-12-04T01:11:47","slug":"nase-sluzby","status":"publish","type":"page","link":"https:\/\/sanac.sk\/sk\/nase-sluzby\/","title":{"rendered":"Na\u0161e slu\u017eby"},"content":{"rendered":"<section class=\"wpb-content-wrapper\"><p><br \/>\n<b>Warning<\/b>:  Undefined array key \"rounded\" in <b>\/data\/3\/c\/3c434a5e-ff55-4c03-834c-98f012fefa56\/sanac.sk\/web\/sk\/wp-content\/themes\/constructed\/vc_templates\/vc_row.php<\/b> on line <b>42<\/b><br \/>\n<div data-vc-full-width=\"true\" data-vc-full-width-init=\"false\" data-vc-stretch-content=\"true\" class=\"vc_row wpb_row vc_row-fluid vc_row-no-padding \"><div class=\"wpb_column vc_column_container vc_col-sm-12 \"><div class=\"vc_column-inner \"><div class=\"wpb_wrapper\">[constructed_heading title=&#8220;Na\u0161e slu\u017eby&#8220; image=&#8220;9&#8243;]<\/div><\/div><\/div><\/div><div class=\"vc_row-full-width vc_clearfix\"><\/div><div data-vc-full-width=\"true\" data-vc-full-width-init=\"false\" class=\"vc_row wpb_row vc_row-fluid vc_custom_1478012124303 vc_row-has-fill \"><div class=\"wpb_column vc_column_container vc_col-sm-12 \"><div class=\"vc_column-inner vc_custom_1478012545725\"><div class=\"wpb_wrapper\">[constructed_breadcrumbs items=&#8220;%5B%7B%22title%22%3A%22Hlavn%C3%A1%20str%C3%A1nka%22%2C%22url%22%3A%22http%3A%2F%2Fsanac.sk%22%7D%2C%7B%22title%22%3A%22Na%C5%A1e%20slu%C5%BEby%22%2C%22url%22%3A%22http%3A%2F%2Fsanac.sk%2Fnase-sluzby%2F%22%7D%5D&#8220;]<\/div><\/div><\/div><\/div><div class=\"vc_row-full-width vc_clearfix\"><\/div><div data-vc-full-width=\"true\" data-vc-full-width-init=\"false\" class=\"vc_row wpb_row vc_row-fluid vc_row-o-content-middle vc_row-flex \"><div class=\"wpb_column vc_column_container vc_col-sm-3 vc_col-md-3 vc_col-sm-offset-0 vc_col-xs-offset-1 vc_col-xs-10 \"><div class=\"vc_column-inner \"><div class=\"wpb_wrapper\">[constructed_icon_text style=&#8220;style7&#8243; title=&#8220;San\u00e1cia \u0161k\u00f4d po po\u017eiari&#8220; text=&#8220;Ut vitae eros ipsum. Supeise accumsan eros nunc, et bumagna asso scelerue vitae.&#8220; button=&#8220;url:https%3A%2F%2Fsanac.sk%2Fsk%2Fservices%2Fsanacia-skod-po-poziari%2F|title:Zisti%C5%A5%20viac||&#8220; icon_color=&#8220;#ff0000&#8243; ficon=&#8220;fa fa-fire&#8220;]Len \u010do od\u00eddu hasi\u010di, prich\u00e1dza SANAC s. r. o.. Pr\u00e1ve teraz je d\u00f4le\u017eit\u00e1 ka\u017ed\u00e1 hodina, ve\u010f usadeniny po po\u017eiari a hasiaca voda m\u00f4\u017eu sp\u00f4sobi\u0165 \u010fal\u0161ie obrovsk\u00e9 \u0161kody.[\/constructed_icon_text]<\/div><\/div><\/div><div class=\"wpb_column vc_column_container vc_col-sm-3 vc_col-md-3 vc_col-sm-offset-0 vc_col-xs-offset-1 vc_col-xs-10 \"><div class=\"vc_column-inner \"><div class=\"wpb_wrapper\">[constructed_icon_text style=&#8220;style7&#8243; icon_type=&#8220;ticon&#8220; ticon=&#8220;icons8-plumbing&#8220; title=&#8220;San\u00e1cia \u0161k\u00f4d po vode&#8220; text=&#8220;Ut vitae eros ipsum. Supeise accumsan eros nunc, et bumagna asso scelerue vitae.&#8220; button=&#8220;url:https%3A%2F%2Fsanac.sk%2Fsk%2Fservices%2Fsanacia-skod-po-vode%2F|title:Zisti%C5%A5%20viac||&#8220; icon_color=&#8220;#ff0000&#8243;]Aj mal\u00e1 trhlina v kanaliza\u010dnom a vodnom potrub\u00ed m\u00f4\u017ee sp\u00f4sobi\u0165 ve\u013ek\u00e9 po\u0161kodenie. Je dobr\u00e9 vedie\u0165, na koho sa m\u00f4\u017eete s d\u00f4verou obr\u00e1ti\u0165.[\/constructed_icon_text]<\/div><\/div><\/div><div class=\"wpb_column vc_column_container vc_col-sm-3 vc_col-md-3 vc_col-sm-offset-0 vc_col-xs-offset-1 vc_col-xs-10 \"><div class=\"vc_column-inner \"><div class=\"wpb_wrapper\">[constructed_icon_text style=&#8220;style7&#8243; icon_type=&#8220;ticon&#8220; ticon=&#8220;icons8-paint-bucket&#8220; title=&#8220;Odstr\u00e1nenie graffiti&#8220; text=&#8220;Ut vitae eros ipsum. Supeise accumsan eros nunc, et bumagna asso scelerue vitae.&#8220; button=&#8220;url:https%3A%2F%2Fsanac.sk%2Fsk%2Fservices%2Fodstranenie-grafitov%2F|title:Zisti%C5%A5%20viac||&#8220; icon_color=&#8220;#ff0000&#8243;]Odstra\u0148ovanie graffiti si vy\u017eaduje \u0161pecializovan\u00e9 n\u00e1stroje a \u010distiace prostriedky, ktor\u00e9 odborn\u00fdm pou\u017eit\u00edm minimalizuj\u00fa po\u0161kodenie zne\u010disten\u00e9ho povrchu.[\/constructed_icon_text]<\/div><\/div><\/div><div class=\"wpb_column vc_column_container vc_col-sm-3 \"><div class=\"vc_column-inner \"><div class=\"wpb_wrapper\">[constructed_icon_text style=&#8220;style7&#8243; icon_type=&#8220;ticon&#8220; ticon=&#8220;icons8-truck&#8220; title=&#8220;San\u00e1cia \u0161k\u00f4d na aut\u00e1ch a strojoch&#8220; text=&#8220;Ut vitae eros ipsum. Supeise accumsan eros nunc, et bumagna asso scelerue vitae.&#8220; button=&#8220;url:https%3A%2F%2Fsanac.sk%2Fsk%2Fservices%2Fsanacia-skod-na-autach-a-strojoch%2F|title:Zisti%C5%A5%20viac||&#8220; icon_color=&#8220;#ff0000&#8243;]Poskytujeme \u2013 profesion\u00e1lne \u010distenie povrchov automobilov po\u0161koden\u00fdch farbou pr\u00edpadne in\u00fdmi adh\u00e9znymi l\u00e1tkami.[\/constructed_icon_text]<\/div><\/div><\/div><\/div><div class=\"vc_row-full-width vc_clearfix\"><\/div><div class=\"vc_row wpb_row vc_row-fluid vc_row-o-equal-height vc_row-o-content-middle vc_row-flex \"><div class=\"wpb_column vc_column_container vc_col-sm-3 \"><div class=\"vc_column-inner \"><div class=\"wpb_wrapper\">[constructed_icon_text style=&#8220;style7&#8243; icon_type=&#8220;ticon&#8220; ticon=&#8220;icons8-roller-brush&#8220; title=&#8220;Rekon\u0161truk\u010dn\u00e9 pr\u00e1ce&#8220; text=&#8220;Ut vitae eros ipsum. Supeise accumsan eros nunc, et bumagna asso scelerue vitae.&#8220; button=&#8220;url:https%3A%2F%2Fsanac.sk%2Fsk%2Fservices%2Fstavebne-prace%2F|title:Zisti%C5%A5%20viac&#8220; icon_color=&#8220;#ff0000&#8243;]Po\u0161koden\u00e9 omietky, opotrebovan\u00e9 podlahy, dvere, ktor\u00e9 nedoliehaj\u00fa. Obnova nepo\u010dk\u00e1.\u00a0<strong data-start=\"850\" data-end=\"868\">SANAC s. r. o.<\/strong>\u00a0zastre\u0161\u00ed stavebn\u00e9 pr\u00e1ce od ma\u013eovky po fas\u00e1du. R\u00fdchlo, spo\u013eahlivo, bez kompromisov.[\/constructed_icon_text]<\/div><\/div><\/div><div class=\"wpb_column vc_column_container vc_col-sm-3 \"><div class=\"vc_column-inner \"><div class=\"wpb_wrapper\">[constructed_icon_text style=&#8220;style7&#8243; icon_type=&#8220;ticon&#8220; ticon=&#8220;icons8-basement&#8220; title=&#8220;Lokaliz\u00e1cia priesakov&#8220; text=&#8220;Ut vitae eros ipsum. Supeise accumsan eros nunc, et bumagna asso scelerue vitae.&#8220; button=&#8220;url:https%3A%2F%2Fsanac.sk%2Fsk%2Fservices%2Flokalizacia-priesakov%2F|title:Zisti%C5%A5%20viac||&#8220; icon_color=&#8220;#ff0000&#8243;]Sk\u00f4r, ne\u017e sa za\u010dne s de\u0161truk\u010dn\u00fdmi met\u00f3dami, treba probl\u00e9m identifikova\u0165 a lokalizova\u0165.[\/constructed_icon_text]<\/div><\/div><\/div><div class=\"wpb_column vc_column_container vc_col-sm-3 \"><div class=\"vc_column-inner \"><div class=\"wpb_wrapper\">[constructed_icon_text style=&#8220;style7&#8243; icon_type=&#8220;ticon&#8220; ticon=&#8220;icons8-construction-worker&#8220; title=&#8220;In\u00e9 \u0161kody a \u0161peci\u00e1lne \u010dinnosti&#8220; text=&#8220;Ut vitae eros ipsum. Supeise accumsan eros nunc, et bumagna asso scelerue vitae.&#8220; button=&#8220;url:https%3A%2F%2Fsanac.sk%2Fsk%2Fservices%2Fine-skody-a-specialne-cinnosti%2F|title:Zisti%C5%A5%20viac||&#8220; icon_color=&#8220;#ff0000&#8243;]SANAC s. r. o. V\u00e1m odborne vy\u010dist\u00ed vzduchotechniku, stroje, in\u0161tal\u00e1cie, elektroniku a in\u00e9.[\/constructed_icon_text]<\/div><\/div><\/div><div class=\"wpb_column vc_column_container vc_col-sm-3 \"><div class=\"vc_column-inner \"><div class=\"wpb_wrapper\"><\/div><\/div><\/div><\/div>\n<\/section>","protected":false},"excerpt":{"rendered":"Warning: Undefined array key \"rounded\" in \/data\/3\/c\/3c434a5e-ff55-4c03-834c-98f012fefa56\/sanac.sk\/web\/sk\/wp-content\/themes\/constructed\/vc_templates\/vc_row.php on line 42 [constructed_heading title=\"Na\u0161e slu\u017eby\" image=\"9\"][constructed_breadcrumbs items=\"%5B%7B%22title%22%3A%22Hlavn%C3%A1%20str%C3%A1nka%22%2C%22url%22%3A%22http%3A%2F%2Fsanac.sk%22%7D%2C%7B%22title%22%3A%22Na%C5%A1e%20slu%C5%BEby%22%2C%22url%22%3A%22http%3A%2F%2Fsanac.sk%2Fnase-sluzby%2F%22%7D%5D\"][constructed_icon_text style=\"style7\" title=\"San\u00e1cia \u0161k\u00f4d po po\u017eiari\" text=\"Ut vitae eros ipsum. Supeise accumsan eros nunc, et bumagna asso scelerue vitae.\" button=\"url:https%3A%2F%2Fsanac.sk%2Fsk%2Fservices%2Fsanacia-skod-po-poziari%2F|title:Zisti%C5%A5%20viac||\" icon_color=\"#ff0000\" ficon=\"fa fa-fire\"]Len \u010do od\u00eddu hasi\u010di, prich\u00e1dza SANAC s. r. o.. Pr\u00e1ve teraz je d\u00f4le\u017eit\u00e1 ka\u017ed\u00e1 hodina, ve\u010f usadeniny po po\u017eiari [...]","protected":false},"author":4,"featured_media":0,"parent":0,"menu_order":0,"comment_status":"closed","ping_status":"closed","template":"","meta":{"footnotes":""},"aioseo_notices":[],"_links":{"self":[{"href":"https:\/\/sanac.sk\/sk\/wp-json\/wp\/v2\/pages\/190"}],"collection":[{"href":"https:\/\/sanac.sk\/sk\/wp-json\/wp\/v2\/pages"}],"about":[{"href":"https:\/\/sanac.sk\/sk\/wp-json\/wp\/v2\/types\/page"}],"author":[{"embeddable":true,"href":"https:\/\/sanac.sk\/sk\/wp-json\/wp\/v2\/users\/4"}],"replies":[{"embeddable":true,"href":"https:\/\/sanac.sk\/sk\/wp-json\/wp\/v2\/comments?post=190"}],"version-history":[{"count":15,"href":"https:\/\/sanac.sk\/sk\/wp-json\/wp\/v2\/pages\/190\/revisions"}],"predecessor-version":[{"id":1216,"href":"https:\/\/sanac.sk\/sk\/wp-json\/wp\/v2\/pages\/190\/revisions\/1216"}],"wp:attachment":[{"href":"https:\/\/sanac.sk\/sk\/wp-json\/wp\/v2\/media?parent=190"}],"curies":[{"name":"wp","href":"https:\/\/api.w.org\/{rel}","templated":true}]}}