{"id":123,"date":"2016-11-09T11:11:29","date_gmt":"2016-11-09T10:11:29","guid":{"rendered":"http:\/\/viewdemo.co\/constructedwp\/?page_id=123"},"modified":"2026-04-21T00:37:14","modified_gmt":"2026-04-20T22:37:14","slug":"hlavna-stranka","status":"publish","type":"page","link":"https:\/\/sanac.sk\/sk\/","title":{"rendered":"Hlavn\u00e1 str\u00e1nka"},"content":{"rendered":"<section class=\"wpb-content-wrapper\"><p><br \/>\n<b>Warning<\/b>:  Undefined array key \"rounded\" in <b>\/data\/3\/c\/3c434a5e-ff55-4c03-834c-98f012fefa56\/sanac.sk\/web\/sk\/wp-content\/themes\/constructed\/vc_templates\/vc_row.php<\/b> on line <b>42<\/b><br \/>\n<div data-vc-full-width=\"true\" data-vc-full-width-init=\"false\" data-vc-stretch-content=\"true\" class=\"vc_row wpb_row vc_row-fluid vc_row-no-padding \"><div class=\"wpb_column vc_column_container vc_col-sm-12 \"><div class=\"vc_column-inner \"><div class=\"wpb_wrapper\">[constructed_text code=&#8220;JTNDZGl2JTIwY2xhc3MlM0QlMjJ2aWRlby13cmFwcGVyJTIyJTNFJTBBJTIwJTIwJTNDdmlkZW8lMjBhdXRvcGxheSUyMG11dGVkJTIwbG9vcCUyMHBsYXlzaW5saW5lJTNFJTBBJTIwJTIwJTIwJTIwJTNDc291cmNlJTIwc3JjJTNEJTIyaHR0cHMlM0ElMkYlMkZkZXZlbG9wZXIuc2FuYWMuc2slMkZ3cC1jb250ZW50JTJGdXBsb2FkcyUyRjIwMjUlMkYwOSUyRlNhbmFjLVNrcmF0ZW5lLVdlYi5tcDQlMjIlMjB0eXBlJTNEJTIydmlkZW8lMkZtcDQlMjIlM0UlMEElMjAlMjAlMjAlMjBWJUMzJUExJUM1JUExJTIwcHJlaGxpYWRhJUM0JThEJTIwbmVwb2Rwb3J1amUlMjBIVE1MNSUyMHZpZGVvLiUwQSUyMCUyMCUzQyUyRnZpZGVvJTNFJTBBJTIwJTIwJTNDJTIxLS0lMjBTYW1vc3RhdG4lQzMlQkQlMjB0ZXh0JTIwb3ZlcmxheSUyMC0tJTNFJTBBJTIwJTIwJTNDZGl2JTIwY2xhc3MlM0QlMjJ2aWRlby10ZXh0LW92ZXJsYXklMjIlM0UlMEElMjAlMjAlMjAlMjAlM0NkaXYlMjBjbGFzcyUzRCUyMnRleHQtY29udGFpbmVyJTIyJTNFJTBBJTIwJTIwJTIwJTIwJTIwJTIwJTNDaDElM0VUJUMzJUFEbSUyMHByb2Zlc2lvbiVDMyVBMWxvdiUyMG5hJTIwc2FuJUMzJUExY2llJTNDJTJGaDElM0UlMEElMjAlMjAlMjAlMjAlMjAlMjAlM0NwJTNFJTBBJTIwJTIwJTIwJTIwJTIwJTIwJTIwJTIwTSVDMyVBMW1lJTIwdmxhc3RuJUMzJUJEJTIwdCVDMyVBRG0lMjBwcm9mZXNpb24lQzMlQTFsb3YlMkMlMjB0ZWNobmlrb3YlMkMlMjBlbGVrdHJpayVDMyVBMXJvdiUyMGElMjBpbiVDNSVBMXRhbGF0JUMzJUE5cm92JTJDJTNDYnIlM0UlMEElMjAlMjAlMjAlMjAlMjAlMjAlMjAlMjBrdG9yJUMzJUFEJTIwc2ElMjBwb3N0YXJhaiVDMyVCQSUyMG8lMjB2eXJpZSVDNSVBMWVuaWUlMjBWYSVDNSVBMSVDMyVBRGNoJTIwcHJvYmwlQzMlQTltb3YuJTBBJTIwJTIwJTIwJTIwJTIwJTIwJTNDJTJGcCUzRSUwQSUyMCUyMCUyMCUyMCUzQyUyRmRpdiUzRSUwQSUyMCUyMCUzQyUyRmRpdiUzRSUwQSUzQyUyRmRpdiUzRSUwQSUwQSUwQSUzQ3N0eWxlJTNFJTBBLnZpZGVvLXdyYXBwZXIlMjAlN0IlMEElMjAlMjBwb3NpdGlvbiUzQSUyMHJlbGF0aXZlJTNCJTBBJTIwJTIwd2lkdGglM0ElMjAxMDAlMjUlM0IlMEElMjAlMjBoZWlnaHQlM0ElMjA2NXZoJTNCJTIwJTJGJTJBJTIwYWxlYm8lMjAlQzQlOERvJTIwcG90cmVidWplJUM1JUExJTIwJTJBJTJGJTBBJTIwJTIwb3ZlcmZsb3clM0ElMjBoaWRkZW4lM0IlMEElN0QlMEElMEEudmlkZW8td3JhcHBlciUyMHZpZGVvJTIwJTdCJTBBJTIwJTIwcG9zaXRpb24lM0ElMjBhYnNvbHV0ZSUzQiUwQSUyMCUyMHRvcCUzQSUyMDAlM0IlMEElMjAlMjBsZWZ0JTNBJTIwMCUzQiUwQSUyMCUyMHdpZHRoJTNBJTIwMTAwJTI1JTNCJTBBJTIwJTIwaGVpZ2h0JTNBJTIwMTAwJTI1JTNCJTBBJTIwJTIwb2JqZWN0LWZpdCUzQSUyMGNvdmVyJTNCJTBBJTdEJTBBJTBBJTJGJTJBJTIwT3ZlcmxheSUyQyUyMGt0b3IlQzMlQkQlMjBqZSUyMG5hZCUyMHZpZGVvbSUyMCUyQSUyRiUwQS52aWRlby10ZXh0LW92ZXJsYXklMjAlN0IlMEElMjAlMjBwb3NpdGlvbiUzQSUyMGFic29sdXRlJTNCJTBBJTIwJTIwYm90dG9tJTNBJTIwMCUzQiUwQSUyMCUyMHdpZHRoJTNBJTIwMTAwJTI1JTNCJTBBJTIwJTIwYmFja2dyb3VuZCUzQSUyMHJnYmElMjgwJTJDJTIwMCUyQyUyMDAlMkMlMjAwLjQlMjklM0IlMEElMjAlMjB6LWluZGV4JTNBJTIwMiUzQiUwQSUyMCUyMHBhZGRpbmclM0ElMjAxcmVtJTIwMCUzQiUwQSU3RCUwQSUwQS50ZXh0LWNvbnRhaW5lciUyMCU3QiUwQSUyMCUyMG1heC13aWR0aCUzQSUyMDgwMHB4JTNCJTBBJTIwJTIwbWFyZ2luJTNBJTIwMCUyMGF1dG8lM0IlMEElMjAlMjB0ZXh0LWFsaWduJTNBJTIwbGVmdCUzQiUwQSUyMCUyMHBhZGRpbmclM0ElMjAwJTIwMXJlbSUzQiUwQSU3RCUwQSUwQS52aWRlby10ZXh0LW92ZXJsYXklMjBoMSUyMCU3QiUwQSUyMCUyMGZvbnQtc2l6ZSUzQSUyMDEuOHJlbSUzQiUwQSUyMCUyMG1hcmdpbiUzQSUyMDAlMjAwJTIwMC41cmVtJTIwMCUzQiUwQSUyMCUyMGNvbG9yJTNBJTIwd2hpdGUlM0IlMEElN0QlMEElMEEudmlkZW8tdGV4dC1vdmVybGF5JTIwcCUyMCU3QiUwQSUyMCUyMGZvbnQtc2l6ZSUzQSUyMDFyZW0lM0IlMEElMjAlMjBtYXJnaW4lM0ElMjAwJTNCJTBBJTIwJTIwY29sb3IlM0ElMjB3aGl0ZSUzQiUwQSUyMCUyMGxpbmUtaGVpZ2h0JTNBJTIwMS40JTNCJTBBJTdEJTBBJTNDJTJGc3R5bGUlM0U=&#8220;][\/constructed_text]<\/div><\/div><\/div><\/div><div class=\"vc_row-full-width vc_clearfix\"><\/div><div class=\"vc_row wpb_row vc_row-fluid \"><div class=\"wpb_column vc_column_container vc_col-sm-12 \"><div class=\"vc_column-inner \"><div class=\"wpb_wrapper\">[constructed_title title=&#8220;San\u00e1cia \u0161k\u00f4d&#8220; text=&#8220;Pomocn\u00e1 ruka pri poistn\u00fdch udalostiach a \u017eiveln\u00fdch pohrom\u00e1ch&#8220;]<\/div><\/div><\/div><\/div><div data-vc-full-width=\"true\" data-vc-full-width-init=\"false\" class=\"vc_row wpb_row vc_row-fluid vc_row-o-content-middle vc_row-flex \"><div class=\"wpb_column vc_column_container vc_col-sm-3 vc_col-md-3 vc_col-sm-offset-0 vc_col-xs-offset-1 vc_col-xs-10 \"><div class=\"vc_column-inner \"><div class=\"wpb_wrapper\">[constructed_icon_text style=&#8220;style7&#8243; title=&#8220;San\u00e1cia \u0161k\u00f4d po po\u017eiari&#8220; text=&#8220;Ut vitae eros ipsum. Supeise accumsan eros nunc, et bumagna asso scelerue vitae.&#8220; button=&#8220;url:https%3A%2F%2Fsanac.sk%2Fsk%2Fservices%2Fsanacia-skod-po-poziari%2F|title:Zisti%C5%A5%20viac||&#8220; icon_color=&#8220;#ff0000&#8243; ficon=&#8220;fa fa-fire&#8220;]Len \u010do od\u00eddu hasi\u010di, prich\u00e1dza SANAC s. r. o.. Pr\u00e1ve teraz je d\u00f4le\u017eit\u00e1 ka\u017ed\u00e1 hodina, ve\u010f usadeniny po po\u017eiari a hasiaca voda m\u00f4\u017eu sp\u00f4sobi\u0165 \u010fal\u0161ie obrovsk\u00e9 \u0161kody.[\/constructed_icon_text]<\/div><\/div><\/div><div class=\"wpb_column vc_column_container vc_col-sm-3 vc_col-md-3 vc_col-sm-offset-0 vc_col-xs-offset-1 vc_col-xs-10 \"><div class=\"vc_column-inner \"><div class=\"wpb_wrapper\">[constructed_icon_text style=&#8220;style7&#8243; icon_type=&#8220;ticon&#8220; ticon=&#8220;icons8-plumbing&#8220; title=&#8220;San\u00e1cia \u0161k\u00f4d po vode&#8220; text=&#8220;Ut vitae eros ipsum. Supeise accumsan eros nunc, et bumagna asso scelerue vitae.&#8220; button=&#8220;url:https%3A%2F%2Fsanac.sk%2Fsk%2Fservices%2Fsanacia-skod-po-vode%2F|title:Zisti%C5%A5%20viac||&#8220; icon_color=&#8220;#ff0000&#8243;]Aj mal\u00e1 trhlina v kanaliza\u010dnom a vodnom potrub\u00ed m\u00f4\u017ee\u00a0<strong>sp\u00f4sobi\u0165 ve\u013ek\u00e9 po\u0161kodenie.\u00a0<\/strong>Je dobr\u00e9 vedie\u0165, na koho sa m\u00f4\u017eete s d\u00f4verou obr\u00e1ti\u0165.[\/constructed_icon_text]<\/div><\/div><\/div><div class=\"wpb_column vc_column_container vc_col-sm-3 vc_col-md-3 vc_col-sm-offset-0 vc_col-xs-offset-1 vc_col-xs-10 \"><div class=\"vc_column-inner \"><div class=\"wpb_wrapper\">[constructed_icon_text style=&#8220;style7&#8243; icon_type=&#8220;ticon&#8220; ticon=&#8220;icons8-paint-bucket&#8220; title=&#8220;Odstr\u00e1nenie graffiti&#8220; text=&#8220;Ut vitae eros ipsum. Supeise accumsan eros nunc, et bumagna asso scelerue vitae.&#8220; button=&#8220;url:https%3A%2F%2Fsanac.sk%2Fsk%2Fservices%2Fodstranenie-grafitov%2F|title:Zisti%C5%A5%20viac||&#8220; icon_color=&#8220;#ff0000&#8243;]Odstra\u0148ovanie graffiti si vy\u017eaduje \u0161pecializovan\u00e9 n\u00e1stroje a \u010distiace prostriedky, ktor\u00e9 odborn\u00fdm pou\u017eit\u00edm minimalizuj\u00fa po\u0161kodenie zne\u010disten\u00e9ho povrchu.[\/constructed_icon_text]<\/div><\/div><\/div><div class=\"wpb_column vc_column_container vc_col-sm-3 \"><div class=\"vc_column-inner \"><div class=\"wpb_wrapper\">[constructed_icon_text style=&#8220;style7&#8243; icon_type=&#8220;ticon&#8220; ticon=&#8220;icons8-truck&#8220; title=&#8220;San\u00e1cia \u0161k\u00f4d na aut\u00e1ch a strojoch&#8220; text=&#8220;Ut vitae eros ipsum. Supeise accumsan eros nunc, et bumagna asso scelerue vitae.&#8220; button=&#8220;url:https%3A%2F%2Fsanac.sk%2Fsk%2Fservices%2Fsanacia-skod-na-autach-a-strojoch%2F|title:Zisti%C5%A5%20viac||&#8220; icon_color=&#8220;#ff0000&#8243;]Poskytujeme <strong>profesion\u00e1lne \u010distenie povrchov automobilov po\u0161koden\u00fdch farbou<\/strong>\u00a0pr\u00edpadne in\u00fdmi adh\u00e9znymi l\u00e1tkami.[\/constructed_icon_text]<\/div><\/div><\/div><\/div><div class=\"vc_row-full-width vc_clearfix\"><\/div><div class=\"vc_row wpb_row vc_row-fluid vc_row-o-equal-height vc_row-o-content-middle vc_row-flex \"><div class=\"wpb_column vc_column_container vc_col-sm-3 vc_col-md-3 vc_col-sm-offset-0 vc_col-xs-offset-1 vc_col-xs-10 \"><div class=\"vc_column-inner \"><div class=\"wpb_wrapper\">[constructed_icon_text style=&#8220;style7&#8243; icon_type=&#8220;ticon&#8220; ticon=&#8220;icons8-roller-brush&#8220; title=&#8220;Rekon\u0161truk\u010dn\u00e9 pr\u00e1ce&#8220; text=&#8220;Ut vitae eros ipsum. Supeise accumsan eros nunc, et bumagna asso scelerue vitae.&#8220; button=&#8220;url:https%3A%2F%2Fsanac.sk%2Fsk%2Fservices%2Fstavebne-prace%2F|title:Zisti%C5%A5%20viac&#8220; icon_color=&#8220;#ff0000&#8243;]Po\u0161koden\u00e9 omietky, opotrebovan\u00e9 podlahy, dvere, ktor\u00e9 nedoliehaj\u00fa. Obnova nepo\u010dk\u00e1.\u00a0<strong data-start=\"850\" data-end=\"868\">SANAC s. r. o.<\/strong>\u00a0zastre\u0161\u00ed stavebn\u00e9 pr\u00e1ce od ma\u013eovky po fas\u00e1du. R\u00fdchlo, spo\u013eahlivo, bez kompromisov.[\/constructed_icon_text]<\/div><\/div><\/div><div class=\"wpb_column vc_column_container vc_col-sm-3 vc_col-md-3 vc_col-sm-offset-0 vc_col-xs-offset-1 vc_col-xs-10 \"><div class=\"vc_column-inner \"><div class=\"wpb_wrapper\">[constructed_icon_text style=&#8220;style7&#8243; icon_type=&#8220;ticon&#8220; ticon=&#8220;icons8-basement&#8220; title=&#8220;Lokaliz\u00e1cia priesakov&#8220; text=&#8220;Ut vitae eros ipsum. Supeise accumsan eros nunc, et bumagna asso scelerue vitae.&#8220; button=&#8220;url:https%3A%2F%2Fsanac.sk%2Fsk%2Fservices%2Flokalizacia-priesakov%2F|title:Zisti%C5%A5%20viac||&#8220; icon_color=&#8220;#ff0000&#8243;]Sk\u00f4r ne\u017e sa za\u010dne s de\u0161truk\u010dn\u00fdmi met\u00f3dami, treba probl\u00e9m identifikova\u0165 a lokalizova\u0165.[\/constructed_icon_text]<\/div><\/div><\/div><div class=\"wpb_column vc_column_container vc_col-sm-3 \"><div class=\"vc_column-inner \"><div class=\"wpb_wrapper\">[constructed_icon_text style=&#8220;style7&#8243; icon_type=&#8220;ticon&#8220; ticon=&#8220;icons8-construction-worker&#8220; title=&#8220;In\u00e9 \u0161kody a \u0161peci\u00e1lne \u010dinnosti&#8220; text=&#8220;Ut vitae eros ipsum. Supeise accumsan eros nunc, et bumagna asso scelerue vitae.&#8220; button=&#8220;url:https%3A%2F%2Fsanac.sk%2Fsk%2Fservices%2Fine-skody-a-specialne-cinnosti%2F|title:Zisti%C5%A5%20viac||&#8220; icon_color=&#8220;#ff0000&#8243;]SANAC s. r. o. V\u00e1m odborne vy\u010dist\u00ed vzduchotechniku, stroje, in\u0161tal\u00e1cie, elektroniku a in\u00e9.[\/constructed_icon_text]<\/div><\/div><\/div><div class=\"wpb_column vc_column_container vc_col-sm-3 \"><div class=\"vc_column-inner \"><div class=\"wpb_wrapper\">[constructed_icon_text style=&#8220;style7&#8243; title=&#8220;Biohazard&#8220; ficon=&#8220;fa fa-flask&#8220; icon_color=&#8220;#dd3333&#8243; button=&#8220;url:https%3A%2F%2Fsanac.sk%2Fsk%2Fnase-sluzby%2F|title:Biohazard||&#8220;]Biohazard[\/constructed_icon_text]<\/div><\/div><\/div><\/div><div class=\"vc_row wpb_row vc_row-fluid \"><div class=\"wpb_column vc_column_container vc_col-sm-12 \"><div class=\"vc_column-inner \"><div class=\"wpb_wrapper\">[constructed_title title_tag=&#8220;h2&#8243; title=&#8220;Ako pracujeme&#8220; text=&#8220;Rekon\u0161truk\u010dn\u00e9 pr\u00e1ce musia by\u0165 uroben\u00e9 r\u00fdchlo a efekt\u00edvne. Bez zbyto\u010dn\u00fdch odkladov za\u010dneme pracova\u0165 na san\u00e1cii majetku. Finaliz\u00e1ciou je pridan\u00e1 hodnota pre klienta.&#8220;]<\/div><\/div><\/div><\/div><div data-vc-full-width=\"true\" data-vc-full-width-init=\"false\" class=\"vc_row wpb_row vc_row-fluid vc_custom_1478697113607 vc_row-has-fill vc_row-o-equal-height vc_row-flex \"><div class=\"wpb_column vc_column_container vc_col-sm-10 vc_col-md-offset-0 vc_col-md-6 vc_col-sm-offset-1 \"><div class=\"vc_column-inner vc_custom_1478098387703\"><div class=\"wpb_wrapper\">[constructed_icon_text style=&#8220;style6&#8243; icon_type=&#8220;ticon&#8220; ticon=&#8220;icons8-maintenance&#8220; title=&#8220;Profesion\u00e1lne zhodnotenie \u0161k\u00f4d&#8220; text=&#8220;Duis nec risus ac dolor ullamcorper malesuada. Nam quis tortor ipsum. Vestibulum quis lorem tellus finibus suscipit curabitur dapibus sollicitud.&#8220; icon_color=&#8220;#ff0000&#8243;]Sk\u00f4r ne\u017e sa za\u010dne so sana\u010dn\u00fdmi pr\u00e1cami, treba identifikova\u0165 a lokalizova\u0165. v\u0161etky probl\u00e9my a miesta.[\/constructed_icon_text][constructed_icon_text style=&#8220;style6&#8243; icon_type=&#8220;ticon&#8220; ticon=&#8220;icons8-construction-worker&#8220; title=&#8220;Za\u010datie sana\u010dn\u00fdch pr\u00e1c do 48 hod.&#8220; text=&#8220;Duis nec risus ac dolor ullamcorper malesuada. Nam quis tortor ipsum. Vestibulum quis lorem tellus finibus suscipit curabitur dapibus sollicitud.&#8220; icon_color=&#8220;#ff0000&#8243;]Po obhliadke objektu a vykonan\u00ed nevyhnutn\u00fdch opatren\u00ed za\u010d\u00edname so sana\u010dn\u00fdmi pr\u00e1cami najnesk\u00f4r do 48 hod\u00edn.\u00a0Jedna\u0165 r\u00fdchlo znamen\u00e1 minimalizova\u0165 \u0161kody.[\/constructed_icon_text][constructed_icon_text style=&#8220;style6&#8243; icon_type=&#8220;ticon&#8220; ticon=&#8220;icons8-exterior&#8220; title=&#8220;Odovzdanie a pridan\u00e1 hodnota pre klienta&#8220; text=&#8220;Duis nec risus ac dolor ullamcorper malesuada. Nam quis tortor ipsum. Vestibulum quis lorem tellus finibus suscipit curabitur dapibus sollicitud.&#8220; icon_color=&#8220;#ff0000&#8243;]<\/p>\n<div id=\"content\">\n<div class=\"wrapper\">\n<div class=\"service_bottom\">\n<p>Svoju pr\u00e1cu pova\u017eujeme za skon\u010den\u00fa, a\u017e ke\u010f je objekt\u00a0v p\u00f4vodnom stave a na\u0161i z\u00e1kazn\u00edci sa m\u00f4\u017eu vr\u00e1ti\u0165 do norm\u00e1lnych ka\u017edodenn\u00fdch ko\u013eaj\u00ed.<\/p><\/div>\n<\/div>\n<\/div>\n<p>[\/constructed_icon_text]<\/div><\/div><\/div><div class=\"abImage wpb_column vc_column_container vc_col-sm-10 vc_col-md-offset-0 vc_col-md-6 vc_col-sm-offset-1 \"><div class=\"vc_column-inner vc_custom_1478098421342\"><div class=\"wpb_wrapper\">[constructed_banner style=&#8220;style3&#8243; image=&#8220;618&#8243; text=&#8220;Ut non neque sed augue commodo venenatis iaculis ac diam. Cum sociis natoque penatibus et magnis dis part.&#8220; button=&#8220;url:https%3A%2F%2Fsanac.sk%2Fsk%2Fkontakt%2F|title:Kontaktujte%20n%C3%A1s||&#8220;][\/constructed_banner]<\/div><\/div><\/div><\/div><div class=\"vc_row-full-width vc_clearfix\"><\/div><div data-vc-full-width=\"true\" data-vc-full-width-init=\"false\" data-vc-stretch-content=\"true\" class=\"vc_row wpb_row vc_row-fluid vc_custom_1477899085037 vc_row-has-fill vc_row-no-padding \"><div class=\"wpb_column vc_column_container vc_col-sm-12 \"><div class=\"vc_column-inner \"><div class=\"wpb_wrapper\">[constructed_title title_tag=&#8220;h2&#8243; title=&#8220;Na\u0161e realizovan\u00e9 projekty&#8220;]<\/div><\/div><\/div><\/div><div class=\"vc_row-full-width vc_clearfix\"><\/div><div class=\"vc_row wpb_row vc_row-fluid \"><div class=\"wpb_column vc_column_container vc_col-sm-12 \"><div class=\"vc_column-inner vc_custom_1477921281654\"><div class=\"wpb_wrapper\">[constructed_projects item_size=&#8220;3&#8243; cats=&#8220;odstranenie-grafity,sanacia-po-poziari&#8220; limit=&#8220;6&#8243;]<\/div><\/div><\/div><\/div><div data-vc-full-width=\"true\" data-vc-full-width-init=\"false\" class=\"vc_row wpb_row vc_row-fluid vc_custom_1481723441547 vc_row-has-fill \"><div class=\"wpb_column vc_column_container vc_col-sm-12 \"><div class=\"vc_column-inner \"><div class=\"wpb_wrapper\">[constructed_title title_tag=&#8220;h2&#8243; style=&#8220;dark&#8220; title=&#8220;Na\u0161i spokojn\u00ed klienti&#8220; text=&#8220;Na\u0161i spokojn\u00ed klienti n\u00e1s odpor\u00fa\u010daj\u00fa \u010falej&#8220;][constructed_testimonials tax=&#8220;main&#8220; count=&#8220;12&#8243;]<\/div><\/div><\/div><\/div><div class=\"vc_row-full-width vc_clearfix\"><\/div><div data-vc-full-width=\"true\" data-vc-full-width-init=\"false\" data-vc-stretch-content=\"true\" class=\"vc_row wpb_row vc_row-fluid vc_row-no-padding \"><div class=\"wpb_column vc_column_container vc_col-sm-12 \"><div class=\"vc_column-inner \"><div class=\"wpb_wrapper\">[constructed_banner style=&#8220;style4&#8243; image=&#8220;461&#8243; title=&#8220;Sme pripraven\u00ed na spolupr\u00e1cu&#8220; text=&#8220;Integer mattis, orci id laoreet vulputate, urna diam gravida elit, sit amet scelerisque orci dolor id risus.<br \/>\nCras ullamcorper lacus sapien. Vivamus ante magna, congue quis semper quis, ullamcorper et nisi.<br \/>\nAliquam ut scelerisque enim. Ut porta condimentum nisi, eget porttitor lacus mollis id.&#8220; button=&#8220;url:https%3A%2F%2Fsanac.sk%2Fsk%2Fkontakt%2F|title:Kontaktujte%20n%C3%A1s||&#8220; button_color=&#8220;#ff0000&#8243; h_color=&#8220;#ff0000&#8243;]Na\u0161\u00edm cie\u013eom je dod\u00e1va\u0165 pre klienta pridan\u00fa hodnotu. Od profesion\u00e1lne zhodnoten\u00fdch \u0161k\u00f4d a\u017e po odovzdanie objektu v p\u00f4vodnom stave.<\/p>\n<p>M\u00e1te probl\u00e9m? Ozvite sa n\u00e1m, spolu ho vyrie\u0161ime.[\/constructed_banner]<\/div><\/div><\/div><\/div><div class=\"vc_row-full-width vc_clearfix\"><\/div><div class=\"vc_row wpb_row vc_row-fluid \"><div class=\"wpb_column vc_column_container vc_col-sm-12 \"><div class=\"vc_column-inner vc_custom_1477927156049\"><div class=\"wpb_wrapper\">[constructed_logo_slider images=&#8220;380,382,383,385,386,388,389,400&#8243;]<\/div><\/div><\/div><\/div><div class=\"vc_row wpb_row vc_row-fluid \"><div class=\"wpb_column vc_column_container vc_col-sm-12 \"><div class=\"vc_column-inner \"><div class=\"wpb_wrapper\"><\/div><\/div><\/div><\/div>\n<\/section>","protected":false},"excerpt":{"rendered":"[constructed_text code=\"JTNDZGl2JTIwY2xhc3MlM0QlMjJ2aWRlby13cmFwcGVyJTIyJTNFJTBBJTIwJTIwJTNDdmlkZW8lMjBhdXRvcGxheSUyMG11dGVkJTIwbG9vcCUyMHBsYXlzaW5saW5lJTNFJTBBJTIwJTIwJTIwJTIwJTNDc291cmNlJTIwc3JjJTNEJTIyaHR0cHMlM0ElMkYlMkZkZXZlbG9wZXIuc2FuYWMuc2slMkZ3cC1jb250ZW50JTJGdXBsb2FkcyUyRjIwMjUlMkYwOSUyRlNhbmFjLVNrcmF0ZW5lLVdlYi5tcDQlMjIlMjB0eXBlJTNEJTIydmlkZW8lMkZtcDQlMjIlM0UlMEElMjAlMjAlMjAlMjBWJUMzJUExJUM1JUExJTIwcHJlaGxpYWRhJUM0JThEJTIwbmVwb2Rwb3J1amUlMjBIVE1MNSUyMHZpZGVvLiUwQSUyMCUyMCUzQyUyRnZpZGVvJTNFJTBBJTIwJTIwJTNDJTIxLS0lMjBTYW1vc3RhdG4lQzMlQkQlMjB0ZXh0JTIwb3ZlcmxheSUyMC0tJTNFJTBBJTIwJTIwJTNDZGl2JTIwY2xhc3MlM0QlMjJ2aWRlby10ZXh0LW92ZXJsYXklMjIlM0UlMEElMjAlMjAlMjAlMjAlM0NkaXYlMjBjbGFzcyUzRCUyMnRleHQtY29udGFpbmVyJTIyJTNFJTBBJTIwJTIwJTIwJTIwJTIwJTIwJTNDaDElM0VUJUMzJUFEbSUyMHByb2Zlc2lvbiVDMyVBMWxvdiUyMG5hJTIwc2FuJUMzJUExY2llJTNDJTJGaDElM0UlMEElMjAlMjAlMjAlMjAlMjAlMjAlM0NwJTNFJTBBJTIwJTIwJTIwJTIwJTIwJTIwJTIwJTIwTSVDMyVBMW1lJTIwdmxhc3RuJUMzJUJEJTIwdCVDMyVBRG0lMjBwcm9mZXNpb24lQzMlQTFsb3YlMkMlMjB0ZWNobmlrb3YlMkMlMjBlbGVrdHJpayVDMyVBMXJvdiUyMGElMjBpbiVDNSVBMXRhbGF0JUMzJUE5cm92JTJDJTNDYnIlM0UlMEElMjAlMjAlMjAlMjAlMjAlMjAlMjAlMjBrdG9yJUMzJUFEJTIwc2ElMjBwb3N0YXJhaiVDMyVCQSUyMG8lMjB2eXJpZSVDNSVBMWVuaWUlMjBWYSVDNSVBMSVDMyVBRGNoJTIwcHJvYmwlQzMlQTltb3YuJTBBJTIwJTIwJTIwJTIwJTIwJTIwJTNDJTJGcCUzRSUwQSUyMCUyMCUyMCUyMCUzQyUyRmRpdiUzRSUwQSUyMCUyMCUzQyUyRmRpdiUzRSUwQSUzQyUyRmRpdiUzRSUwQSUwQSUwQSUzQ3N0eWxlJTNFJTBBLnZpZGVvLXdyYXBwZXIlMjAlN0IlMEElMjAlMjBwb3NpdGlvbiUzQSUyMHJlbGF0aXZlJTNCJTBBJTIwJTIwd2lkdGglM0ElMjAxMDAlMjUlM0IlMEElMjAlMjBoZWlnaHQlM0ElMjA2NXZoJTNCJTIwJTJGJTJBJTIwYWxlYm8lMjAlQzQlOERvJTIwcG90cmVidWplJUM1JUExJTIwJTJBJTJGJTBBJTIwJTIwb3ZlcmZsb3clM0ElMjBoaWRkZW4lM0IlMEElN0QlMEElMEEudmlkZW8td3JhcHBlciUyMHZpZGVvJTIwJTdCJTBBJTIwJTIwcG9zaXRpb24lM0ElMjBhYnNvbHV0ZSUzQiUwQSUyMCUyMHRvcCUzQSUyMDAlM0IlMEElMjAlMjBsZWZ0JTNBJTIwMCUzQiUwQSUyMCUyMHdpZHRoJTNBJTIwMTAwJTI1JTNCJTBBJTIwJTIwaGVpZ2h0JTNBJTIwMTAwJTI1JTNCJTBBJTIwJTIwb2JqZWN0LWZpdCUzQSUyMGNvdmVyJTNCJTBBJTdEJTBBJTBBJTJGJTJBJTIwT3ZlcmxheSUyQyUyMGt0b3IlQzMlQkQlMjBqZSUyMG5hZCUyMHZpZGVvbSUyMCUyQSUyRiUwQS52aWRlby10ZXh0LW92ZXJsYXklMjAlN0IlMEElMjAlMjBwb3NpdGlvbiUzQSUyMGFic29sdXRlJTNCJTBBJTIwJTIwYm90dG9tJTNBJTIwMCUzQiUwQSUyMCUyMHdpZHRoJTNBJTIwMTAwJTI1JTNCJTBBJTIwJTIwYmFja2dyb3VuZCUzQSUyMHJnYmElMjgwJTJDJTIwMCUyQyUyMDAlMkMlMjAwLjQlMjklM0IlMEElMjAlMjB6LWluZGV4JTNBJTIwMiUzQiUwQSUyMCUyMHBhZGRpbmclM0ElMjAxcmVtJTIwMCUzQiUwQSU3RCUwQSUwQS50ZXh0LWNvbnRhaW5lciUyMCU3QiUwQSUyMCUyMG1heC13aWR0aCUzQSUyMDgwMHB4JTNCJTBBJTIwJTIwbWFyZ2luJTNBJTIwMCUyMGF1dG8lM0IlMEElMjAlMjB0ZXh0LWFsaWduJTNBJTIwbGVmdCUzQiUwQSUyMCUyMHBhZGRpbmclM0ElMjAwJTIwMXJlbSUzQiUwQSU3RCUwQSUwQS52aWRlby10ZXh0LW92ZXJsYXklMjBoMSUyMCU3QiUwQSUyMCUyMGZvbnQtc2l6ZSUzQSUyMDEuOHJlbSUzQiUwQSUyMCUyMG1hcmdpbiUzQSUyMDAlMjAwJTIwMC41cmVtJTIwMCUzQiUwQSUyMCUyMGNvbG9yJTNBJTIwd2hpdGUlM0IlMEElN0QlMEElMEEudmlkZW8tdGV4dC1vdmVybGF5JTIwcCUyMCU3QiUwQSUyMCUyMGZvbnQtc2l6ZSUzQSUyMDFyZW0lM0IlMEElMjAlMjBtYXJnaW4lM0ElMjAwJTNCJTBBJTIwJTIwY29sb3IlM0ElMjB3aGl0ZSUzQiUwQSUyMCUyMGxpbmUtaGVpZ2h0JTNBJTIwMS40JTNCJTBBJTdEJTBBJTNDJTJGc3R5bGUlM0U=\"][\/constructed_text][constructed_title title=\"San\u00e1cia \u0161k\u00f4d\" text=\"Pomocn\u00e1 ruka pri poistn\u00fdch udalostiach a \u017eiveln\u00fdch pohrom\u00e1ch\"][constructed_icon_text style=\"style7\" title=\"San\u00e1cia \u0161k\u00f4d po po\u017eiari\" text=\"Ut vitae eros ipsum. Supeise accumsan eros nunc, et bumagna asso scelerue vitae.\" button=\"url:https%3A%2F%2Fsanac.sk%2Fsk%2Fservices%2Fsanacia-skod-po-poziari%2F|title:Zisti%C5%A5%20viac||\" icon_color=\"#ff0000\" ficon=\"fa fa-fire\"]Len \u010do od\u00eddu hasi\u010di, prich\u00e1dza SANAC s. r. o.. Pr\u00e1ve teraz je d\u00f4le\u017eit\u00e1 ka\u017ed\u00e1 hodina, ve\u010f usadeniny po po\u017eiari a hasiaca voda [...]","protected":false},"author":4,"featured_media":0,"parent":0,"menu_order":0,"comment_status":"closed","ping_status":"closed","template":"","meta":{"footnotes":""},"aioseo_notices":[],"_links":{"self":[{"href":"https:\/\/sanac.sk\/sk\/wp-json\/wp\/v2\/pages\/123"}],"collection":[{"href":"https:\/\/sanac.sk\/sk\/wp-json\/wp\/v2\/pages"}],"about":[{"href":"https:\/\/sanac.sk\/sk\/wp-json\/wp\/v2\/types\/page"}],"author":[{"embeddable":true,"href":"https:\/\/sanac.sk\/sk\/wp-json\/wp\/v2\/users\/4"}],"replies":[{"embeddable":true,"href":"https:\/\/sanac.sk\/sk\/wp-json\/wp\/v2\/comments?post=123"}],"version-history":[{"count":89,"href":"https:\/\/sanac.sk\/sk\/wp-json\/wp\/v2\/pages\/123\/revisions"}],"predecessor-version":[{"id":1223,"href":"https:\/\/sanac.sk\/sk\/wp-json\/wp\/v2\/pages\/123\/revisions\/1223"}],"wp:attachment":[{"href":"https:\/\/sanac.sk\/sk\/wp-json\/wp\/v2\/media?parent=123"}],"curies":[{"name":"wp","href":"https:\/\/api.w.org\/{rel}","templated":true}]}}