{"id":115,"date":"2016-11-09T10:40:08","date_gmt":"2016-11-09T09:40:08","guid":{"rendered":"http:\/\/viewdemo.co\/constructedwp\/?page_id=115"},"modified":"2024-04-05T23:07:40","modified_gmt":"2024-04-05T21:07:40","slug":"kontakt","status":"publish","type":"page","link":"https:\/\/sanac.sk\/sk\/kontakt\/","title":{"rendered":"Kontakt"},"content":{"rendered":"<section class=\"wpb-content-wrapper\"><p><br \/>\n<b>Warning<\/b>:  Undefined array key \"rounded\" in <b>\/data\/3\/c\/3c434a5e-ff55-4c03-834c-98f012fefa56\/sanac.sk\/web\/sk\/wp-content\/themes\/constructed\/vc_templates\/vc_row.php<\/b> on line <b>42<\/b><br \/>\n<div data-vc-full-width=\"true\" data-vc-full-width-init=\"false\" data-vc-stretch-content=\"true\" class=\"vc_row wpb_row vc_row-fluid vc_row-no-padding \"><div class=\"wpb_column vc_column_container vc_col-sm-12 \"><div class=\"vc_column-inner \"><div class=\"wpb_wrapper\">[constructed_heading title=&#8220;Kontaktujte n\u00e1s&#8220; image=&#8220;9&#8243;]<\/div><\/div><\/div><\/div><div class=\"vc_row-full-width vc_clearfix\"><\/div><div data-vc-full-width=\"true\" data-vc-full-width-init=\"false\" class=\"vc_row wpb_row vc_row-fluid vc_custom_1478010381732 vc_row-has-fill \"><div class=\"wpb_column vc_column_container vc_col-sm-12 \"><div class=\"vc_column-inner vc_custom_1478010365856\"><div class=\"wpb_wrapper\">[constructed_breadcrumbs items=&#8220;%5B%7B%22title%22%3A%22Hlavn%C3%A1%20str%C3%A1nka%22%2C%22url%22%3A%22http%3A%2F%2Fsanac.sk%22%7D%2C%7B%22title%22%3A%22Kontakt%22%2C%22url%22%3A%22%2Fkontakt%2F%22%7D%5D&#8220;]<\/div><\/div><\/div><\/div><div class=\"vc_row-full-width vc_clearfix\"><\/div><div class=\"vc_row wpb_row vc_row-fluid \"><div class=\"wpb_column vc_column_container vc_col-sm-6 \"><div class=\"vc_column-inner \"><div class=\"wpb_wrapper\">[constructed_text_block]SANAC, s.r.o.<br \/>\nKop\u010dianska 3752\/82J<br \/>\n851 01\u00a0 Bratislava &#8211; mestsk\u00e1 \u010das\u0165 Petr\u017ealka<\/p>\n<p>Prev\u00e1dzka: (Na uvedenej adrese n\u00e1s n\u00e1jdete)<br \/>\nKop\u010dianska 3752\/82J<br \/>\n851 01\u00a0 Bratislava &#8211; mestsk\u00e1 \u010das\u0165 Petr\u017ealka<\/p>\n<p>I\u010cO: 36 284 602<br \/>\nI\u010c DPH: SK2022160635<br \/>\nDI\u010c: 2022160635<\/p>\n<p>Spolo\u010dnos\u0165 je zap\u00edsan\u00e1 v OR Mestsk\u00e9ho s\u00fadu Bratislava III., oddiel Sro, vlo\u017eka 39723\/B.[\/constructed_text_block]<\/div><\/div><\/div><div class=\"wpb_column vc_column_container vc_col-sm-6 \"><div class=\"vc_column-inner \"><div class=\"wpb_wrapper\"><\/div><\/div><\/div><\/div><div class=\"vc_row wpb_row vc_row-fluid \"><div class=\"wpb_column vc_column_container vc_col-sm-12 \"><div class=\"vc_column-inner vc_custom_1478688397850\"><div class=\"wpb_wrapper\">[constructed_contact_form_tabs][constructed_contact_form_tabs_item contact_form=&#8220;119&#8243; items=&#8220;%5B%7B%22icon_type%22%3A%22ticon%22%2C%22ticon%22%3A%22icons8-phone%22%2C%22title%22%3A%22Zavolajte%20n%C3%A1m%22%2C%22text%22%3A%22%3Cstrong%3E0800%20222%20221%3C%2Fstrong%3E%20%5Cn24%20hod.%20servis%22%7D%2C%7B%22icon_type%22%3A%22ticon%22%2C%22ticon%22%3A%22icons8-message%22%2C%22title%22%3A%22Nap%C3%AD%C5%A1te%20n%C3%A1m%22%2C%22text%22%3A%22%3Cstrong%3Einfo%40sanac.sk%3C%2Fstrong%3E%22%7D%2C%7B%22icon_type%22%3A%22ticon%22%2C%22ticon%22%3A%22icons8-geo-fence%22%2C%22title%22%3A%22Nav%C5%A1t%C3%ADvte%20n%C3%A1s%22%2C%22text%22%3A%22%3Cstrong%3EKop%C4%8Dianska%203752%2F82J%2C%20851%2001%20%20Bratislava%3C%2Fstrong%3E%22%7D%5D&#8220; title=&#8220;Kontaktn\u00fd formul\u00e1r&#8220; tab=&#8220;Kontakty&#8220;][\/constructed_contact_form_tabs]<\/div><\/div><\/div><\/div>\n<\/section>","protected":false},"excerpt":{"rendered":"Warning: Undefined array key \"rounded\" in \/data\/3\/c\/3c434a5e-ff55-4c03-834c-98f012fefa56\/sanac.sk\/web\/sk\/wp-content\/themes\/constructed\/vc_templates\/vc_row.php on line 42 [constructed_heading title=\"Kontaktujte n\u00e1s\" image=\"9\"][constructed_breadcrumbs items=\"%5B%7B%22title%22%3A%22Hlavn%C3%A1%20str%C3%A1nka%22%2C%22url%22%3A%22http%3A%2F%2Fsanac.sk%22%7D%2C%7B%22title%22%3A%22Kontakt%22%2C%22url%22%3A%22%2Fkontakt%2F%22%7D%5D\"][constructed_text_block]SANAC, s.r.o. Kop\u010dianska 3752\/82J 851 01\u00a0 Bratislava - mestsk\u00e1 \u010das\u0165 Petr\u017ealka Prev\u00e1dzka: (Na uvedenej adrese n\u00e1s n\u00e1jdete) Kop\u010dianska 3752\/82J 851 01\u00a0 Bratislava - mestsk\u00e1 \u010das\u0165 Petr\u017ealka I\u010cO: 36 284 602 I\u010c DPH: SK2022160635 DI\u010c: 2022160635 Spolo\u010dnos\u0165 je zap\u00edsan\u00e1 v OR Mestsk\u00e9ho [...]","protected":false},"author":4,"featured_media":0,"parent":0,"menu_order":0,"comment_status":"closed","ping_status":"closed","template":"","meta":{"footnotes":""},"aioseo_notices":[],"_links":{"self":[{"href":"https:\/\/sanac.sk\/sk\/wp-json\/wp\/v2\/pages\/115"}],"collection":[{"href":"https:\/\/sanac.sk\/sk\/wp-json\/wp\/v2\/pages"}],"about":[{"href":"https:\/\/sanac.sk\/sk\/wp-json\/wp\/v2\/types\/page"}],"author":[{"embeddable":true,"href":"https:\/\/sanac.sk\/sk\/wp-json\/wp\/v2\/users\/4"}],"replies":[{"embeddable":true,"href":"https:\/\/sanac.sk\/sk\/wp-json\/wp\/v2\/comments?post=115"}],"version-history":[{"count":24,"href":"https:\/\/sanac.sk\/sk\/wp-json\/wp\/v2\/pages\/115\/revisions"}],"predecessor-version":[{"id":1059,"href":"https:\/\/sanac.sk\/sk\/wp-json\/wp\/v2\/pages\/115\/revisions\/1059"}],"wp:attachment":[{"href":"https:\/\/sanac.sk\/sk\/wp-json\/wp\/v2\/media?parent=115"}],"curies":[{"name":"wp","href":"https:\/\/api.w.org\/{rel}","templated":true}]}}