{"id":102,"date":"2016-11-09T09:59:42","date_gmt":"2016-11-09T08:59:42","guid":{"rendered":"http:\/\/viewdemo.co\/constructedwp\/?page_id=102"},"modified":"2024-04-05T23:08:30","modified_gmt":"2024-04-05T21:08:30","slug":"kariera","status":"publish","type":"page","link":"https:\/\/sanac.sk\/sk\/kariera\/","title":{"rendered":"Kari\u00e9ra"},"content":{"rendered":"<section class=\"wpb-content-wrapper\"><p><br \/>\n<b>Warning<\/b>:  Undefined array key \"rounded\" in <b>\/data\/3\/c\/3c434a5e-ff55-4c03-834c-98f012fefa56\/sanac.sk\/web\/sk\/wp-content\/themes\/constructed\/vc_templates\/vc_row.php<\/b> on line <b>42<\/b><br \/>\n<div data-vc-full-width=\"true\" data-vc-full-width-init=\"false\" data-vc-stretch-content=\"true\" class=\"vc_row wpb_row vc_row-fluid vc_row-no-padding \"><div class=\"wpb_column vc_column_container vc_col-sm-12 \"><div class=\"vc_column-inner \"><div class=\"wpb_wrapper\">[constructed_heading title=&#8220;Kari\u00e9ra v SANAC s. r. o.&#8220; image=&#8220;9&#8243;]<\/div><\/div><\/div><\/div><div class=\"vc_row-full-width vc_clearfix\"><\/div><div data-vc-full-width=\"true\" data-vc-full-width-init=\"false\" class=\"vc_row wpb_row vc_row-fluid vc_custom_1478685556509 vc_row-has-fill \"><div class=\"wpb_column vc_column_container vc_col-sm-12 \"><div class=\"vc_column-inner vc_custom_1478685580768\"><div class=\"wpb_wrapper\">[constructed_breadcrumbs items=&#8220;%5B%7B%22title%22%3A%22Hlavn%C3%A1%20str%C3%A1nka%22%2C%22url%22%3A%22%23%22%7D%2C%7B%22title%22%3A%22Kari%C3%A9ra%22%2C%22url%22%3A%22%23%22%7D%5D&#8220;]<\/div><\/div><\/div><\/div><div class=\"vc_row-full-width vc_clearfix\"><\/div><div class=\"vc_row wpb_row vc_row-fluid \"><div class=\"wpb_column vc_column_container vc_col-sm-12 \"><div class=\"vc_column-inner \"><div class=\"wpb_wrapper\"><div class=\"vc_empty_space\"   style=\"height: 32px\"><span class=\"vc_empty_space_inner\"><\/span><\/div><\/div><\/div><\/div><\/div><div class=\"vc_row wpb_row vc_row-fluid \"><div class=\"wpb_column vc_column_container vc_col-sm-10 vc_col-md-offset-0 vc_col-md-3 vc_col-sm-offset-1 vc_col-xs-offset-1 vc_col-xs-10 vc_col-has-fill \"><div class=\"vc_column-inner vc_custom_1478158829762\"><div class=\"wpb_wrapper\">[constructed_text_block style=&#8220;style2&#8243; title_tag=&#8220;h3&#8243; css=&#8220;.vc_custom_1500532498586{margin-bottom: 15px !important;}&#8220;]Pre\u010do pracova\u0165 pre n\u00e1s?[\/constructed_text_block][constructed_icon_text style=&#8220;style8&#8243; icon_type=&#8220;ticon&#8220; ticon=&#8220;icons8-worker&#8220; title=&#8220;Pr\u00edjemn\u00e9 pracovn\u00e9 prostredie&#8220; text=&#8220;Ut vitae eros ipsum. Supeise accumsan eros nunc, et bum magna asso scelerue vitae.&#8220; icon_color=&#8220;#ff0000&#8243; button=&#8220;url:%2Fsk%2Fo-nas%2F|title:Viac%20o%20n%C3%A1s&#8230;||&#8220; css=&#8220;.vc_custom_1500537068728{border-top-width: 1px !important;border-right-width: 1px !important;border-left-width: 1px !important;border-left-color: #e9e9e9 !important;border-left-style: solid !important;border-right-color: #e9e9e9 !important;border-right-style: solid !important;border-top-color: #e9e9e9 !important;border-top-style: solid !important;}&#8220;][\/constructed_icon_text][constructed_icon_text style=&#8220;style8&#8243; icon_type=&#8220;ticon&#8220; ticon=&#8220;icons8-basketball&#8220; title=&#8220;Spolo\u010dn\u00e9 teambuildingy&#8220; text=&#8220;Ut vitae eros ipsum. Supeise accumsan eros nunc, et bum magna asso scelerue vitae.&#8220; icon_color=&#8220;#ff0000&#8243; button=&#8220;url:%2Fsk%2Fo-nas%2F|title:Viac%20o%20n%C3%A1s&#8230;||&#8220; css=&#8220;.vc_custom_1500537102262{border-right-width: 1px !important;border-left-width: 1px !important;border-left-color: #e9e9e9 !important;border-left-style: solid !important;border-right-color: #e9e9e9 !important;border-right-style: solid !important;}&#8220;][\/constructed_icon_text][constructed_icon_text style=&#8220;style8&#8243; icon_type=&#8220;ticon&#8220; ticon=&#8220;icons8-permanent-job&#8220; title=&#8220;Odbornos\u0165 a profesionalita&#8220; text=&#8220;Ut vitae eros ipsum. Supeise accumsan eros nunc, et bum magna asso scelerue vitae.&#8220; icon_color=&#8220;#ff0000&#8243; button=&#8220;url:%2Fsk%2Fo-nas%2F|title:Viac%20o%20n%C3%A1s&#8230;||&#8220; css=&#8220;.vc_custom_1500537141308{border-right-width: 1px !important;border-bottom-width: 1px !important;border-left-width: 1px !important;border-left-color: #e9e9e9 !important;border-left-style: solid !important;border-right-color: #e9e9e9 !important;border-right-style: solid !important;border-bottom-color: #e9e9e9 !important;border-bottom-style: solid !important;}&#8220;][\/constructed_icon_text]<\/div><\/div><\/div><div class=\"wpb_column vc_column_container vc_col-sm-10 vc_col-md-offset-0 vc_col-md-9 vc_col-sm-offset-1 vc_col-xs-offset-1 vc_col-xs-10 \"><div class=\"vc_column-inner \"><div class=\"wpb_wrapper\">[constructed_text_block style=&#8220;style2&#8243;]<\/p>\n<h3>Moment\u00e1lne h\u013ead\u00e1me<\/h3>\n<p>[\/constructed_text_block]<div class=\"vc_empty_space\"   style=\"height: 32px\"><span class=\"vc_empty_space_inner\"><\/span><\/div>[constructed_text_block]<\/p>\n<h3>In\u0161talat\u00e9r \/ Sana\u010dn\u00fd pracovn\u00edk<\/h3>\n<p><strong>N\u00e1pl\u0148 pr\u00e1ce, pr\u00e1vomoci a zodpovednosti<\/strong><\/p>\n<ul>\n<li>in\u0161talat\u00e9rske pr\u00e1ce &#8211; voda, plyn, k\u00farenie<\/li>\n<li>v\u0161etky pr\u00e1ce s\u00favisiace s realiz\u00e1ciou stavieb<\/li>\n<li>san\u00e1cia objektov po po\u017eiaroch a \u0161kod\u00e1ch sp\u00f4soben\u00fdch vodou \u0161peci\u00e1lnymi technol\u00f3giami<\/li>\n<li>koordin\u00e1cia, zodpovednos\u0165 za kolekt\u00edv \u013eud\u00ed<\/li>\n<li>\u010fal\u0161ie pr\u00e1ce pod\u013ea pokynov nadriaden\u00e9ho<\/li>\n<\/ul>\n<p><strong>Zamestnaneck\u00e9 v\u00fdhody, benefity<\/strong><\/p>\n<ul>\n<li>slu\u017eobn\u00e9 auto<\/li>\n<li>slu\u017eobn\u00fd telef\u00f3n<\/li>\n<li>13. plat<\/li>\n<\/ul>\n<p><strong>Inform\u00e1cie o v\u00fdberovom konan\u00ed<\/strong><\/p>\n<p>V\u00fdberov\u00e9 konanie prebehne formou osobn\u00e9ho pohovoru.<\/p>\n<p><strong>Po\u017eiadavky na zamestnanca:<\/strong><\/p>\n<p><strong>Poz\u00edcii vyhovuj\u00fa uch\u00e1dza\u010di so vzdelan\u00edm<\/strong><\/p>\n<ul>\n<li>stredo\u0161kolsk\u00e9 bez maturity<\/li>\n<li>stredo\u0161kolsk\u00e9 s maturitou<\/li>\n<\/ul>\n<p><strong>Vzdelanie v odbore<\/strong><\/p>\n<ul>\n<li>stavebn\u00edctvo<\/li>\n<\/ul>\n<p><strong>Jazykov\u00e9 znalosti<\/strong><\/p>\n<ul>\n<li>Nemeck\u00fd jazyk &#8211; Za\u010diato\u010dn\u00edk (A2) alebo Anglick\u00fd jazyk &#8211; Za\u010diato\u010dn\u00edk (A2)<\/li>\n<\/ul>\n<p><strong>Vodi\u010dsk\u00fd preukaz<\/strong><\/p>\n<ul>\n<li>B<\/li>\n<\/ul>\n<p><strong>Prax na poz\u00edcii\/v oblasti<\/strong><\/p>\n<ul>\n<li>Nutn\u00e1 prax v danej oblasti<\/li>\n<\/ul>\n<p><strong>Po\u010det rokov praxe<\/strong><\/p>\n<ul>\n<li>2<\/li>\n<\/ul>\n<p><strong>Osobnostn\u00e9 predpoklady a zru\u010dnosti<\/strong><\/p>\n<ul>\n<li>samostatnos\u0165, zodpovednos\u0165, komunikat\u00edvnos\u0165, v\u0161eobecn\u00e1 technick\u00e1 zru\u010dnos\u0165<\/li>\n<li>bezprobl\u00e9mov\u00e1 pr\u00e1ca v kolekt\u00edve<\/li>\n<li>zmysel pre detail<\/li>\n<\/ul>\n<p>[\/constructed_text_block]<div class=\"vc_empty_space\"   style=\"height: 32px\"><span class=\"vc_empty_space_inner\"><\/span><\/div>[constructed_text_block]<\/p>\n<h3>Projektov\u00fd mana\u017e\u00e9r<\/h3>\n<p><strong>N\u00e1pl\u0148 pr\u00e1ce, pr\u00e1vomoci a zodpovednosti<\/strong><\/p>\n<ul>\n<li>obhliadky objektov v ter\u00e9ne<\/li>\n<li>tvorba cenov\u00fdch pon\u00fak<\/li>\n<li>komunik\u00e1cia s klientmi, pois\u0165ov\u0148ami a subdod\u00e1vate\u013emi<\/li>\n<li>akt\u00edvne riadenie projektu, zodpovednos\u0165 za naplnenie finan\u010dn\u00e9ho pl\u00e1nu projektu<\/li>\n<li>administrat\u00edvna agenda<\/li>\n<li>vedenie kolekt\u00edvu a zodpovednos\u0165 za zamestnancov<\/li>\n<li>slu\u017eobn\u00e9 cesty v r\u00e1mci SR<\/li>\n<li>pr\u00e1ca v programoch CENKROS, ODIS, MS OFFICE, AutoCad, Adobe &#8230;<\/li>\n<\/ul>\n<p><strong>Zamestnaneck\u00e9 v\u00fdhody, benefity<\/strong><\/p>\n<ul>\n<li>slu\u017eobn\u00e9 auto aj na s\u00fakromn\u00e9 \u00fa\u010dely<\/li>\n<li>slu\u017eobn\u00fd telef\u00f3n<\/li>\n<li>13. plat<\/li>\n<\/ul>\n<p><strong>Inform\u00e1cie o v\u00fdberovom konan\u00ed<\/strong><\/p>\n<ul>\n<li>Zauj\u00edmav\u00e9 finan\u010dn\u00e9 ohodnotenie<\/li>\n<li>Pr\u00e1ca nad\u010das &#8211; mo\u017enos\u0165 vybra\u0165 n\u00e1hradn\u00e9 vo\u013eno<\/li>\n<li>Flexibilita<\/li>\n<li>Dochv\u00ed\u013enos\u0165<\/li>\n<li>Zmysel pre detail<\/li>\n<li>Sk\u00fasenosti s veden\u00edm kolekt\u00edvu<\/li>\n<li>Akt\u00edvny \u0161of\u00e9r<\/li>\n<\/ul>\n<p><strong>Po\u017eiadavky na zamestnanca:<\/strong><\/p>\n<p><strong>Poz\u00edcii vyhovuj\u00fa uch\u00e1dza\u010di so vzdelan\u00edm<\/strong><\/p>\n<ul>\n<li>stredo\u0161kolsk\u00e9 s maturitou<\/li>\n<li>vysoko\u0161kolsk\u00e9 I. stup\u0148a<\/li>\n<li>vysoko\u0161kolsk\u00e9 II. stup\u0148a<\/li>\n<\/ul>\n<p><strong>Vzdelanie v odbore<\/strong><\/p>\n<ul>\n<li>\n<div class=\"details-desc\">Stavebn\u00e9 zameranie<\/div>\n<\/li>\n<\/ul>\n<p><strong>Jazykov\u00e9 znalosti<\/strong><\/p>\n<ul>\n<li>\n<div class=\"details-desc\">Anglick\u00fd jazyk &#8211; Mierne pokro\u010dil\u00fd (B1)\u00a0<strong>alebo<\/strong>\u00a0Nemeck\u00fd jazyk &#8211; Mierne pokro\u010dil\u00fd (B1)<\/div>\n<\/li>\n<\/ul>\n<p><strong>Ostatn\u00e9 znalosti<\/strong><\/p>\n<ul>\n<li>Microsoft Excel &#8211; Pokro\u010dil\u00fd<\/li>\n<li>Microsoft Outlook &#8211; Pokro\u010dil\u00fd<\/li>\n<li>Microsoft PowerPoint &#8211; Pokro\u010dil\u00fd<\/li>\n<li>Microsoft Word &#8211; Pokro\u010dil\u00fd<\/li>\n<li>AutoCAD &#8211; Z\u00e1klady<\/li>\n<li>Adobe Photoshop &#8211; Z\u00e1klady<\/li>\n<li>CENKROS &#8211; Pokro\u010dil\u00fd<\/li>\n<\/ul>\n<p><strong>Vodi\u010dsk\u00fd preukaz<\/strong><\/p>\n<ul>\n<li>B<\/li>\n<\/ul>\n<p><strong>Po\u010det rokov praxe<\/strong><\/p>\n<ul>\n<li>2<\/li>\n<\/ul>\n<p><strong>Osobnostn\u00e9 predpoklady a zru\u010dnosti<\/strong><\/p>\n<ul>\n<li>Sk\u00fasenosti s projekciou, riaden\u00edm kolekt\u00edvu, tvorbou cenov\u00fdch pon\u00fak, stavebn\u00e1 \u010dinnos\u0165.<\/li>\n<li>Zv\u00fdhodnen\u00ed bud\u00fa uch\u00e1dza\u010di so znalos\u0165ou programov CENKROS a ODIS.<\/li>\n<\/ul>\n<p>[\/constructed_text_block]<\/div><\/div><\/div><\/div>\n<\/section>","protected":false},"excerpt":{"rendered":"Warning: Undefined array key \"rounded\" in \/data\/3\/c\/3c434a5e-ff55-4c03-834c-98f012fefa56\/sanac.sk\/web\/sk\/wp-content\/themes\/constructed\/vc_templates\/vc_row.php on line 42 [constructed_heading title=\"Kari\u00e9ra v SANAC s. r. o.\" image=\"9\"][constructed_breadcrumbs items=\"%5B%7B%22title%22%3A%22Hlavn%C3%A1%20str%C3%A1nka%22%2C%22url%22%3A%22%23%22%7D%2C%7B%22title%22%3A%22Kari%C3%A9ra%22%2C%22url%22%3A%22%23%22%7D%5D\"][constructed_text_block style=\"style2\" title_tag=\"h3\" css=\".vc_custom_1500532498586{margin-bottom: 15px !important;}\"]Pre\u010do pracova\u0165 pre n\u00e1s?[\/constructed_text_block][constructed_icon_text style=\"style8\" icon_type=\"ticon\" ticon=\"icons8-worker\" title=\"Pr\u00edjemn\u00e9 pracovn\u00e9 prostredie\" text=\"Ut vitae eros ipsum. Supeise accumsan eros nunc, et bum magna asso scelerue vitae.\" icon_color=\"#ff0000\" button=\"url:%2Fsk%2Fo-nas%2F|title:Viac%20o%20n%C3%A1s...||\" css=\".vc_custom_1500537068728{border-top-width: 1px !important;border-right-width: 1px !important;border-left-width: 1px [...]","protected":false},"author":4,"featured_media":0,"parent":0,"menu_order":0,"comment_status":"closed","ping_status":"closed","template":"","meta":{"footnotes":""},"aioseo_notices":[],"_links":{"self":[{"href":"https:\/\/sanac.sk\/sk\/wp-json\/wp\/v2\/pages\/102"}],"collection":[{"href":"https:\/\/sanac.sk\/sk\/wp-json\/wp\/v2\/pages"}],"about":[{"href":"https:\/\/sanac.sk\/sk\/wp-json\/wp\/v2\/types\/page"}],"author":[{"embeddable":true,"href":"https:\/\/sanac.sk\/sk\/wp-json\/wp\/v2\/users\/4"}],"replies":[{"embeddable":true,"href":"https:\/\/sanac.sk\/sk\/wp-json\/wp\/v2\/comments?post=102"}],"version-history":[{"count":33,"href":"https:\/\/sanac.sk\/sk\/wp-json\/wp\/v2\/pages\/102\/revisions"}],"predecessor-version":[{"id":979,"href":"https:\/\/sanac.sk\/sk\/wp-json\/wp\/v2\/pages\/102\/revisions\/979"}],"wp:attachment":[{"href":"https:\/\/sanac.sk\/sk\/wp-json\/wp\/v2\/media?parent=102"}],"curies":[{"name":"wp","href":"https:\/\/api.w.org\/{rel}","templated":true}]}}