{"id":582,"date":"2017-07-19T14:47:58","date_gmt":"2017-07-19T12:47:58","guid":{"rendered":"http:\/\/sanac.sk\/?page_id=582"},"modified":"2019-07-25T15:06:06","modified_gmt":"2019-07-25T13:06:06","slug":"referencie","status":"publish","type":"page","link":"https:\/\/sanac.sk\/en\/referencie\/","title":{"rendered":"Our references"},"content":{"rendered":"<section class=\"wpb-content-wrapper\"><p><br \/>\n<b>Warning<\/b>:  Undefined array key \"rounded\" in <b>\/data\/3\/c\/3c434a5e-ff55-4c03-834c-98f012fefa56\/sanac.sk\/web\/en\/wp-content\/themes\/constructed\/vc_templates\/vc_row.php<\/b> on line <b>42<\/b><br \/>\n<div data-vc-full-width=\"true\" data-vc-full-width-init=\"false\" data-vc-stretch-content=\"true\" class=\"vc_row wpb_row vc_row-fluid vc_row-no-padding \"><div class=\"wpb_column vc_column_container vc_col-sm-12 \"><div class=\"vc_column-inner \"><div class=\"wpb_wrapper\">[constructed_heading title=&#8221;Our satisfied clients&#8221; image=&#8221;9&#8243;]<\/div><\/div><\/div><\/div><div class=\"vc_row-full-width vc_clearfix\"><\/div><div data-vc-full-width=\"true\" data-vc-full-width-init=\"false\" class=\"vc_row wpb_row vc_row-fluid vc_custom_1478685556509 vc_row-has-fill \"><div class=\"wpb_column vc_column_container vc_col-sm-12 \"><div class=\"vc_column-inner vc_custom_1478685580768\"><div class=\"wpb_wrapper\">[constructed_breadcrumbs items=&#8221;%5B%7B%22title%22%3A%22Homepage%22%2C%22url%22%3A%22https%3A%2F%2Fwww.sanac.sk%2Fen%2F%22%7D%2C%7B%22title%22%3A%22References%22%2C%22url%22%3A%22https%3A%2F%2Fwww.sanac.sk%2Fen%2Freferencie%2F%22%7D%5D&#8221;]<\/div><\/div><\/div><\/div><div class=\"vc_row-full-width vc_clearfix\"><\/div><div class=\"vc_row wpb_row vc_row-fluid \"><div class=\"wpb_column vc_column_container vc_col-sm-12 \"><div class=\"vc_column-inner \"><div class=\"wpb_wrapper\"><div class=\"vc_empty_space\"   style=\"height: 64px\"><span class=\"vc_empty_space_inner\"><\/span><\/div><\/div><\/div><\/div><\/div><div class=\"vc_row wpb_row vc_row-fluid \"><div class=\"wpb_column vc_column_container vc_col-sm-3 \"><div class=\"vc_column-inner \"><div class=\"wpb_wrapper\">\n\t<div  class=\"wpb_single_image wpb_content_element vc_align_center\">\n\t\t\n\t\t<figure class=\"wpb_wrapper vc_figure\">\n\t\t\t<div class=\"vc_single_image-wrapper   vc_box_border_grey\"><img width=\"90\" height=\"90\" src=\"https:\/\/sanac.sk\/en\/wp-content\/uploads\/2016\/12\/harmonia.png\" class=\"vc_single_image-img attachment-full\" alt=\"\" decoding=\"async\" title=\"harmonia\" loading=\"lazy\" \/><\/div>\n\t\t<\/figure>\n\t<\/div>\n<\/div><\/div><\/div><div class=\"wpb_column vc_column_container vc_col-sm-6 \"><div class=\"vc_column-inner \"><div class=\"wpb_wrapper\">[constructed_text_block title_tag=&#8221;h3&#8243; title=&#8221;Harm\u00f3nia Social Service Facility&#8221;]The renovation and reconstruction work were carried out quickly and professionally. The employees of the company were cooperative and considerate as they worked in conditions that are specific to social service facilities.<\/p>\n<p><em>Ing. M\u00e1ria Dunajov\u00e1<br \/>\nDirector of the facility<br \/>\n<\/em>[\/constructed_text_block]<\/div><\/div><\/div><div class=\"wpb_column vc_column_container vc_col-sm-3 \"><div class=\"vc_column-inner \"><div class=\"wpb_wrapper\">[constructed_download title=&#8221;See the full reference&#8221; link=&#8221;https:\/\/sanac.sk\/en\/wp-content\/uploads\/2017\/07\/harmonia.pdf&#8221; ficon=&#8221;fa fa-file-pdf-o&#8221;]<\/div><\/div><\/div><\/div><div class=\"vc_row wpb_row vc_row-fluid \"><div class=\"wpb_column vc_column_container vc_col-sm-12 \"><div class=\"vc_column-inner \"><div class=\"wpb_wrapper\"><div class=\"vc_empty_space\"   style=\"height: 64px\"><span class=\"vc_empty_space_inner\"><\/span><\/div><\/div><\/div><\/div><\/div><div class=\"vc_row wpb_row vc_row-fluid \"><div class=\"wpb_column vc_column_container vc_col-sm-3 \"><div class=\"vc_column-inner \"><div class=\"wpb_wrapper\">\n\t<div  class=\"wpb_single_image wpb_content_element vc_align_center\">\n\t\t\n\t\t<figure class=\"wpb_wrapper vc_figure\">\n\t\t\t<div class=\"vc_single_image-wrapper   vc_box_border_grey\"><img width=\"90\" height=\"90\" src=\"https:\/\/sanac.sk\/en\/wp-content\/uploads\/2016\/12\/okresny-sud.png\" class=\"vc_single_image-img attachment-full\" alt=\"\" decoding=\"async\" title=\"okresny-sud\" loading=\"lazy\" \/><\/div>\n\t\t<\/figure>\n\t<\/div>\n<\/div><\/div><\/div><div class=\"wpb_column vc_column_container vc_col-sm-6 \"><div class=\"vc_column-inner \"><div class=\"wpb_wrapper\">[constructed_text_block title_tag=&#8221;h3&#8243; title=&#8221;District Court Pova\u017esk\u00e1 Bystrica&#8221;]The customer &#8211; the District Court Pova\u017esk\u00e1 Bystrica was very satisfied with the work performed, and we recommend SANAC s. r. o. to everyone who needs a professional intervention to deal with the consequences of a fire.<\/p>\n<p><em>JUDr. Milena Z\u00e1hradov\u00e1<br \/>\nDirector of the court administration<\/em>[\/constructed_text_block]<\/div><\/div><\/div><div class=\"wpb_column vc_column_container vc_col-sm-3 \"><div class=\"vc_column-inner \"><div class=\"wpb_wrapper\">[constructed_download title=&#8221;See the full reference&#8221; link=&#8221;https:\/\/sanac.sk\/en\/wp-content\/uploads\/2017\/07\/okresny-sud.pdf&#8221; ficon=&#8221;fa fa-file-pdf-o&#8221;]<\/div><\/div><\/div><\/div><div class=\"vc_row wpb_row vc_row-fluid \"><div class=\"wpb_column vc_column_container vc_col-sm-12 \"><div class=\"vc_column-inner \"><div class=\"wpb_wrapper\"><div class=\"vc_empty_space\"   style=\"height: 64px\"><span class=\"vc_empty_space_inner\"><\/span><\/div><\/div><\/div><\/div><\/div><div class=\"vc_row wpb_row vc_row-fluid \"><div class=\"wpb_column vc_column_container vc_col-sm-3 \"><div class=\"vc_column-inner \"><div class=\"wpb_wrapper\">\n\t<div  class=\"wpb_single_image wpb_content_element vc_align_center\">\n\t\t\n\t\t<figure class=\"wpb_wrapper vc_figure\">\n\t\t\t<div class=\"vc_single_image-wrapper   vc_box_border_grey\"><img width=\"90\" height=\"90\" src=\"https:\/\/sanac.sk\/en\/wp-content\/uploads\/2016\/12\/auparka.png\" class=\"vc_single_image-img attachment-full\" alt=\"\" decoding=\"async\" title=\"auparka\" loading=\"lazy\" \/><\/div>\n\t\t<\/figure>\n\t<\/div>\n<\/div><\/div><\/div><div class=\"wpb_column vc_column_container vc_col-sm-6 \"><div class=\"vc_column-inner \"><div class=\"wpb_wrapper\">[constructed_text_block title_tag=&#8221;h3&#8243; title=&#8221;Aupark, a.s. \/ Rodamco Central Europe B.V., Bratislava&#8221;]Thanks to the fast and professional intervention of SANAC s. r. o. , the restoration after fire was smooth and without restrictions in the operation of the business center, SANAC s. r. o. employees were able to organize and perform the work very professionally. Based on the above stated facts, I can further recommend SANAC, s. r. o.  at any time.<\/p>\n<p><em>Michal Antal<br \/>\nProperty Maintenence, Purchasing &amp; Sustainability Manager<br \/>\n<\/em>[\/constructed_text_block]<\/div><\/div><\/div><div class=\"wpb_column vc_column_container vc_col-sm-3 \"><div class=\"vc_column-inner \"><div class=\"wpb_wrapper\">[constructed_download title=&#8221;See the full reference&#8221; link=&#8221;https:\/\/sanac.sk\/en\/wp-content\/uploads\/2017\/07\/aupark.pdf&#8221; ficon=&#8221;fa fa-file-pdf-o&#8221;]<\/div><\/div><\/div><\/div><div class=\"vc_row wpb_row vc_row-fluid \"><div class=\"wpb_column vc_column_container vc_col-sm-12 \"><div class=\"vc_column-inner \"><div class=\"wpb_wrapper\"><div class=\"vc_empty_space\"   style=\"height: 64px\"><span class=\"vc_empty_space_inner\"><\/span><\/div><\/div><\/div><\/div><\/div><div class=\"vc_row wpb_row vc_row-fluid \"><div class=\"wpb_column vc_column_container vc_col-sm-3 \"><div class=\"vc_column-inner \"><div class=\"wpb_wrapper\">\n\t<div  class=\"wpb_single_image wpb_content_element vc_align_center\">\n\t\t\n\t\t<figure class=\"wpb_wrapper vc_figure\">\n\t\t\t<div class=\"vc_single_image-wrapper   vc_box_border_grey\"><img width=\"90\" height=\"90\" src=\"https:\/\/sanac.sk\/en\/wp-content\/uploads\/2016\/12\/etp.png\" class=\"vc_single_image-img attachment-full\" alt=\"\" decoding=\"async\" title=\"etp\" loading=\"lazy\" \/><\/div>\n\t\t<\/figure>\n\t<\/div>\n<\/div><\/div><\/div><div class=\"wpb_column vc_column_container vc_col-sm-6 \"><div class=\"vc_column-inner \"><div class=\"wpb_wrapper\">[constructed_text_block title_tag=&#8221;h3&#8243; title=&#8221;EPT Management budov, s.r.o., Bratislava&#8221;]We were satisfied with the work required to remove graffiti performed on the above-mentioned flat building. SANAC&#8217;s technological and personal coverage of the work is at a very high level, so we can recommend the company at any time.<\/p>\n<p><em>Ing. J\u00e1n Dopjera<br \/>\nManager of Real Property Management Section<br \/>\n<\/em>[\/constructed_text_block]<\/div><\/div><\/div><div class=\"wpb_column vc_column_container vc_col-sm-3 \"><div class=\"vc_column-inner \"><div class=\"wpb_wrapper\">[constructed_download title=&#8221;See the full reference&#8221; link=&#8221;https:\/\/sanac.sk\/en\/wp-content\/uploads\/2017\/07\/etp-dopjera.pdf&#8221; ficon=&#8221;fa fa-file-pdf-o&#8221;]<\/div><\/div><\/div><\/div><div class=\"vc_row wpb_row vc_row-fluid \"><div class=\"wpb_column vc_column_container vc_col-sm-12 \"><div class=\"vc_column-inner \"><div class=\"wpb_wrapper\"><div class=\"vc_empty_space\"   style=\"height: 64px\"><span class=\"vc_empty_space_inner\"><\/span><\/div><\/div><\/div><\/div><\/div><div class=\"vc_row wpb_row vc_row-fluid \"><div class=\"wpb_column vc_column_container vc_col-sm-3 \"><div class=\"vc_column-inner \"><div class=\"wpb_wrapper\">\n\t<div  class=\"wpb_single_image wpb_content_element vc_align_center\">\n\t\t\n\t\t<figure class=\"wpb_wrapper vc_figure\">\n\t\t\t<div class=\"vc_single_image-wrapper   vc_box_border_grey\"><img width=\"90\" height=\"90\" src=\"https:\/\/sanac.sk\/en\/wp-content\/uploads\/2016\/12\/homepro.png\" class=\"vc_single_image-img attachment-full\" alt=\"\" decoding=\"async\" title=\"homepro\" loading=\"lazy\" \/><\/div>\n\t\t<\/figure>\n\t<\/div>\n<\/div><\/div><\/div><div class=\"wpb_column vc_column_container vc_col-sm-6 \"><div class=\"vc_column-inner \"><div class=\"wpb_wrapper\">[constructed_text_block title_tag=&#8221;h3&#8243; title=&#8221;HomePro Spr\u00e1vcovsk\u00e1, s.r.o., Bratislava &#8220;]Thanks to the fast and professional intervention of SANAC s. r. o., the residents of a flat building could return to their homes shortly after a fire. Based on our experience, we would recommend SANAC s. r. o. to persons interested in remediation work.<\/p>\n<p><em>Ing. Martin Kanis<br \/>\nExecutive Officer<br \/>\n<\/em>[\/constructed_text_block]<\/div><\/div><\/div><div class=\"wpb_column vc_column_container vc_col-sm-3 \"><div class=\"vc_column-inner \"><div class=\"wpb_wrapper\">[constructed_download title=&#8221;See the full reference&#8221; link=&#8221;https:\/\/sanac.sk\/en\/wp-content\/uploads\/2017\/07\/Homepro-kanis.pdf&#8221; ficon=&#8221;fa fa-file-pdf-o&#8221;]<\/div><\/div><\/div><\/div><div class=\"vc_row wpb_row vc_row-fluid \"><div class=\"wpb_column vc_column_container vc_col-sm-12 \"><div class=\"vc_column-inner \"><div class=\"wpb_wrapper\"><div class=\"vc_empty_space\"   style=\"height: 64px\"><span class=\"vc_empty_space_inner\"><\/span><\/div><\/div><\/div><\/div><\/div><div class=\"vc_row wpb_row vc_row-fluid \"><div class=\"wpb_column vc_column_container vc_col-sm-3 \"><div class=\"vc_column-inner \"><div class=\"wpb_wrapper\">\n\t<div  class=\"wpb_single_image wpb_content_element vc_align_center\">\n\t\t\n\t\t<figure class=\"wpb_wrapper vc_figure\">\n\t\t\t<div class=\"vc_single_image-wrapper   vc_box_border_grey\"><img width=\"90\" height=\"90\" src=\"https:\/\/sanac.sk\/en\/wp-content\/uploads\/2017\/06\/re.png\" class=\"vc_single_image-img attachment-full\" alt=\"\" decoding=\"async\" title=\"re\" loading=\"lazy\" \/><\/div>\n\t\t<\/figure>\n\t<\/div>\n<\/div><\/div><\/div><div class=\"wpb_column vc_column_container vc_col-sm-6 \"><div class=\"vc_column-inner \"><div class=\"wpb_wrapper\">[constructed_text_block title_tag=&#8221;h3&#8243; title=&#8221;RE project development, s.r.o., Bratislava&#8221;]SANAC s. r. o. was recommended to us by the loss assessor from a foreign insurance company. The inspection and price offer was sent to us in a short period of time, directly by the company Executive Officer, Michal Straka. The co-ordination of work under his guidance was professional and markedly contributed to the fast completion of the work.<\/p>\n<p><em>Daniela Dudrov\u00e1<br \/>\nSales Manager<br \/>\n<\/em>[\/constructed_text_block]<\/div><\/div><\/div><div class=\"wpb_column vc_column_container vc_col-sm-3 \"><div class=\"vc_column-inner \"><div class=\"wpb_wrapper\">[constructed_download title=&#8221;See the full reference&#8221; link=&#8221;https:\/\/sanac.sk\/en\/wp-content\/uploads\/2017\/07\/re.pdf&#8221; ficon=&#8221;fa fa-file-pdf-o&#8221;]<\/div><\/div><\/div><\/div><div class=\"vc_row wpb_row vc_row-fluid \"><div class=\"wpb_column vc_column_container vc_col-sm-12 \"><div class=\"vc_column-inner \"><div class=\"wpb_wrapper\"><div class=\"vc_empty_space\"   style=\"height: 64px\"><span class=\"vc_empty_space_inner\"><\/span><\/div><\/div><\/div><\/div><\/div><div class=\"vc_row wpb_row vc_row-fluid \"><div class=\"wpb_column vc_column_container vc_col-sm-3 \"><div class=\"vc_column-inner \"><div class=\"wpb_wrapper\">\n\t<div  class=\"wpb_single_image wpb_content_element vc_align_center\">\n\t\t\n\t\t<figure class=\"wpb_wrapper vc_figure\">\n\t\t\t<div class=\"vc_single_image-wrapper   vc_box_border_grey\"><img width=\"90\" height=\"90\" src=\"https:\/\/sanac.sk\/en\/wp-content\/uploads\/2016\/12\/dometic.png\" class=\"vc_single_image-img attachment-full\" alt=\"\" decoding=\"async\" title=\"dometic\" loading=\"lazy\" \/><\/div>\n\t\t<\/figure>\n\t<\/div>\n<\/div><\/div><\/div><div class=\"wpb_column vc_column_container vc_col-sm-6 \"><div class=\"vc_column-inner \"><div class=\"wpb_wrapper\">[constructed_text_block title_tag=&#8221;h3&#8243; title=&#8221;Dometic Slovakia, s.r.o., Fi\u013eakovo &#8220;]We were extremely satisfied with the remediation work performed in our enterprise. Technological, material, and personal coverage of the remediation work by SANAC s. r. o. is at a very high level, so we can always recommend the company.<\/p>\n<p><em>Gabriela Luk\u00e1\u010dov\u00e1<br \/>\nFinancial Manager<br \/>\n<\/em>[\/constructed_text_block]<\/div><\/div><\/div><div class=\"wpb_column vc_column_container vc_col-sm-3 \"><div class=\"vc_column-inner \"><div class=\"wpb_wrapper\">[constructed_download title=&#8221;See the full reference&#8221; link=&#8221;https:\/\/sanac.sk\/en\/wp-content\/uploads\/2017\/07\/dometic.pdf&#8221; ficon=&#8221;fa fa-file-pdf-o&#8221;]<\/div><\/div><\/div><\/div><div class=\"vc_row wpb_row vc_row-fluid \"><div class=\"wpb_column vc_column_container vc_col-sm-12 \"><div class=\"vc_column-inner \"><div class=\"wpb_wrapper\"><div class=\"vc_empty_space\"   style=\"height: 64px\"><span class=\"vc_empty_space_inner\"><\/span><\/div><\/div><\/div><\/div><\/div><div class=\"vc_row wpb_row vc_row-fluid \"><div class=\"wpb_column vc_column_container vc_col-sm-3 \"><div class=\"vc_column-inner \"><div class=\"wpb_wrapper\">\n\t<div  class=\"wpb_single_image wpb_content_element vc_align_center\">\n\t\t\n\t\t<figure class=\"wpb_wrapper vc_figure\">\n\t\t\t<div class=\"vc_single_image-wrapper   vc_box_border_grey\"><img width=\"90\" height=\"90\" src=\"https:\/\/sanac.sk\/en\/wp-content\/uploads\/2016\/12\/horizont.png\" class=\"vc_single_image-img attachment-full\" alt=\"\" decoding=\"async\" title=\"horizont\" loading=\"lazy\" \/><\/div>\n\t\t<\/figure>\n\t<\/div>\n<\/div><\/div><\/div><div class=\"wpb_column vc_column_container vc_col-sm-6 \"><div class=\"vc_column-inner \"><div class=\"wpb_wrapper\">[constructed_text_block title_tag=&#8221;h3&#8243; title=&#8221;Horizont Resort**** TATRA TRADING INTERNATIONAL, s.r.o., Star\u00e1 Lesn\u00e1&#8221;]Thanks to the fast and professional intervention of SANAC s. r. o., the reconstruction work could proceed smoothly and without any delay, which minimized the interruption to operations.<\/p>\n<p><em>Peter Korenko<br \/>\nTechnical Director<br \/>\n<\/em>[\/constructed_text_block]<div class=\"vc_empty_space\"   style=\"height: 64px\"><span class=\"vc_empty_space_inner\"><\/span><\/div><\/div><\/div><\/div><div class=\"wpb_column vc_column_container vc_col-sm-3 \"><div class=\"vc_column-inner \"><div class=\"wpb_wrapper\">[constructed_download title=&#8221;See the full reference&#8221; link=&#8221;https:\/\/sanac.sk\/en\/wp-content\/uploads\/2017\/07\/horizont.pdf&#8221; ficon=&#8221;fa fa-file-pdf-o&#8221;]<\/div><\/div><\/div><\/div><div class=\"vc_row wpb_row vc_row-fluid \"><div class=\"wpb_column vc_column_container vc_col-sm-12 \"><div class=\"vc_column-inner \"><div class=\"wpb_wrapper\"><div class=\"vc_empty_space\"   style=\"height: 32px\"><span class=\"vc_empty_space_inner\"><\/span><\/div><\/div><\/div><\/div><\/div><div class=\"vc_row wpb_row vc_row-fluid \"><div class=\"wpb_column vc_column_container vc_col-sm-3 \"><div class=\"vc_column-inner \"><div class=\"wpb_wrapper\">\n\t<div  class=\"wpb_single_image wpb_content_element vc_align_center\">\n\t\t\n\t\t<figure class=\"wpb_wrapper vc_figure\">\n\t\t\t<div class=\"vc_single_image-wrapper   vc_box_border_grey\"><img class=\"vc_single_image-img \" src=\"https:\/\/sanac.sk\/en\/wp-content\/uploads\/2018\/03\/stiahnu\u0165-100x50.png\" width=\"100\" height=\"50\" alt=\"stiahnu\u0165\" title=\"stiahnu\u0165\" \/><\/div>\n\t\t<\/figure>\n\t<\/div>\n<\/div><\/div><\/div><div class=\"wpb_column vc_column_container vc_col-sm-6 \"><div class=\"vc_column-inner \"><div class=\"wpb_wrapper\">[constructed_text_block title_tag=&#8221;h3&#8243; title=&#8221;L-Byty, s.r.o. , BRATISLAVA&#8221;]\u201cWe were extremely satisfied with the quality of the work, as well as with the collaborative and active approach of the company&#8217;s employees and their ability to manage the work.<\/p>\n<p>By selecting the contractor to repair the house after fire, the correctness of our selection was confirmed. Based on our experience, we can recommend SANAC s. r. o. as a reliable partner as they provide work, services as well as quality of work at a high level.\u201d<\/p>\n<p>Ing. \u013dudov\u00edt Baj\u010di&nbsp; &nbsp; L-BYTY, s.r.o.<br \/>\nAdministrator of BaNP[\/constructed_text_block]<div class=\"vc_empty_space\"   style=\"height: 64px\"><span class=\"vc_empty_space_inner\"><\/span><\/div><\/div><\/div><\/div><div class=\"wpb_column vc_column_container vc_col-sm-3 \"><div class=\"vc_column-inner \"><div class=\"wpb_wrapper\">[constructed_download title=&#8221;See the full reference&#8221; link=&#8221;https:\/\/sanac.sk\/en\/wp-content\/uploads\/2018\/03\/Referencia-L-byty-1.pdf&#8221; ficon=&#8221;fa fa-file-text-o&#8221;]<\/div><\/div><\/div><\/div>\n<\/section>","protected":false},"excerpt":{"rendered":"Warning: Undefined array key \"rounded\" in \/data\/3\/c\/3c434a5e-ff55-4c03-834c-98f012fefa56\/sanac.sk\/web\/en\/wp-content\/themes\/constructed\/vc_templates\/vc_row.php on line 42 [constructed_heading title=\"Our satisfied clients\" image=\"9\"][constructed_breadcrumbs items=\"%5B%7B%22title%22%3A%22Homepage%22%2C%22url%22%3A%22https%3A%2F%2Fwww.sanac.sk%2Fen%2F%22%7D%2C%7B%22title%22%3A%22References%22%2C%22url%22%3A%22https%3A%2F%2Fwww.sanac.sk%2Fen%2Freferencie%2F%22%7D%5D\"] [constructed_text_block title_tag=\"h3\" title=\"Harm\u00f3nia Social Service Facility\"]The renovation and reconstruction work were carried out quickly and professionally. The employees of the company were cooperative and considerate as they worked in conditions that are specific to social service facilities. Ing. M\u00e1ria [...]","protected":false},"author":4,"featured_media":0,"parent":0,"menu_order":0,"comment_status":"closed","ping_status":"closed","template":"","meta":{"footnotes":""},"yoast_head":"<!-- This site is optimized with the Yoast SEO plugin v20.13 - https:\/\/yoast.com\/wordpress\/plugins\/seo\/ -->\n<title>Our references - Sanac.sk<\/title>\n<meta name=\"robots\" content=\"index, follow, max-snippet:-1, max-image-preview:large, max-video-preview:-1\" \/>\n<link rel=\"canonical\" href=\"https:\/\/sanac.sk\/en\/referencie\/\" \/>\n<meta property=\"og:locale\" content=\"en_US\" \/>\n<meta property=\"og:type\" content=\"article\" \/>\n<meta property=\"og:title\" content=\"Our references - Sanac.sk\" \/>\n<meta property=\"og:url\" content=\"https:\/\/sanac.sk\/en\/referencie\/\" \/>\n<meta property=\"og:site_name\" content=\"Sanac.sk\" \/>\n<meta property=\"article:modified_time\" content=\"2019-07-25T13:06:06+00:00\" \/>\n<meta name=\"twitter:card\" content=\"summary_large_image\" \/>\n<meta name=\"twitter:label1\" content=\"Est. reading time\" \/>\n\t<meta name=\"twitter:data1\" content=\"6 minutes\" \/>\n<script type=\"application\/ld+json\" class=\"yoast-schema-graph\">{\"@context\":\"https:\/\/schema.org\",\"@graph\":[{\"@type\":\"WebPage\",\"@id\":\"https:\/\/sanac.sk\/en\/referencie\/\",\"url\":\"https:\/\/sanac.sk\/en\/referencie\/\",\"name\":\"Our references - Sanac.sk\",\"isPartOf\":{\"@id\":\"https:\/\/sanac.sk\/en\/#website\"},\"datePublished\":\"2017-07-19T12:47:58+00:00\",\"dateModified\":\"2019-07-25T13:06:06+00:00\",\"breadcrumb\":{\"@id\":\"https:\/\/sanac.sk\/en\/referencie\/#breadcrumb\"},\"inLanguage\":\"en-US\",\"potentialAction\":[{\"@type\":\"ReadAction\",\"target\":[\"https:\/\/sanac.sk\/en\/referencie\/\"]}]},{\"@type\":\"BreadcrumbList\",\"@id\":\"https:\/\/sanac.sk\/en\/referencie\/#breadcrumb\",\"itemListElement\":[{\"@type\":\"ListItem\",\"position\":1,\"name\":\"Home\",\"item\":\"https:\/\/sanac.sk\/en\/\"},{\"@type\":\"ListItem\",\"position\":2,\"name\":\"Our references\"}]},{\"@type\":\"WebSite\",\"@id\":\"https:\/\/sanac.sk\/en\/#website\",\"url\":\"https:\/\/sanac.sk\/en\/\",\"name\":\"Sanac.sk\",\"description\":\"Fire and water damage remediation\",\"potentialAction\":[{\"@type\":\"SearchAction\",\"target\":{\"@type\":\"EntryPoint\",\"urlTemplate\":\"https:\/\/sanac.sk\/en\/?s={search_term_string}\"},\"query-input\":\"required name=search_term_string\"}],\"inLanguage\":\"en-US\"}]}<\/script>\n<!-- \/ Yoast SEO plugin. -->","yoast_head_json":{"title":"Our references - Sanac.sk","robots":{"index":"index","follow":"follow","max-snippet":"max-snippet:-1","max-image-preview":"max-image-preview:large","max-video-preview":"max-video-preview:-1"},"canonical":"https:\/\/sanac.sk\/en\/referencie\/","og_locale":"en_US","og_type":"article","og_title":"Our references - Sanac.sk","og_url":"https:\/\/sanac.sk\/en\/referencie\/","og_site_name":"Sanac.sk","article_modified_time":"2019-07-25T13:06:06+00:00","twitter_card":"summary_large_image","twitter_misc":{"Est. reading time":"6 minutes"},"schema":{"@context":"https:\/\/schema.org","@graph":[{"@type":"WebPage","@id":"https:\/\/sanac.sk\/en\/referencie\/","url":"https:\/\/sanac.sk\/en\/referencie\/","name":"Our references - Sanac.sk","isPartOf":{"@id":"https:\/\/sanac.sk\/en\/#website"},"datePublished":"2017-07-19T12:47:58+00:00","dateModified":"2019-07-25T13:06:06+00:00","breadcrumb":{"@id":"https:\/\/sanac.sk\/en\/referencie\/#breadcrumb"},"inLanguage":"en-US","potentialAction":[{"@type":"ReadAction","target":["https:\/\/sanac.sk\/en\/referencie\/"]}]},{"@type":"BreadcrumbList","@id":"https:\/\/sanac.sk\/en\/referencie\/#breadcrumb","itemListElement":[{"@type":"ListItem","position":1,"name":"Home","item":"https:\/\/sanac.sk\/en\/"},{"@type":"ListItem","position":2,"name":"Our references"}]},{"@type":"WebSite","@id":"https:\/\/sanac.sk\/en\/#website","url":"https:\/\/sanac.sk\/en\/","name":"Sanac.sk","description":"Fire and water damage remediation","potentialAction":[{"@type":"SearchAction","target":{"@type":"EntryPoint","urlTemplate":"https:\/\/sanac.sk\/en\/?s={search_term_string}"},"query-input":"required name=search_term_string"}],"inLanguage":"en-US"}]}},"_links":{"self":[{"href":"https:\/\/sanac.sk\/en\/wp-json\/wp\/v2\/pages\/582"}],"collection":[{"href":"https:\/\/sanac.sk\/en\/wp-json\/wp\/v2\/pages"}],"about":[{"href":"https:\/\/sanac.sk\/en\/wp-json\/wp\/v2\/types\/page"}],"author":[{"embeddable":true,"href":"https:\/\/sanac.sk\/en\/wp-json\/wp\/v2\/users\/4"}],"replies":[{"embeddable":true,"href":"https:\/\/sanac.sk\/en\/wp-json\/wp\/v2\/comments?post=582"}],"version-history":[{"count":21,"href":"https:\/\/sanac.sk\/en\/wp-json\/wp\/v2\/pages\/582\/revisions"}],"predecessor-version":[{"id":861,"href":"https:\/\/sanac.sk\/en\/wp-json\/wp\/v2\/pages\/582\/revisions\/861"}],"wp:attachment":[{"href":"https:\/\/sanac.sk\/en\/wp-json\/wp\/v2\/media?parent=582"}],"curies":[{"name":"wp","href":"https:\/\/api.w.org\/{rel}","templated":true}]}}