{"id":123,"date":"2016-11-09T11:11:29","date_gmt":"2016-11-09T10:11:29","guid":{"rendered":"http:\/\/viewdemo.co\/constructedwp\/?page_id=123"},"modified":"2025-09-18T23:46:16","modified_gmt":"2025-09-18T21:46:16","slug":"homepage","status":"publish","type":"page","link":"https:\/\/sanac.sk\/en\/","title":{"rendered":"Homepage"},"content":{"rendered":"<section class=\"wpb-content-wrapper\"><p><br \/>\n<b>Warning<\/b>:  Undefined array key \"rounded\" in <b>\/data\/3\/c\/3c434a5e-ff55-4c03-834c-98f012fefa56\/sanac.sk\/web\/en\/wp-content\/themes\/constructed\/vc_templates\/vc_row.php<\/b> on line <b>42<\/b><br \/>\n<div data-vc-full-width=\"true\" data-vc-full-width-init=\"false\" data-vc-stretch-content=\"true\" class=\"vc_row wpb_row vc_row-fluid vc_row-no-padding \"><div class=\"wpb_column vc_column_container vc_col-sm-12 \"><div class=\"vc_column-inner \"><div class=\"wpb_wrapper\">[constructed_text code=&#8221;JTNDZGl2JTIwY2xhc3MlM0QlMjJ2aWRlby13cmFwcGVyJTIyJTNFJTBBJTIwJTIwJTNDdmlkZW8lMjBhdXRvcGxheSUyMG11dGVkJTIwbG9vcCUyMHBsYXlzaW5saW5lJTNFJTBBJTIwJTIwJTIwJTIwJTNDc291cmNlJTIwc3JjJTNEJTIyaHR0cHMlM0ElMkYlMkZkZXZlbG9wZXIuc2FuYWMuc2slMkZ3cC1jb250ZW50JTJGdXBsb2FkcyUyRjIwMjUlMkYwOSUyRlNhbmFjLVNrcmF0ZW5lLVdlYi5tcDQlMjIlMjB0eXBlJTNEJTIydmlkZW8lMkZtcDQlMjIlM0UlMEElMjAlMjAlMjAlMjBZb3VyJTIwYnJvd3NlciUyMGRvZXMlMjBub3QlMjBzdXBwb3J0JTIwSFRNTDUlMjB2aWRlby4lMEElMjAlMjAlM0MlMkZ2aWRlbyUzRSUwQSUyMCUyMCUzQyUyMS0tJTIwU2VwYXJhdGUlMjB0ZXh0JTIwb3ZlcmxheSUyMC0tJTNFJTBBJTIwJTIwJTNDZGl2JTIwY2xhc3MlM0QlMjJ2aWRlby10ZXh0LW92ZXJsYXklMjIlM0UlMEElMjAlMjAlMjAlMjAlM0NkaXYlMjBjbGFzcyUzRCUyMnRleHQtY29udGFpbmVyJTIyJTNFJTBBJTIwJTIwJTIwJTIwJTIwJTIwJTNDaDElM0VUZWFtJTIwb2YlMjBwcm9mZXNzaW9uYWxzJTIwaW4lMjByZW1lZGlhdGlvbiUzQyUyRmgxJTNFJTBBJTIwJTIwJTIwJTIwJTIwJTIwJTNDcCUzRSUwQSUyMCUyMCUyMCUyMCUyMCUyMCUyMCUyMFdlJTIwaGF2ZSUyMG91ciUyMG93biUyMHRlYW0lMjBvZiUyMHByb2Zlc3Npb25hbHMlMkMlMjB0ZWNobmljaWFucyUyQyUyMGVsZWN0cmljaWFucyUyQyUyMGFuZCUyMGluc3RhbGxlcnMlMkMlM0NiciUzRSUwQSUyMCUyMCUyMCUyMCUyMCUyMCUyMCUyMHdobyUyMHdpbGwlMjB0YWtlJTIwY2FyZSUyMG9mJTIwc29sdmluZyUyMHlvdXIlMjBwcm9ibGVtcy4lMEElMjAlMjAlMjAlMjAlMjAlMjAlM0MlMkZwJTNFJTBBJTIwJTIwJTIwJTIwJTNDJTJGZGl2JTNFJTBBJTIwJTIwJTNDJTJGZGl2JTNFJTBBJTNDJTJGZGl2JTNFJTBBJTBBJTNDc3R5bGUlM0UlMEEudmlkZW8td3JhcHBlciUyMCU3QiUwQSUyMCUyMHBvc2l0aW9uJTNBJTIwcmVsYXRpdmUlM0IlMEElMjAlMjB3aWR0aCUzQSUyMDEwMCUyNSUzQiUwQSUyMCUyMGhlaWdodCUzQSUyMDY1dmglM0IlMjAlMkYlMkElMjBvciUyMHdoYXRldmVyJTIweW91JTIwbmVlZCUyMCUyQSUyRiUwQSUyMCUyMG92ZXJmbG93JTNBJTIwaGlkZGVuJTNCJTBBJTdEJTBBJTBBLnZpZGVvLXdyYXBwZXIlMjB2aWRlbyUyMCU3QiUwQSUyMCUyMHBvc2l0aW9uJTNBJTIwYWJzb2x1dGUlM0IlMEElMjAlMjB0b3AlM0ElMjAwJTNCJTBBJTIwJTIwbGVmdCUzQSUyMDAlM0IlMEElMjAlMjB3aWR0aCUzQSUyMDEwMCUyNSUzQiUwQSUyMCUyMGhlaWdodCUzQSUyMDEwMCUyNSUzQiUwQSUyMCUyMG9iamVjdC1maXQlM0ElMjBjb3ZlciUzQiUwQSU3RCUwQSUwQSUyRiUyQSUyME92ZXJsYXklMjB0aGF0JTIwaXMlMjBhYm92ZSUyMHRoZSUyMHZpZGVvJTIwJTJBJTJGJTBBLnZpZGVvLXRleHQtb3ZlcmxheSUyMCU3QiUwQSUyMCUyMHBvc2l0aW9uJTNBJTIwYWJzb2x1dGUlM0IlMEElMjAlMjBib3R0b20lM0ElMjAwJTNCJTBBJTIwJTIwd2lkdGglM0ElMjAxMDAlMjUlM0IlMEElMjAlMjBiYWNrZ3JvdW5kJTNBJTIwcmdiYSUyODAlMkMlMjAwJTJDJTIwMCUyQyUyMDAuNCUyOSUzQiUwQSUyMCUyMHotaW5kZXglM0ElMjAyJTNCJTBBJTIwJTIwcGFkZGluZyUzQSUyMDFyZW0lMjAwJTNCJTBBJTdEJTBBJTBBLnRleHQtY29udGFpbmVyJTIwJTdCJTBBJTIwJTIwbWF4LXdpZHRoJTNBJTIwODAwcHglM0IlMEElMjAlMjBtYXJnaW4lM0ElMjAwJTIwYXV0byUzQiUwQSUyMCUyMHRleHQtYWxpZ24lM0ElMjBsZWZ0JTNCJTBBJTIwJTIwcGFkZGluZyUzQSUyMDAlMjAxcmVtJTNCJTBBJTdEJTBBJTBBLnZpZGVvLXRleHQtb3ZlcmxheSUyMGgxJTIwJTdCJTBBJTIwJTIwZm9udC1zaXplJTNBJTIwMS44cmVtJTNCJTBBJTIwJTIwbWFyZ2luJTNBJTIwMCUyMDAlMjAwLjVyZW0lMjAwJTNCJTBBJTIwJTIwY29sb3IlM0ElMjB3aGl0ZSUzQiUwQSU3RCUwQSUwQS52aWRlby10ZXh0LW92ZXJsYXklMjBwJTIwJTdCJTBBJTIwJTIwZm9udC1zaXplJTNBJTIwMXJlbSUzQiUwQSUyMCUyMG1hcmdpbiUzQSUyMDAlM0IlMEElMjAlMjBjb2xvciUzQSUyMHdoaXRlJTNCJTBBJTIwJTIwbGluZS1oZWlnaHQlM0ElMjAxLjQlM0IlMEElN0QlMEElM0MlMkZzdHlsZSUzRSUwQQ==&#8221;][\/constructed_text]<\/div><\/div><\/div><\/div><div class=\"vc_row-full-width vc_clearfix\"><\/div><div class=\"vc_row wpb_row vc_row-fluid \"><div class=\"wpb_column vc_column_container vc_col-sm-12 \"><div class=\"vc_column-inner \"><div class=\"wpb_wrapper\">[constructed_title title=&#8221;Our services&#8221; text=&#8221;A helping hand for insured events and natural disasters&#8221;]<\/div><\/div><\/div><\/div><div data-vc-full-width=\"true\" data-vc-full-width-init=\"false\" class=\"vc_row wpb_row vc_row-fluid vc_row-o-content-middle vc_row-flex \"><div class=\"wpb_column vc_column_container vc_col-sm-3 vc_col-md-3 vc_col-sm-offset-0 vc_col-xs-offset-1 vc_col-xs-10 \"><div class=\"vc_column-inner \"><div class=\"wpb_wrapper\">[constructed_icon_text style=&#8221;style7&#8243; title=&#8221;Fire damage remediation&#8221; text=&#8221;Ut vitae eros ipsum. Supeise accumsan eros nunc, et bumagna asso scelerue vitae.&#8221; button=&#8221;url:https%3A%2F%2Fsanac.sk%2Fen%2Fservices%2Fsanacia-skod-po-poziari%2F|title:Find%20out%20more||&#8221; icon_color=&#8221;#ff0000&#8243; ficon=&#8221;fa fa-fire&#8221;]As soon as firemen leave the place, SANAC s. r. o. is coming. Every hour is important at this moment as sediments after fire and extinguishing water may cause other enormous damage.[\/constructed_icon_text]<\/div><\/div><\/div><div class=\"wpb_column vc_column_container vc_col-sm-3 vc_col-md-3 vc_col-sm-offset-0 vc_col-xs-offset-1 vc_col-xs-10 \"><div class=\"vc_column-inner \"><div class=\"wpb_wrapper\">[constructed_icon_text style=&#8221;style7&#8243; icon_type=&#8221;ticon&#8221; ticon=&#8221;icons8-plumbing&#8221; title=&#8221;Water damage remediation&#8221; text=&#8221;Ut vitae eros ipsum. Supeise accumsan eros nunc, et bumagna asso scelerue vitae.&#8221; button=&#8221;url:https%3A%2F%2Fsanac.sk%2Fen%2Fservices%2Fsanacia-skod-po-vode%2F|title:Find%20out%20more||&#8221; icon_color=&#8221;#ff0000&#8243;]Yet a little crack may <strong>result in major damage<\/strong> to sewerage and water piping. It is good to know to whom you can turn with confidence.[\/constructed_icon_text]<\/div><\/div><\/div><div class=\"wpb_column vc_column_container vc_col-sm-3 vc_col-md-3 vc_col-sm-offset-0 vc_col-xs-offset-1 vc_col-xs-10 \"><div class=\"vc_column-inner \"><div class=\"wpb_wrapper\">[constructed_icon_text style=&#8221;style7&#8243; icon_type=&#8221;ticon&#8221; ticon=&#8221;icons8-paint-bucket&#8221; title=&#8221;Removal of graffiti&#8221; text=&#8221;Ut vitae eros ipsum. Supeise accumsan eros nunc, et bumagna asso scelerue vitae.&#8221; button=&#8221;url:https%3A%2F%2Fsanac.sk%2Fen%2Fservices%2Fodstranenie-grafitov%2F|title:Find%20out%20more||&#8221; icon_color=&#8221;#ff0000&#8243;]The removal of graffiti requires specialized tools and cleaning agents that minimize the damage of contaminated surface by means of professional application.[\/constructed_icon_text]<\/div><\/div><\/div><div class=\"wpb_column vc_column_container vc_col-sm-3 \"><div class=\"vc_column-inner \"><div class=\"wpb_wrapper\">[constructed_icon_text style=&#8221;style7&#8243; icon_type=&#8221;ticon&#8221; ticon=&#8221;icons8-truck&#8221; title=&#8221;Remediation of damage to cars and machinery&#8221; text=&#8221;Ut vitae eros ipsum. Supeise accumsan eros nunc, et bumagna asso scelerue vitae.&#8221; button=&#8221;url:https%3A%2F%2Fsanac.sk%2Fen%2Fservices%2Fsanacia-skod-na-autach-a-strojoch%2F|title:Find%20out%20more||&#8221; icon_color=&#8221;#ff0000&#8243;]We provide <strong>professional surface cleaning of automobiles damaged by paints<\/strong> or other adhesive materials.[\/constructed_icon_text]<\/div><\/div><\/div><\/div><div class=\"vc_row-full-width vc_clearfix\"><\/div><div class=\"vc_row wpb_row vc_row-fluid vc_row-o-equal-height vc_row-o-content-middle vc_row-flex \"><div class=\"wpb_column vc_column_container vc_col-sm-3 vc_col-md-3 vc_col-sm-offset-0 vc_col-xs-offset-1 vc_col-xs-10 \"><div class=\"vc_column-inner \"><div class=\"wpb_wrapper\"><\/div><\/div><\/div><div class=\"wpb_column vc_column_container vc_col-sm-3 vc_col-md-3 vc_col-sm-offset-0 vc_col-xs-offset-1 vc_col-xs-10 \"><div class=\"vc_column-inner \"><div class=\"wpb_wrapper\">[constructed_icon_text style=&#8221;style7&#8243; icon_type=&#8221;ticon&#8221; ticon=&#8221;icons8-basement&#8221; title=&#8221;Leakage localization&#8221; text=&#8221;Ut vitae eros ipsum. Supeise accumsan eros nunc, et bumagna asso scelerue vitae.&#8221; button=&#8221;url:https%3A%2F%2Fsanac.sk%2Fen%2Fservices%2Flokalizacia-priesakov%2F|title:Find%20out%20more||&#8221; icon_color=&#8221;#ff0000&#8243;]Before the start of destructive methods, it is necessary to identify and localize the problem.[\/constructed_icon_text]<\/div><\/div><\/div><div class=\"wpb_column vc_column_container vc_col-sm-3 \"><div class=\"vc_column-inner \"><div class=\"wpb_wrapper\">[constructed_icon_text style=&#8221;style7&#8243; icon_type=&#8221;ticon&#8221; ticon=&#8221;icons8-construction-worker&#8221; title=&#8221;Other damage and special activities&#8221; text=&#8221;Ut vitae eros ipsum. Supeise accumsan eros nunc, et bumagna asso scelerue vitae.&#8221; button=&#8221;url:https%3A%2F%2Fsanac.sk%2Fen%2Fservices%2Fine-skody-a-specialne-cinnosti%2F|title:Find%20out%20more||&#8221; icon_color=&#8221;#ff0000&#8243;]SANAC s. r. o. will clean your air-conditioning, machines, installations, electronics, and others in a professional way.[\/constructed_icon_text]<\/div><\/div><\/div><div class=\"wpb_column vc_column_container vc_col-sm-3 \"><div class=\"vc_column-inner \"><div class=\"wpb_wrapper\">[constructed_icon_text style=&#8221;style7&#8243; title=&#8221;Biohazard&#8221; ficon=&#8221;fa fa-flask&#8221; icon_color=&#8221;#dd3333&#8243; button=&#8221;url:https%3A%2F%2Fsanac.sk%2Fen%2Fnase-sluzby%2F|title:Biohazard||&#8221;]Biohazard<\/p>\n<p>[\/constructed_icon_text]<\/div><\/div><\/div><\/div><div class=\"vc_row wpb_row vc_row-fluid \"><div class=\"wpb_column vc_column_container vc_col-sm-12 \"><div class=\"vc_column-inner \"><div class=\"wpb_wrapper\">[constructed_title title=&#8221;How we work&#8221; text=&#8221;Reconstruction work must be performed quickly and efficiently. We start to work on the remediation of property without undue delay. Finalization is an added value for the client.&#8221;]<\/div><\/div><\/div><\/div><div data-vc-full-width=\"true\" data-vc-full-width-init=\"false\" class=\"vc_row wpb_row vc_row-fluid vc_custom_1478697113607 vc_row-has-fill vc_row-o-equal-height vc_row-flex \"><div class=\"wpb_column vc_column_container vc_col-sm-10 vc_col-md-offset-0 vc_col-md-6 vc_col-sm-offset-1 \"><div class=\"vc_column-inner vc_custom_1478098387703\"><div class=\"wpb_wrapper\">[constructed_icon_text style=&#8221;style6&#8243; icon_type=&#8221;ticon&#8221; ticon=&#8221;icons8-maintenance&#8221; title=&#8221;Professional appraisal of damage&#8221; text=&#8221;Duis nec risus ac dolor ullamcorper malesuada. Nam quis tortor ipsum. Vestibulum quis lorem tellus finibus suscipit curabitur dapibus sollicitud.&#8221; icon_color=&#8221;#ff0000&#8243;]Before the start of remediation work, it is necessary to identify and localize all issues and places.[\/constructed_icon_text][constructed_icon_text style=&#8221;style6&#8243; icon_type=&#8221;ticon&#8221; ticon=&#8221;icons8-construction-worker&#8221; title=&#8221;Start of remediation work within 48 hours&#8221; text=&#8221;Duis nec risus ac dolor ullamcorper malesuada. Nam quis tortor ipsum. Vestibulum quis lorem tellus finibus suscipit curabitur dapibus sollicitud.&#8221; icon_color=&#8221;#ff0000&#8243;]After an inspection of the facility and necessary measures, we start the remediation work not later than 48 hours. To act quickly means to minimize damage.[\/constructed_icon_text][constructed_icon_text style=&#8221;style6&#8243; icon_type=&#8221;ticon&#8221; ticon=&#8221;icons8-exterior&#8221; title=&#8221;Handover and added value for the client&#8221; text=&#8221;Duis nec risus ac dolor ullamcorper malesuada. Nam quis tortor ipsum. Vestibulum quis lorem tellus finibus suscipit curabitur dapibus sollicitud.&#8221; icon_color=&#8221;#ff0000&#8243;]<\/p>\n<div id=\"content\">\n<div class=\"wrapper\">\n<div class=\"service_bottom\">\n<p>We only consider our work finished when the facility is in the original condition and our clients can get back to everyday business as usual.<\/p>\n<\/div>\n<\/div>\n<\/div>\n<p>[\/constructed_icon_text]<\/div><\/div><\/div><div class=\"abImage wpb_column vc_column_container vc_col-sm-10 vc_col-md-offset-0 vc_col-md-6 vc_col-sm-offset-1 \"><div class=\"vc_column-inner vc_custom_1478098421342\"><div class=\"wpb_wrapper\">[constructed_banner style=&#8221;style3&#8243; image=&#8221;618&#8243; text=&#8221;Ut non neque sed augue commodo venenatis iaculis ac diam. Cum sociis natoque penatibus et magnis dis part.&#8221; button=&#8221;url:https%3A%2F%2Fsanac.sk%2Fen%2Fkontakt%2F|title:Contact%20us||&#8221;][\/constructed_banner]<\/div><\/div><\/div><\/div><div class=\"vc_row-full-width vc_clearfix\"><\/div><div data-vc-full-width=\"true\" data-vc-full-width-init=\"false\" data-vc-stretch-content=\"true\" class=\"vc_row wpb_row vc_row-fluid vc_custom_1477899085037 vc_row-has-fill vc_row-no-padding \"><div class=\"wpb_column vc_column_container vc_col-sm-12 \"><div class=\"vc_column-inner \"><div class=\"wpb_wrapper\">[constructed_title title=&#8221;Our implemented projects&#8221;]<\/div><\/div><\/div><\/div><div class=\"vc_row-full-width vc_clearfix\"><\/div><div class=\"vc_row wpb_row vc_row-fluid \"><div class=\"wpb_column vc_column_container vc_col-sm-12 \"><div class=\"vc_column-inner vc_custom_1477921281654\"><div class=\"wpb_wrapper\">[constructed_projects item_size=&#8221;3&#8243; cats=&#8221;odstranenie-grafity,sanacia-po-poziari&#8221; limit=&#8221;6&#8243;]<\/div><\/div><\/div><\/div><div data-vc-full-width=\"true\" data-vc-full-width-init=\"false\" class=\"vc_row wpb_row vc_row-fluid vc_custom_1481723441547 vc_row-has-fill \"><div class=\"wpb_column vc_column_container vc_col-sm-12 \"><div class=\"vc_column-inner \"><div class=\"wpb_wrapper\">[constructed_title style=&#8221;dark&#8221; title=&#8221;Our satisfied clients&#8221; text=&#8221;Our satisfied clients recommend us further&#8221;][constructed_testimonials tax=&#8221;main&#8221; count=&#8221;12&#8243;]<\/div><\/div><\/div><\/div><div class=\"vc_row-full-width vc_clearfix\"><\/div><div data-vc-full-width=\"true\" data-vc-full-width-init=\"false\" data-vc-stretch-content=\"true\" class=\"vc_row wpb_row vc_row-fluid vc_row-no-padding \"><div class=\"wpb_column vc_column_container vc_col-sm-12 \"><div class=\"vc_column-inner \"><div class=\"wpb_wrapper\">[constructed_banner style=&#8221;style4&#8243; image=&#8221;461&#8243; title=&#8221;We are ready for cooperation&#8221; text=&#8221;Integer mattis, orci id laoreet vulputate, urna diam gravida elit, sit amet scelerisque orci dolor id risus.<br \/>\nCras ullamcorper lacus sapien. Vivamus ante magna, congue quis semper quis, ullamcorper et nisi.<br \/>\nAliquam ut scelerisque enim. Ut porta condimentum nisi, eget porttitor lacus mollis id.&#8221; button=&#8221;url:https%3A%2F%2Fsanac.sk%2Fen%2Fkontakt%2F|title:Contact%20us||&#8221; button_color=&#8221;#ff0000&#8243; h_color=&#8221;#ff0000&#8243;]Our objective is to deliver an added value to the client. From professionally appraised damage to delivery of the reinstated facility.<\/p>\n<p>Having any problem? Please contact us, and we will deal with it jointly.[\/constructed_banner]<\/div><\/div><\/div><\/div><div class=\"vc_row-full-width vc_clearfix\"><\/div><div class=\"vc_row wpb_row vc_row-fluid \"><div class=\"wpb_column vc_column_container vc_col-sm-12 \"><div class=\"vc_column-inner vc_custom_1477927156049\"><div class=\"wpb_wrapper\">[constructed_logo_slider images=&#8221;380,382,383,385,386,388,389,400&#8243;]<\/div><\/div><\/div><\/div>\n<\/section>","protected":false},"excerpt":{"rendered":"Warning: Undefined array key \"rounded\" in \/data\/3\/c\/3c434a5e-ff55-4c03-834c-98f012fefa56\/sanac.sk\/web\/en\/wp-content\/themes\/constructed\/vc_templates\/vc_row.php on line 42 [constructed_text code=\"JTNDZGl2JTIwY2xhc3MlM0QlMjJ2aWRlby13cmFwcGVyJTIyJTNFJTBBJTIwJTIwJTNDdmlkZW8lMjBhdXRvcGxheSUyMG11dGVkJTIwbG9vcCUyMHBsYXlzaW5saW5lJTNFJTBBJTIwJTIwJTIwJTIwJTNDc291cmNlJTIwc3JjJTNEJTIyaHR0cHMlM0ElMkYlMkZkZXZlbG9wZXIuc2FuYWMuc2slMkZ3cC1jb250ZW50JTJGdXBsb2FkcyUyRjIwMjUlMkYwOSUyRlNhbmFjLVNrcmF0ZW5lLVdlYi5tcDQlMjIlMjB0eXBlJTNEJTIydmlkZW8lMkZtcDQlMjIlM0UlMEElMjAlMjAlMjAlMjBZb3VyJTIwYnJvd3NlciUyMGRvZXMlMjBub3QlMjBzdXBwb3J0JTIwSFRNTDUlMjB2aWRlby4lMEElMjAlMjAlM0MlMkZ2aWRlbyUzRSUwQSUyMCUyMCUzQyUyMS0tJTIwU2VwYXJhdGUlMjB0ZXh0JTIwb3ZlcmxheSUyMC0tJTNFJTBBJTIwJTIwJTNDZGl2JTIwY2xhc3MlM0QlMjJ2aWRlby10ZXh0LW92ZXJsYXklMjIlM0UlMEElMjAlMjAlMjAlMjAlM0NkaXYlMjBjbGFzcyUzRCUyMnRleHQtY29udGFpbmVyJTIyJTNFJTBBJTIwJTIwJTIwJTIwJTIwJTIwJTNDaDElM0VUZWFtJTIwb2YlMjBwcm9mZXNzaW9uYWxzJTIwaW4lMjByZW1lZGlhdGlvbiUzQyUyRmgxJTNFJTBBJTIwJTIwJTIwJTIwJTIwJTIwJTNDcCUzRSUwQSUyMCUyMCUyMCUyMCUyMCUyMCUyMCUyMFdlJTIwaGF2ZSUyMG91ciUyMG93biUyMHRlYW0lMjBvZiUyMHByb2Zlc3Npb25hbHMlMkMlMjB0ZWNobmljaWFucyUyQyUyMGVsZWN0cmljaWFucyUyQyUyMGFuZCUyMGluc3RhbGxlcnMlMkMlM0NiciUzRSUwQSUyMCUyMCUyMCUyMCUyMCUyMCUyMCUyMHdobyUyMHdpbGwlMjB0YWtlJTIwY2FyZSUyMG9mJTIwc29sdmluZyUyMHlvdXIlMjBwcm9ibGVtcy4lMEElMjAlMjAlMjAlMjAlMjAlMjAlM0MlMkZwJTNFJTBBJTIwJTIwJTIwJTIwJTNDJTJGZGl2JTNFJTBBJTIwJTIwJTNDJTJGZGl2JTNFJTBBJTNDJTJGZGl2JTNFJTBBJTBBJTNDc3R5bGUlM0UlMEEudmlkZW8td3JhcHBlciUyMCU3QiUwQSUyMCUyMHBvc2l0aW9uJTNBJTIwcmVsYXRpdmUlM0IlMEElMjAlMjB3aWR0aCUzQSUyMDEwMCUyNSUzQiUwQSUyMCUyMGhlaWdodCUzQSUyMDY1dmglM0IlMjAlMkYlMkElMjBvciUyMHdoYXRldmVyJTIweW91JTIwbmVlZCUyMCUyQSUyRiUwQSUyMCUyMG92ZXJmbG93JTNBJTIwaGlkZGVuJTNCJTBBJTdEJTBBJTBBLnZpZGVvLXdyYXBwZXIlMjB2aWRlbyUyMCU3QiUwQSUyMCUyMHBvc2l0aW9uJTNBJTIwYWJzb2x1dGUlM0IlMEElMjAlMjB0b3AlM0ElMjAwJTNCJTBBJTIwJTIwbGVmdCUzQSUyMDAlM0IlMEElMjAlMjB3aWR0aCUzQSUyMDEwMCUyNSUzQiUwQSUyMCUyMGhlaWdodCUzQSUyMDEwMCUyNSUzQiUwQSUyMCUyMG9iamVjdC1maXQlM0ElMjBjb3ZlciUzQiUwQSU3RCUwQSUwQSUyRiUyQSUyME92ZXJsYXklMjB0aGF0JTIwaXMlMjBhYm92ZSUyMHRoZSUyMHZpZGVvJTIwJTJBJTJGJTBBLnZpZGVvLXRleHQtb3ZlcmxheSUyMCU3QiUwQSUyMCUyMHBvc2l0aW9uJTNBJTIwYWJzb2x1dGUlM0IlMEElMjAlMjBib3R0b20lM0ElMjAwJTNCJTBBJTIwJTIwd2lkdGglM0ElMjAxMDAlMjUlM0IlMEElMjAlMjBiYWNrZ3JvdW5kJTNBJTIwcmdiYSUyODAlMkMlMjAwJTJDJTIwMCUyQyUyMDAuNCUyOSUzQiUwQSUyMCUyMHotaW5kZXglM0ElMjAyJTNCJTBBJTIwJTIwcGFkZGluZyUzQSUyMDFyZW0lMjAwJTNCJTBBJTdEJTBBJTBBLnRleHQtY29udGFpbmVyJTIwJTdCJTBBJTIwJTIwbWF4LXdpZHRoJTNBJTIwODAwcHglM0IlMEElMjAlMjBtYXJnaW4lM0ElMjAwJTIwYXV0byUzQiUwQSUyMCUyMHRleHQtYWxpZ24lM0ElMjBsZWZ0JTNCJTBBJTIwJTIwcGFkZGluZyUzQSUyMDAlMjAxcmVtJTNCJTBBJTdEJTBBJTBBLnZpZGVvLXRleHQtb3ZlcmxheSUyMGgxJTIwJTdCJTBBJTIwJTIwZm9udC1zaXplJTNBJTIwMS44cmVtJTNCJTBBJTIwJTIwbWFyZ2luJTNBJTIwMCUyMDAlMjAwLjVyZW0lMjAwJTNCJTBBJTIwJTIwY29sb3IlM0ElMjB3aGl0ZSUzQiUwQSU3RCUwQSUwQS52aWRlby10ZXh0LW92ZXJsYXklMjBwJTIwJTdCJTBBJTIwJTIwZm9udC1zaXplJTNBJTIwMXJlbSUzQiUwQSUyMCUyMG1hcmdpbiUzQSUyMDAlM0IlMEElMjAlMjBjb2xvciUzQSUyMHdoaXRlJTNCJTBBJTIwJTIwbGluZS1oZWlnaHQlM0ElMjAxLjQlM0IlMEElN0QlMEElM0MlMkZzdHlsZSUzRSUwQQ==\"][\/constructed_text][constructed_title title=\"Our services\" text=\"A helping hand for insured events and natural disasters\"][constructed_icon_text style=\"style7\" title=\"Fire damage remediation\" text=\"Ut vitae eros ipsum. Supeise accumsan eros nunc, et bumagna asso scelerue vitae.\" button=\"url:https%3A%2F%2Fsanac.sk%2Fen%2Fservices%2Fsanacia-skod-po-poziari%2F|title:Find%20out%20more||\" icon_color=\"#ff0000\" ficon=\"fa fa-fire\"]As soon as firemen leave the place, SANAC s. r. o. is [...]","protected":false},"author":4,"featured_media":0,"parent":0,"menu_order":0,"comment_status":"closed","ping_status":"closed","template":"","meta":{"footnotes":""},"yoast_head":"<!-- This site is optimized with the Yoast SEO plugin v20.13 - https:\/\/yoast.com\/wordpress\/plugins\/seo\/ -->\n<title>Sanac.sk - Fire and water damage remediation<\/title>\n<meta name=\"description\" content=\"Poskytujeme san\u00e1cie a sana\u010dn\u00e9 pr\u00e1ce od najmen\u0161\u00edch detailov po ve\u013ek\u00e9 komplexn\u00e9 projekty. Pomocn\u00e1 ruka pri poistn\u00fdch udalostiach a \u017eiveln\u00fdch pohrom\u00e1ch.\" \/>\n<meta name=\"robots\" content=\"index, follow, max-snippet:-1, max-image-preview:large, max-video-preview:-1\" \/>\n<link rel=\"canonical\" href=\"https:\/\/sanac.sk\/en\/\" \/>\n<meta property=\"og:locale\" content=\"en_US\" \/>\n<meta property=\"og:type\" content=\"article\" \/>\n<meta property=\"og:title\" content=\"Sanac.sk - San\u00e1cia po po\u017eiaroch a \u0161kod\u00e1ch sp\u00f4soben\u00fdch vodou\" \/>\n<meta property=\"og:description\" content=\"Poskytujeme san\u00e1cie a sana\u010dn\u00e9 pr\u00e1ce od najmen\u0161\u00edch detailov po ve\u013ek\u00e9 komplexn\u00e9 projekty. Pomocn\u00e1 ruka pri poistn\u00fdch udalostiach a \u017eiveln\u00fdch pohrom\u00e1ch.\" \/>\n<meta property=\"og:url\" content=\"https:\/\/sanac.sk\/en\/\" \/>\n<meta property=\"og:site_name\" content=\"Sanac.sk\" \/>\n<meta property=\"article:modified_time\" content=\"2025-09-18T21:46:16+00:00\" \/>\n<meta name=\"twitter:card\" content=\"summary_large_image\" \/>\n<meta name=\"twitter:label1\" content=\"Est. reading time\" \/>\n\t<meta name=\"twitter:data1\" content=\"4 minutes\" \/>\n<script type=\"application\/ld+json\" class=\"yoast-schema-graph\">{\"@context\":\"https:\/\/schema.org\",\"@graph\":[{\"@type\":\"WebPage\",\"@id\":\"https:\/\/sanac.sk\/en\/\",\"url\":\"https:\/\/sanac.sk\/en\/\",\"name\":\"Sanac.sk - Fire and water damage remediation\",\"isPartOf\":{\"@id\":\"https:\/\/sanac.sk\/en\/#website\"},\"datePublished\":\"2016-11-09T10:11:29+00:00\",\"dateModified\":\"2025-09-18T21:46:16+00:00\",\"description\":\"Poskytujeme san\u00e1cie a sana\u010dn\u00e9 pr\u00e1ce od najmen\u0161\u00edch detailov po ve\u013ek\u00e9 komplexn\u00e9 projekty. Pomocn\u00e1 ruka pri poistn\u00fdch udalostiach a \u017eiveln\u00fdch pohrom\u00e1ch.\",\"breadcrumb\":{\"@id\":\"https:\/\/sanac.sk\/en\/#breadcrumb\"},\"inLanguage\":\"en-US\",\"potentialAction\":[{\"@type\":\"ReadAction\",\"target\":[\"https:\/\/sanac.sk\/en\/\"]}]},{\"@type\":\"BreadcrumbList\",\"@id\":\"https:\/\/sanac.sk\/en\/#breadcrumb\",\"itemListElement\":[{\"@type\":\"ListItem\",\"position\":1,\"name\":\"Home\",\"item\":\"https:\/\/sanac.sk\/en\/\"},{\"@type\":\"ListItem\",\"position\":2,\"name\":\"Homepage\"}]},{\"@type\":\"WebSite\",\"@id\":\"https:\/\/sanac.sk\/en\/#website\",\"url\":\"https:\/\/sanac.sk\/en\/\",\"name\":\"Sanac.sk\",\"description\":\"Fire and water damage remediation\",\"potentialAction\":[{\"@type\":\"SearchAction\",\"target\":{\"@type\":\"EntryPoint\",\"urlTemplate\":\"https:\/\/sanac.sk\/en\/?s={search_term_string}\"},\"query-input\":\"required name=search_term_string\"}],\"inLanguage\":\"en-US\"}]}<\/script>\n<!-- \/ Yoast SEO plugin. -->","yoast_head_json":{"title":"Sanac.sk - Fire and water damage remediation","description":"Poskytujeme san\u00e1cie a sana\u010dn\u00e9 pr\u00e1ce od najmen\u0161\u00edch detailov po ve\u013ek\u00e9 komplexn\u00e9 projekty. Pomocn\u00e1 ruka pri poistn\u00fdch udalostiach a \u017eiveln\u00fdch pohrom\u00e1ch.","robots":{"index":"index","follow":"follow","max-snippet":"max-snippet:-1","max-image-preview":"max-image-preview:large","max-video-preview":"max-video-preview:-1"},"canonical":"https:\/\/sanac.sk\/en\/","og_locale":"en_US","og_type":"article","og_title":"Sanac.sk - San\u00e1cia po po\u017eiaroch a \u0161kod\u00e1ch sp\u00f4soben\u00fdch vodou","og_description":"Poskytujeme san\u00e1cie a sana\u010dn\u00e9 pr\u00e1ce od najmen\u0161\u00edch detailov po ve\u013ek\u00e9 komplexn\u00e9 projekty. Pomocn\u00e1 ruka pri poistn\u00fdch udalostiach a \u017eiveln\u00fdch pohrom\u00e1ch.","og_url":"https:\/\/sanac.sk\/en\/","og_site_name":"Sanac.sk","article_modified_time":"2025-09-18T21:46:16+00:00","twitter_card":"summary_large_image","twitter_misc":{"Est. reading time":"4 minutes"},"schema":{"@context":"https:\/\/schema.org","@graph":[{"@type":"WebPage","@id":"https:\/\/sanac.sk\/en\/","url":"https:\/\/sanac.sk\/en\/","name":"Sanac.sk - Fire and water damage remediation","isPartOf":{"@id":"https:\/\/sanac.sk\/en\/#website"},"datePublished":"2016-11-09T10:11:29+00:00","dateModified":"2025-09-18T21:46:16+00:00","description":"Poskytujeme san\u00e1cie a sana\u010dn\u00e9 pr\u00e1ce od najmen\u0161\u00edch detailov po ve\u013ek\u00e9 komplexn\u00e9 projekty. Pomocn\u00e1 ruka pri poistn\u00fdch udalostiach a \u017eiveln\u00fdch pohrom\u00e1ch.","breadcrumb":{"@id":"https:\/\/sanac.sk\/en\/#breadcrumb"},"inLanguage":"en-US","potentialAction":[{"@type":"ReadAction","target":["https:\/\/sanac.sk\/en\/"]}]},{"@type":"BreadcrumbList","@id":"https:\/\/sanac.sk\/en\/#breadcrumb","itemListElement":[{"@type":"ListItem","position":1,"name":"Home","item":"https:\/\/sanac.sk\/en\/"},{"@type":"ListItem","position":2,"name":"Homepage"}]},{"@type":"WebSite","@id":"https:\/\/sanac.sk\/en\/#website","url":"https:\/\/sanac.sk\/en\/","name":"Sanac.sk","description":"Fire and water damage remediation","potentialAction":[{"@type":"SearchAction","target":{"@type":"EntryPoint","urlTemplate":"https:\/\/sanac.sk\/en\/?s={search_term_string}"},"query-input":"required name=search_term_string"}],"inLanguage":"en-US"}]}},"_links":{"self":[{"href":"https:\/\/sanac.sk\/en\/wp-json\/wp\/v2\/pages\/123"}],"collection":[{"href":"https:\/\/sanac.sk\/en\/wp-json\/wp\/v2\/pages"}],"about":[{"href":"https:\/\/sanac.sk\/en\/wp-json\/wp\/v2\/types\/page"}],"author":[{"embeddable":true,"href":"https:\/\/sanac.sk\/en\/wp-json\/wp\/v2\/users\/4"}],"replies":[{"embeddable":true,"href":"https:\/\/sanac.sk\/en\/wp-json\/wp\/v2\/comments?post=123"}],"version-history":[{"count":55,"href":"https:\/\/sanac.sk\/en\/wp-json\/wp\/v2\/pages\/123\/revisions"}],"predecessor-version":[{"id":1021,"href":"https:\/\/sanac.sk\/en\/wp-json\/wp\/v2\/pages\/123\/revisions\/1021"}],"wp:attachment":[{"href":"https:\/\/sanac.sk\/en\/wp-json\/wp\/v2\/media?parent=123"}],"curies":[{"name":"wp","href":"https:\/\/api.w.org\/{rel}","templated":true}]}}