{"id":912,"date":"2020-02-27T10:16:02","date_gmt":"2020-02-27T09:16:02","guid":{"rendered":"https:\/\/sanac.sk\/de\/?page_id=912"},"modified":"2020-02-27T10:21:29","modified_gmt":"2020-02-27T09:21:29","slug":"fliesenabheber","status":"publish","type":"page","link":"https:\/\/sanac.sk\/de\/fliesenabheber\/","title":{"rendered":"Fliesenabheber"},"content":{"rendered":"<section class=\"wpb-content-wrapper\"><p><br \/>\n<b>Warning<\/b>:  Undefined array key \"rounded\" in <b>\/data\/3\/c\/3c434a5e-ff55-4c03-834c-98f012fefa56\/sanac.sk\/web\/de\/wp-content\/themes\/constructed\/vc_templates\/vc_row.php<\/b> on line <b>42<\/b><br \/>\n<div class=\"vc_row wpb_row vc_row-fluid \"><div class=\"wpb_column vc_column_container vc_col-sm-12 \"><div class=\"vc_column-inner \"><div class=\"wpb_wrapper\">[constructed_text_block style=&#8220;style3&#8243; title=&#8220;Fliesenabheber&#8220; css=&#8220;.vc_custom_1582795191165{margin-top: -3px !important;}&#8220;]Das Ger\u00e4t Fliesenabheber dient ausschlie\u00dflich zur Abl\u00f6sung von Keramikfu\u00dfbodenbelag.<\/p>\n<p>Voraussetzungen:<\/p>\n<ul>\n<li>Technisch geschulte Fachkraft<\/li>\n<li>Fliesen in der entsprechenden Gr\u00f6\u00dfe und Material (siehe Technische Parameter)<\/li>\n<\/ul>\n<p>Technische Parameter:<\/p>\n<ul>\n<li>Abmessungen: 350 x 350 x 750 (LxBxH in mm)<\/li>\n<li>Gewicht: 8 kg<\/li>\n<li>Nennspannung: 230V \/ 50Hz<\/li>\n<li>Leistungsaufnahme: 1800W<\/li>\n<li>Fliesengr\u00f6\u00dfe: maximal (L x B in mm) 300 x 300<\/li>\n<li>Wasseraufnahme der Fliesen: unter 10% (z.B. Steinzeug, Feinsteinzeug, Terrakotta, Klinker)<br \/>\nUmgebung: geschlossener Raum<\/li>\n<\/ul>\n<p>Umgebungstemperatur: 0-40\u00b0C[\/constructed_text_block]<\/div><\/div><\/div><\/div><div class=\"vc_row wpb_row vc_row-fluid vc_custom_1478014125394 \"><div class=\"wpb_column vc_column_container vc_col-sm-12 \"><div class=\"vc_column-inner \"><div class=\"wpb_wrapper\">[constructed_gallery images=&#8220;892&#8243;][constructed_gallery images=&#8220;894&#8243;]<\/div><\/div><\/div><\/div>\n<\/section>","protected":false},"excerpt":{"rendered":"Warning: Undefined array key \"rounded\" in \/data\/3\/c\/3c434a5e-ff55-4c03-834c-98f012fefa56\/sanac.sk\/web\/de\/wp-content\/themes\/constructed\/vc_templates\/vc_row.php on line 42 [constructed_text_block style=\"style3\" title=\"Fliesenabheber\" css=\".vc_custom_1582795191165{margin-top: -3px !important;}\"]Das Ger\u00e4t Fliesenabheber dient ausschlie\u00dflich zur Abl\u00f6sung von Keramikfu\u00dfbodenbelag. Voraussetzungen: Technisch geschulte Fachkraft Fliesen in der entsprechenden Gr\u00f6\u00dfe und Material (siehe Technische Parameter) Technische Parameter: Abmessungen: 350 x 350 x 750 (LxBxH in mm) Gewicht: 8 kg Nennspannung: 230V \/ [...]","protected":false},"author":2,"featured_media":0,"parent":0,"menu_order":0,"comment_status":"closed","ping_status":"closed","template":"","meta":{"footnotes":""},"yoast_head":"<!-- This site is optimized with the Yoast SEO plugin v20.13 - https:\/\/yoast.com\/wordpress\/plugins\/seo\/ -->\n<title>Fliesenabheber - Sanac.sk<\/title>\n<meta name=\"robots\" content=\"index, follow, max-snippet:-1, max-image-preview:large, max-video-preview:-1\" \/>\n<link rel=\"canonical\" href=\"https:\/\/sanac.sk\/de\/fliesenabheber\/\" \/>\n<meta property=\"og:locale\" content=\"de_DE\" \/>\n<meta property=\"og:type\" content=\"article\" \/>\n<meta property=\"og:title\" content=\"Fliesenabheber - Sanac.sk\" \/>\n<meta property=\"og:url\" content=\"https:\/\/sanac.sk\/de\/fliesenabheber\/\" \/>\n<meta property=\"og:site_name\" content=\"Sanac.sk\" \/>\n<meta property=\"article:modified_time\" content=\"2020-02-27T09:21:29+00:00\" \/>\n<meta name=\"twitter:card\" content=\"summary_large_image\" \/>\n<meta name=\"twitter:label1\" content=\"Gesch\u00e4tzte Lesezeit\" \/>\n\t<meta name=\"twitter:data1\" content=\"1\u00a0Minute\" \/>\n<script type=\"application\/ld+json\" class=\"yoast-schema-graph\">{\"@context\":\"https:\/\/schema.org\",\"@graph\":[{\"@type\":\"WebPage\",\"@id\":\"https:\/\/sanac.sk\/de\/fliesenabheber\/\",\"url\":\"https:\/\/sanac.sk\/de\/fliesenabheber\/\",\"name\":\"Fliesenabheber - Sanac.sk\",\"isPartOf\":{\"@id\":\"https:\/\/sanac.sk\/de\/#website\"},\"datePublished\":\"2020-02-27T09:16:02+00:00\",\"dateModified\":\"2020-02-27T09:21:29+00:00\",\"breadcrumb\":{\"@id\":\"https:\/\/sanac.sk\/de\/fliesenabheber\/#breadcrumb\"},\"inLanguage\":\"de\",\"potentialAction\":[{\"@type\":\"ReadAction\",\"target\":[\"https:\/\/sanac.sk\/de\/fliesenabheber\/\"]}]},{\"@type\":\"BreadcrumbList\",\"@id\":\"https:\/\/sanac.sk\/de\/fliesenabheber\/#breadcrumb\",\"itemListElement\":[{\"@type\":\"ListItem\",\"position\":1,\"name\":\"Home\",\"item\":\"https:\/\/sanac.sk\/de\/\"},{\"@type\":\"ListItem\",\"position\":2,\"name\":\"Fliesenabheber\"}]},{\"@type\":\"WebSite\",\"@id\":\"https:\/\/sanac.sk\/de\/#website\",\"url\":\"https:\/\/sanac.sk\/de\/\",\"name\":\"Sanac.sk\",\"description\":\"Sanierung von Brandsch\u00e4den und Wassersch\u00e4den\",\"potentialAction\":[{\"@type\":\"SearchAction\",\"target\":{\"@type\":\"EntryPoint\",\"urlTemplate\":\"https:\/\/sanac.sk\/de\/?s={search_term_string}\"},\"query-input\":\"required name=search_term_string\"}],\"inLanguage\":\"de\"}]}<\/script>\n<!-- \/ Yoast SEO plugin. -->","yoast_head_json":{"title":"Fliesenabheber - Sanac.sk","robots":{"index":"index","follow":"follow","max-snippet":"max-snippet:-1","max-image-preview":"max-image-preview:large","max-video-preview":"max-video-preview:-1"},"canonical":"https:\/\/sanac.sk\/de\/fliesenabheber\/","og_locale":"de_DE","og_type":"article","og_title":"Fliesenabheber - Sanac.sk","og_url":"https:\/\/sanac.sk\/de\/fliesenabheber\/","og_site_name":"Sanac.sk","article_modified_time":"2020-02-27T09:21:29+00:00","twitter_card":"summary_large_image","twitter_misc":{"Gesch\u00e4tzte Lesezeit":"1\u00a0Minute"},"schema":{"@context":"https:\/\/schema.org","@graph":[{"@type":"WebPage","@id":"https:\/\/sanac.sk\/de\/fliesenabheber\/","url":"https:\/\/sanac.sk\/de\/fliesenabheber\/","name":"Fliesenabheber - Sanac.sk","isPartOf":{"@id":"https:\/\/sanac.sk\/de\/#website"},"datePublished":"2020-02-27T09:16:02+00:00","dateModified":"2020-02-27T09:21:29+00:00","breadcrumb":{"@id":"https:\/\/sanac.sk\/de\/fliesenabheber\/#breadcrumb"},"inLanguage":"de","potentialAction":[{"@type":"ReadAction","target":["https:\/\/sanac.sk\/de\/fliesenabheber\/"]}]},{"@type":"BreadcrumbList","@id":"https:\/\/sanac.sk\/de\/fliesenabheber\/#breadcrumb","itemListElement":[{"@type":"ListItem","position":1,"name":"Home","item":"https:\/\/sanac.sk\/de\/"},{"@type":"ListItem","position":2,"name":"Fliesenabheber"}]},{"@type":"WebSite","@id":"https:\/\/sanac.sk\/de\/#website","url":"https:\/\/sanac.sk\/de\/","name":"Sanac.sk","description":"Sanierung von Brandsch\u00e4den und Wassersch\u00e4den","potentialAction":[{"@type":"SearchAction","target":{"@type":"EntryPoint","urlTemplate":"https:\/\/sanac.sk\/de\/?s={search_term_string}"},"query-input":"required name=search_term_string"}],"inLanguage":"de"}]}},"_links":{"self":[{"href":"https:\/\/sanac.sk\/de\/wp-json\/wp\/v2\/pages\/912"}],"collection":[{"href":"https:\/\/sanac.sk\/de\/wp-json\/wp\/v2\/pages"}],"about":[{"href":"https:\/\/sanac.sk\/de\/wp-json\/wp\/v2\/types\/page"}],"author":[{"embeddable":true,"href":"https:\/\/sanac.sk\/de\/wp-json\/wp\/v2\/users\/2"}],"replies":[{"embeddable":true,"href":"https:\/\/sanac.sk\/de\/wp-json\/wp\/v2\/comments?post=912"}],"version-history":[{"count":3,"href":"https:\/\/sanac.sk\/de\/wp-json\/wp\/v2\/pages\/912\/revisions"}],"predecessor-version":[{"id":915,"href":"https:\/\/sanac.sk\/de\/wp-json\/wp\/v2\/pages\/912\/revisions\/915"}],"wp:attachment":[{"href":"https:\/\/sanac.sk\/de\/wp-json\/wp\/v2\/media?parent=912"}],"curies":[{"name":"wp","href":"https:\/\/api.w.org\/{rel}","templated":true}]}}