{"id":582,"date":"2017-07-19T14:47:58","date_gmt":"2017-07-19T12:47:58","guid":{"rendered":"http:\/\/sanac.sk\/?page_id=582"},"modified":"2019-07-25T15:12:29","modified_gmt":"2019-07-25T13:12:29","slug":"referencie","status":"publish","type":"page","link":"https:\/\/sanac.sk\/de\/referencie\/","title":{"rendered":"Unsere Referenzen"},"content":{"rendered":"<section class=\"wpb-content-wrapper\"><p><br \/>\n<b>Warning<\/b>:  Undefined array key \"rounded\" in <b>\/data\/3\/c\/3c434a5e-ff55-4c03-834c-98f012fefa56\/sanac.sk\/web\/de\/wp-content\/themes\/constructed\/vc_templates\/vc_row.php<\/b> on line <b>42<\/b><br \/>\n<div data-vc-full-width=\"true\" data-vc-full-width-init=\"false\" data-vc-stretch-content=\"true\" class=\"vc_row wpb_row vc_row-fluid vc_row-no-padding \"><div class=\"wpb_column vc_column_container vc_col-sm-12 \"><div class=\"vc_column-inner \"><div class=\"wpb_wrapper\">[constructed_heading title=&#8220;Unsere zufriedenen Kunden&#8220; image=&#8220;9&#8243;]<\/div><\/div><\/div><\/div><div class=\"vc_row-full-width vc_clearfix\"><\/div><div data-vc-full-width=\"true\" data-vc-full-width-init=\"false\" class=\"vc_row wpb_row vc_row-fluid vc_custom_1478685556509 vc_row-has-fill \"><div class=\"wpb_column vc_column_container vc_col-sm-12 \"><div class=\"vc_column-inner vc_custom_1478685580768\"><div class=\"wpb_wrapper\">[constructed_breadcrumbs items=&#8220;%5B%7B%22title%22%3A%22Hauptseite%22%2C%22url%22%3A%22https%3A%2F%2Fwww.sanac.sk%2Fde%22%7D%2C%7B%22title%22%3A%22Referenzen%22%2C%22url%22%3A%22https%3A%2F%2Fwww.sanac.sk%2Fde%2Freferencie%2F%22%7D%5D&#8220;]<\/div><\/div><\/div><\/div><div class=\"vc_row-full-width vc_clearfix\"><\/div><div class=\"vc_row wpb_row vc_row-fluid \"><div class=\"wpb_column vc_column_container vc_col-sm-12 \"><div class=\"vc_column-inner \"><div class=\"wpb_wrapper\"><div class=\"vc_empty_space\"   style=\"height: 64px\"><span class=\"vc_empty_space_inner\"><\/span><\/div><\/div><\/div><\/div><\/div><div class=\"vc_row wpb_row vc_row-fluid \"><div class=\"wpb_column vc_column_container vc_col-sm-3 \"><div class=\"vc_column-inner \"><div class=\"wpb_wrapper\">\n\t<div  class=\"wpb_single_image wpb_content_element vc_align_center\">\n\t\t\n\t\t<figure class=\"wpb_wrapper vc_figure\">\n\t\t\t<div class=\"vc_single_image-wrapper   vc_box_border_grey\"><img width=\"90\" height=\"90\" src=\"https:\/\/sanac.sk\/de\/wp-content\/uploads\/2016\/12\/harmonia.png\" class=\"vc_single_image-img attachment-full\" alt=\"\" decoding=\"async\" title=\"harmonia\" loading=\"lazy\" \/><\/div>\n\t\t<\/figure>\n\t<\/div>\n<\/div><\/div><\/div><div class=\"wpb_column vc_column_container vc_col-sm-6 \"><div class=\"vc_column-inner \"><div class=\"wpb_wrapper\">[constructed_text_block title_tag=&#8220;h3&#8243; title=&#8220;Heim f\u00fcr soziale Dienstleistungen Harm\u00f3nia&#8220;]Sanierungs- und Rekonstruktionsarbeiten wurden schnell und professionell durchgef\u00fchrt. Die Mitarbeiter der Firma waren entgegenkommend und r\u00fccksichtsvoll, da sie in Bedingungen gearbeitet haben, die f\u00fcr die Heime f\u00fcr soziale Dienstleistungen spezifisch sind.<\/p>\n<p><em>Ing. M\u00e1ria Dunajov\u00e1<br \/>\nDirektorin der Einrichtung<br \/>\n<\/em>[\/constructed_text_block]<\/div><\/div><\/div><div class=\"wpb_column vc_column_container vc_col-sm-3 \"><div class=\"vc_column-inner \"><div class=\"wpb_wrapper\">[constructed_download title=&#8220;Siehe die vollst\u00e4ndige Referenz&#8220; link=&#8220;https:\/\/sanac.sk\/de\/wp-content\/uploads\/2017\/07\/harmonia.pdf&#8220; ficon=&#8220;fa fa-file-pdf-o&#8220;]<\/div><\/div><\/div><\/div><div class=\"vc_row wpb_row vc_row-fluid \"><div class=\"wpb_column vc_column_container vc_col-sm-12 \"><div class=\"vc_column-inner \"><div class=\"wpb_wrapper\"><div class=\"vc_empty_space\"   style=\"height: 64px\"><span class=\"vc_empty_space_inner\"><\/span><\/div><\/div><\/div><\/div><\/div><div class=\"vc_row wpb_row vc_row-fluid \"><div class=\"wpb_column vc_column_container vc_col-sm-3 \"><div class=\"vc_column-inner \"><div class=\"wpb_wrapper\">\n\t<div  class=\"wpb_single_image wpb_content_element vc_align_center\">\n\t\t\n\t\t<figure class=\"wpb_wrapper vc_figure\">\n\t\t\t<div class=\"vc_single_image-wrapper   vc_box_border_grey\"><img width=\"90\" height=\"90\" src=\"https:\/\/sanac.sk\/de\/wp-content\/uploads\/2016\/12\/okresny-sud.png\" class=\"vc_single_image-img attachment-full\" alt=\"\" decoding=\"async\" title=\"okresny-sud\" loading=\"lazy\" \/><\/div>\n\t\t<\/figure>\n\t<\/div>\n<\/div><\/div><\/div><div class=\"wpb_column vc_column_container vc_col-sm-6 \"><div class=\"vc_column-inner \"><div class=\"wpb_wrapper\">[constructed_text_block title_tag=&#8220;h3&#8243; title=&#8220;Bezirksgericht Pova\u017esk\u00e1 Bystrica&#8220;]Mit den durchgef\u00fchrten Arbeiten war der Auftraggeber &#8211; das Bezirksgericht Pova\u017esk\u00e1 Bystrica &#8211; sehr zufrieden, und wir empfehlen die Gesellschaft SANAC s. r. o., jedem, der einen fachlichen Eingriff bei der L\u00f6sung von Brandfolgen braucht.<\/p>\n<p><em>JUDr. Milena Z\u00e1hradov\u00e1<br \/>\nDirektorin der Gerichtsverwaltung<\/em>[\/constructed_text_block]<\/div><\/div><\/div><div class=\"wpb_column vc_column_container vc_col-sm-3 \"><div class=\"vc_column-inner \"><div class=\"wpb_wrapper\">[constructed_download title=&#8220;Siehe die vollst\u00e4ndige Referenz&#8220; link=&#8220;https:\/\/sanac.sk\/de\/wp-content\/uploads\/2017\/07\/okresny-sud.pdf&#8220; ficon=&#8220;fa fa-file-pdf-o&#8220;]<\/div><\/div><\/div><\/div><div class=\"vc_row wpb_row vc_row-fluid \"><div class=\"wpb_column vc_column_container vc_col-sm-12 \"><div class=\"vc_column-inner \"><div class=\"wpb_wrapper\"><div class=\"vc_empty_space\"   style=\"height: 64px\"><span class=\"vc_empty_space_inner\"><\/span><\/div><\/div><\/div><\/div><\/div><div class=\"vc_row wpb_row vc_row-fluid \"><div class=\"wpb_column vc_column_container vc_col-sm-3 \"><div class=\"vc_column-inner \"><div class=\"wpb_wrapper\">\n\t<div  class=\"wpb_single_image wpb_content_element vc_align_center\">\n\t\t\n\t\t<figure class=\"wpb_wrapper vc_figure\">\n\t\t\t<div class=\"vc_single_image-wrapper   vc_box_border_grey\"><img width=\"90\" height=\"90\" src=\"https:\/\/sanac.sk\/de\/wp-content\/uploads\/2016\/12\/auparka.png\" class=\"vc_single_image-img attachment-full\" alt=\"\" decoding=\"async\" title=\"auparka\" loading=\"lazy\" \/><\/div>\n\t\t<\/figure>\n\t<\/div>\n<\/div><\/div><\/div><div class=\"wpb_column vc_column_container vc_col-sm-6 \"><div class=\"vc_column-inner \"><div class=\"wpb_wrapper\">[constructed_text_block title_tag=&#8220;h3&#8243; title=&#8220;Aupark, a.s. \/ Rodamco Central Europe B.V., Bratislava&#8220;]Dank dem schnellen und professionellen Eingrif der Firma SANAC s. r. o. ist die Erneuerung nach dem Brand flie\u00dfend und ohne Eingriffe in den Betriebs des Einkaufszentrums verlaufen. Die Mitarbeiter der Gesellschaft SANAC s. r. o. haben ihre Arbeit sehr professionell und fachlich organisiert. Aufgrund der h\u00f6her angef\u00fchrten Tatsachen kann ich die Firma SANAC s. r. o., jederzeit weiterempfehlen.<\/p>\n<p><em>Michal Antal<br \/>\nProperty Maintenence, Purchasing &amp; Sustainability Manager<br \/>\n<\/em>[\/constructed_text_block]<\/div><\/div><\/div><div class=\"wpb_column vc_column_container vc_col-sm-3 \"><div class=\"vc_column-inner \"><div class=\"wpb_wrapper\">[constructed_download title=&#8220;Siehe die vollst\u00e4ndige Referenz&#8220; link=&#8220;https:\/\/sanac.sk\/de\/wp-content\/uploads\/2017\/07\/aupark.pdf&#8220; ficon=&#8220;fa fa-file-pdf-o&#8220;]<\/div><\/div><\/div><\/div><div class=\"vc_row wpb_row vc_row-fluid \"><div class=\"wpb_column vc_column_container vc_col-sm-12 \"><div class=\"vc_column-inner \"><div class=\"wpb_wrapper\"><div class=\"vc_empty_space\"   style=\"height: 64px\"><span class=\"vc_empty_space_inner\"><\/span><\/div><\/div><\/div><\/div><\/div><div class=\"vc_row wpb_row vc_row-fluid \"><div class=\"wpb_column vc_column_container vc_col-sm-3 \"><div class=\"vc_column-inner \"><div class=\"wpb_wrapper\">\n\t<div  class=\"wpb_single_image wpb_content_element vc_align_center\">\n\t\t\n\t\t<figure class=\"wpb_wrapper vc_figure\">\n\t\t\t<div class=\"vc_single_image-wrapper   vc_box_border_grey\"><img width=\"90\" height=\"90\" src=\"https:\/\/sanac.sk\/de\/wp-content\/uploads\/2016\/12\/etp.png\" class=\"vc_single_image-img attachment-full\" alt=\"\" decoding=\"async\" title=\"etp\" loading=\"lazy\" \/><\/div>\n\t\t<\/figure>\n\t<\/div>\n<\/div><\/div><\/div><div class=\"wpb_column vc_column_container vc_col-sm-6 \"><div class=\"vc_column-inner \"><div class=\"wpb_wrapper\">[constructed_text_block title_tag=&#8220;h3&#8243; title=&#8220;EPT Management budov, s.r.o., Bratislava&#8220;]Mit den durchgef\u00fchrten Arbeiten, die zur Beseitigung von Graffiti notwendig waren und die am h\u00f6her angef\u00fchrten Haus durchgef\u00fchrt wurden, waren wir zufrieden. Die Gesellschaft SANAC s. r. o. hat die Arbeiten technologisch und personalm\u00e4\u00dfig auf einem sehr hohen Niveau durchgef\u00fchrt, deshalb k\u00f6nnen wir die genannte Firma jederzeit empfehlen.<\/p>\n<p><em>Ing. J\u00e1n Dopjera<br \/>\nManager der Immobilienverwaltung<br \/>\n<\/em>[\/constructed_text_block]<\/div><\/div><\/div><div class=\"wpb_column vc_column_container vc_col-sm-3 \"><div class=\"vc_column-inner \"><div class=\"wpb_wrapper\">[constructed_download title=&#8220;Siehe die vollst\u00e4ndige Referenz&#8220; link=&#8220;https:\/\/sanac.sk\/de\/wp-content\/uploads\/2017\/07\/etp-dopjera.pdf&#8220; ficon=&#8220;fa fa-file-pdf-o&#8220;]<\/div><\/div><\/div><\/div><div class=\"vc_row wpb_row vc_row-fluid \"><div class=\"wpb_column vc_column_container vc_col-sm-12 \"><div class=\"vc_column-inner \"><div class=\"wpb_wrapper\"><div class=\"vc_empty_space\"   style=\"height: 64px\"><span class=\"vc_empty_space_inner\"><\/span><\/div><\/div><\/div><\/div><\/div><div class=\"vc_row wpb_row vc_row-fluid \"><div class=\"wpb_column vc_column_container vc_col-sm-3 \"><div class=\"vc_column-inner \"><div class=\"wpb_wrapper\">\n\t<div  class=\"wpb_single_image wpb_content_element vc_align_center\">\n\t\t\n\t\t<figure class=\"wpb_wrapper vc_figure\">\n\t\t\t<div class=\"vc_single_image-wrapper   vc_box_border_grey\"><img width=\"90\" height=\"90\" src=\"https:\/\/sanac.sk\/de\/wp-content\/uploads\/2016\/12\/homepro.png\" class=\"vc_single_image-img attachment-full\" alt=\"\" decoding=\"async\" title=\"homepro\" loading=\"lazy\" \/><\/div>\n\t\t<\/figure>\n\t<\/div>\n<\/div><\/div><\/div><div class=\"wpb_column vc_column_container vc_col-sm-6 \"><div class=\"vc_column-inner \"><div class=\"wpb_wrapper\">[constructed_text_block title_tag=&#8220;h3&#8243; title=&#8220;HomePro Spr\u00e1vcovsk\u00e1, s.r.o., Bratislava &#8222;]Dank dem schnellen und professionellen Eingrif der Firma SANAC s. r. o. ist die Erneuerung nach dem Brand flie\u00dfend und ohne Eingriffe in den Betriebs des Einkaufszentrums verlaufen. Die Mitarbeiter der Gesellschaft SANAC s. r. o. haben ihre Arbeit sehr professionell und fachlich organisiert. Aufgrund der h\u00f6her angef\u00fchrten Tatsachen kann ich die Firma SANAC s. r. o., jederzeit weiterempfehlen.<\/p>\n<p><em>Ing. Martin Kanis<br \/>\nGesch\u00e4ftsf\u00fchrer<br \/>\n<\/em>[\/constructed_text_block]<\/div><\/div><\/div><div class=\"wpb_column vc_column_container vc_col-sm-3 \"><div class=\"vc_column-inner \"><div class=\"wpb_wrapper\">[constructed_download title=&#8220;Siehe die vollst\u00e4ndige Referenz&#8220; link=&#8220;https:\/\/sanac.sk\/de\/wp-content\/uploads\/2017\/07\/Homepro-kanis.pdf&#8220; ficon=&#8220;fa fa-file-pdf-o&#8220;]<\/div><\/div><\/div><\/div><div class=\"vc_row wpb_row vc_row-fluid \"><div class=\"wpb_column vc_column_container vc_col-sm-12 \"><div class=\"vc_column-inner \"><div class=\"wpb_wrapper\"><div class=\"vc_empty_space\"   style=\"height: 64px\"><span class=\"vc_empty_space_inner\"><\/span><\/div><\/div><\/div><\/div><\/div><div class=\"vc_row wpb_row vc_row-fluid \"><div class=\"wpb_column vc_column_container vc_col-sm-3 \"><div class=\"vc_column-inner \"><div class=\"wpb_wrapper\">\n\t<div  class=\"wpb_single_image wpb_content_element vc_align_center\">\n\t\t\n\t\t<figure class=\"wpb_wrapper vc_figure\">\n\t\t\t<div class=\"vc_single_image-wrapper   vc_box_border_grey\"><img width=\"90\" height=\"90\" src=\"https:\/\/sanac.sk\/de\/wp-content\/uploads\/2017\/06\/re.png\" class=\"vc_single_image-img attachment-full\" alt=\"\" decoding=\"async\" title=\"re\" loading=\"lazy\" \/><\/div>\n\t\t<\/figure>\n\t<\/div>\n<\/div><\/div><\/div><div class=\"wpb_column vc_column_container vc_col-sm-6 \"><div class=\"vc_column-inner \"><div class=\"wpb_wrapper\">[constructed_text_block title_tag=&#8220;h3&#8243; title=&#8220;RE project development, s.r.o., Bratislava&#8220;]Der Schadensgutachter aus einer ausl\u00e4ndischen Versicherungsgesellschaft hat uns die Gesellschaft SANAC s. r. o. empfohlen. Die Besichtigung und das Preisangebot wurden in einer kurzen Zeit durchgef\u00fchrt, und zwar direkt durch den Gesch\u00e4ftsf\u00fchrer der Gesellschaft Michal Straka. Die Koordinierung von Arbeiten unter seiner Leitung war professionell und trug wesentlich zur schnellen Fertigstellung von Arbeiten bei.<\/p>\n<p><em>Daniela Dudrov\u00e1<br \/>\nVerkaufsleiter<br \/>\n<\/em>[\/constructed_text_block]<\/div><\/div><\/div><div class=\"wpb_column vc_column_container vc_col-sm-3 \"><div class=\"vc_column-inner \"><div class=\"wpb_wrapper\">[constructed_download title=&#8220;Siehe die vollst\u00e4ndige Referenz&#8220; link=&#8220;https:\/\/sanac.sk\/de\/wp-content\/uploads\/2017\/07\/re.pdf&#8220; ficon=&#8220;fa fa-file-pdf-o&#8220;]<\/div><\/div><\/div><\/div><div class=\"vc_row wpb_row vc_row-fluid \"><div class=\"wpb_column vc_column_container vc_col-sm-12 \"><div class=\"vc_column-inner \"><div class=\"wpb_wrapper\"><div class=\"vc_empty_space\"   style=\"height: 64px\"><span class=\"vc_empty_space_inner\"><\/span><\/div><\/div><\/div><\/div><\/div><div class=\"vc_row wpb_row vc_row-fluid \"><div class=\"wpb_column vc_column_container vc_col-sm-3 \"><div class=\"vc_column-inner \"><div class=\"wpb_wrapper\">\n\t<div  class=\"wpb_single_image wpb_content_element vc_align_center\">\n\t\t\n\t\t<figure class=\"wpb_wrapper vc_figure\">\n\t\t\t<div class=\"vc_single_image-wrapper   vc_box_border_grey\"><img width=\"90\" height=\"90\" src=\"https:\/\/sanac.sk\/de\/wp-content\/uploads\/2016\/12\/dometic.png\" class=\"vc_single_image-img attachment-full\" alt=\"\" decoding=\"async\" title=\"dometic\" loading=\"lazy\" \/><\/div>\n\t\t<\/figure>\n\t<\/div>\n<\/div><\/div><\/div><div class=\"wpb_column vc_column_container vc_col-sm-6 \"><div class=\"vc_column-inner \"><div class=\"wpb_wrapper\">[constructed_text_block title_tag=&#8220;h3&#8243; title=&#8220;Dometic Slovakia, s.r.o., Fi\u013eakovo &#8222;]Wir waren mit den in unserem Betrieb durchgef\u00fchrten Sanierungsarbeiten voll zufrieden. Die Gesellschaft SANAC s. r. o. hat die technologische, materielle und auch personalm\u00e4\u00dfige Umsetzung von Sanierungsarbeiten auf einem sehr hohen Niveau vorgenommen, deshalb k\u00f6nnen wir diese Firma jederzeit empfehlen.<\/p>\n<p><em>Gabriela Luk\u00e1\u010dov\u00e1<br \/>\nFinanzmanager<br \/>\n<\/em>[\/constructed_text_block]<\/div><\/div><\/div><div class=\"wpb_column vc_column_container vc_col-sm-3 \"><div class=\"vc_column-inner \"><div class=\"wpb_wrapper\">[constructed_download title=&#8220;Siehe die vollst\u00e4ndige Referenz&#8220; link=&#8220;https:\/\/sanac.sk\/de\/wp-content\/uploads\/2017\/07\/dometic.pdf&#8220; ficon=&#8220;fa fa-file-pdf-o&#8220;]<\/div><\/div><\/div><\/div><div class=\"vc_row wpb_row vc_row-fluid \"><div class=\"wpb_column vc_column_container vc_col-sm-12 \"><div class=\"vc_column-inner \"><div class=\"wpb_wrapper\"><div class=\"vc_empty_space\"   style=\"height: 64px\"><span class=\"vc_empty_space_inner\"><\/span><\/div><\/div><\/div><\/div><\/div><div class=\"vc_row wpb_row vc_row-fluid \"><div class=\"wpb_column vc_column_container vc_col-sm-3 \"><div class=\"vc_column-inner \"><div class=\"wpb_wrapper\">\n\t<div  class=\"wpb_single_image wpb_content_element vc_align_center\">\n\t\t\n\t\t<figure class=\"wpb_wrapper vc_figure\">\n\t\t\t<div class=\"vc_single_image-wrapper   vc_box_border_grey\"><img width=\"90\" height=\"90\" src=\"https:\/\/sanac.sk\/de\/wp-content\/uploads\/2016\/12\/horizont.png\" class=\"vc_single_image-img attachment-full\" alt=\"\" decoding=\"async\" title=\"horizont\" loading=\"lazy\" \/><\/div>\n\t\t<\/figure>\n\t<\/div>\n<\/div><\/div><\/div><div class=\"wpb_column vc_column_container vc_col-sm-6 \"><div class=\"vc_column-inner \"><div class=\"wpb_wrapper\">[constructed_text_block title_tag=&#8220;h3&#8243; title=&#8220;Horizont Resort**** TATRA TRADING INTERNATIONAL, s.r.o., Star\u00e1 Lesn\u00e1&#8220;]Dank dem schnellen und professionellen Eingriff der Gesellschaft SANAC s. r. o. konnten die Rekonstruktionsarbeiten z\u00fcgig und unverz\u00fcglich fortgesetzt werden, was zur Minimalisierung der Zeit der Betriebsunterbrechung f\u00fchrte.<\/p>\n<p><em>Peter Korenko<br \/>\nTechnischer Direktor<br \/>\n<\/em>[\/constructed_text_block]<div class=\"vc_empty_space\"   style=\"height: 64px\"><span class=\"vc_empty_space_inner\"><\/span><\/div><\/div><\/div><\/div><div class=\"wpb_column vc_column_container vc_col-sm-3 \"><div class=\"vc_column-inner \"><div class=\"wpb_wrapper\">[constructed_download title=&#8220;Siehe die vollst\u00e4ndige Referenz&#8220; link=&#8220;https:\/\/sanac.sk\/de\/wp-content\/uploads\/2017\/07\/horizont.pdf&#8220; ficon=&#8220;fa fa-file-pdf-o&#8220;]<\/div><\/div><\/div><\/div><div class=\"vc_row wpb_row vc_row-fluid \"><div class=\"wpb_column vc_column_container vc_col-sm-12 \"><div class=\"vc_column-inner \"><div class=\"wpb_wrapper\"><div class=\"vc_empty_space\"   style=\"height: 32px\"><span class=\"vc_empty_space_inner\"><\/span><\/div><\/div><\/div><\/div><\/div><div class=\"vc_row wpb_row vc_row-fluid \"><div class=\"wpb_column vc_column_container vc_col-sm-3 \"><div class=\"vc_column-inner \"><div class=\"wpb_wrapper\">\n\t<div  class=\"wpb_single_image wpb_content_element vc_align_center\">\n\t\t\n\t\t<figure class=\"wpb_wrapper vc_figure\">\n\t\t\t<div class=\"vc_single_image-wrapper   vc_box_border_grey\"><img class=\"vc_single_image-img \" src=\"https:\/\/sanac.sk\/de\/wp-content\/uploads\/2018\/03\/stiahnu\u0165-100x50.png\" width=\"100\" height=\"50\" alt=\"stiahnu\u0165\" title=\"stiahnu\u0165\" \/><\/div>\n\t\t<\/figure>\n\t<\/div>\n<\/div><\/div><\/div><div class=\"wpb_column vc_column_container vc_col-sm-6 \"><div class=\"vc_column-inner \"><div class=\"wpb_wrapper\">[constructed_text_block title_tag=&#8220;h3&#8243; title=&#8220;L-Byty, s.r.o. , BRATISLAVA&#8220;]&#8220;Mit der Arbeitsqualit\u00e4t waren wir au\u00dferordentlich zufrieden, ebenso mit dem Entgegenkommen und der aktiven Einstellung der Mitarbeiter der Gesellschaft und ihrer F\u00e4higkeit, L\u00f6sungen bei der Arbeit zu finden.<\/p>\n<p>Die Wahl der Firma, die die Reparatur des Hauses durchf\u00fchren sollte, war richtig. Aufgrund unserer Erfahrungen k\u00f6nnen wir die Gesellschaft SANAC s. r. o., als einen zuverl\u00e4ssigen Partner empfehlen, weil sie Leistungen, Service und Qualit\u00e4t auf einem hohen Niveau garantiert.&#8220;<\/p>\n<p>Ing. \u013dudov\u00edt Baj\u010di&nbsp; &nbsp; L-BYTY, s.r.o.<br \/>\nVerwalter BaNP[\/constructed_text_block]<div class=\"vc_empty_space\"   style=\"height: 64px\"><span class=\"vc_empty_space_inner\"><\/span><\/div><\/div><\/div><\/div><div class=\"wpb_column vc_column_container vc_col-sm-3 \"><div class=\"vc_column-inner \"><div class=\"wpb_wrapper\">[constructed_download title=&#8220;Siehe die vollst\u00e4ndige Referenz&#8220; link=&#8220;https:\/\/sanac.sk\/de\/wp-content\/uploads\/2018\/03\/Referencia-L-byty-1.pdf&#8220; ficon=&#8220;fa fa-file-text-o&#8220;]<\/div><\/div><\/div><\/div>\n<\/section>","protected":false},"excerpt":{"rendered":"Warning: Undefined array key \"rounded\" in \/data\/3\/c\/3c434a5e-ff55-4c03-834c-98f012fefa56\/sanac.sk\/web\/de\/wp-content\/themes\/constructed\/vc_templates\/vc_row.php on line 42 [constructed_heading title=\"Unsere zufriedenen Kunden\" image=\"9\"][constructed_breadcrumbs items=\"%5B%7B%22title%22%3A%22Hauptseite%22%2C%22url%22%3A%22https%3A%2F%2Fwww.sanac.sk%2Fde%22%7D%2C%7B%22title%22%3A%22Referenzen%22%2C%22url%22%3A%22https%3A%2F%2Fwww.sanac.sk%2Fde%2Freferencie%2F%22%7D%5D\"] [constructed_text_block title_tag=\"h3\" title=\"Heim f\u00fcr soziale Dienstleistungen Harm\u00f3nia\"]Sanierungs- und Rekonstruktionsarbeiten wurden schnell und professionell durchgef\u00fchrt. Die Mitarbeiter der Firma waren entgegenkommend und r\u00fccksichtsvoll, da sie in Bedingungen gearbeitet haben, die f\u00fcr die Heime f\u00fcr soziale Dienstleistungen spezifisch sind. Ing. M\u00e1ria [...]","protected":false},"author":4,"featured_media":0,"parent":0,"menu_order":0,"comment_status":"closed","ping_status":"closed","template":"","meta":{"footnotes":""},"yoast_head":"<!-- This site is optimized with the Yoast SEO plugin v20.13 - https:\/\/yoast.com\/wordpress\/plugins\/seo\/ -->\n<title>Unsere Referenzen - Sanac.sk<\/title>\n<meta name=\"robots\" content=\"index, follow, max-snippet:-1, max-image-preview:large, max-video-preview:-1\" \/>\n<link rel=\"canonical\" href=\"https:\/\/sanac.sk\/de\/referencie\/\" \/>\n<meta property=\"og:locale\" content=\"de_DE\" \/>\n<meta property=\"og:type\" content=\"article\" \/>\n<meta property=\"og:title\" content=\"Unsere Referenzen - Sanac.sk\" \/>\n<meta property=\"og:url\" content=\"https:\/\/sanac.sk\/de\/referencie\/\" \/>\n<meta property=\"og:site_name\" content=\"Sanac.sk\" \/>\n<meta property=\"article:modified_time\" content=\"2019-07-25T13:12:29+00:00\" \/>\n<meta name=\"twitter:card\" content=\"summary_large_image\" \/>\n<meta name=\"twitter:label1\" content=\"Gesch\u00e4tzte Lesezeit\" \/>\n\t<meta name=\"twitter:data1\" content=\"7\u00a0Minuten\" \/>\n<script type=\"application\/ld+json\" class=\"yoast-schema-graph\">{\"@context\":\"https:\/\/schema.org\",\"@graph\":[{\"@type\":\"WebPage\",\"@id\":\"https:\/\/sanac.sk\/de\/referencie\/\",\"url\":\"https:\/\/sanac.sk\/de\/referencie\/\",\"name\":\"Unsere Referenzen - Sanac.sk\",\"isPartOf\":{\"@id\":\"https:\/\/sanac.sk\/de\/#website\"},\"datePublished\":\"2017-07-19T12:47:58+00:00\",\"dateModified\":\"2019-07-25T13:12:29+00:00\",\"breadcrumb\":{\"@id\":\"https:\/\/sanac.sk\/de\/referencie\/#breadcrumb\"},\"inLanguage\":\"de\",\"potentialAction\":[{\"@type\":\"ReadAction\",\"target\":[\"https:\/\/sanac.sk\/de\/referencie\/\"]}]},{\"@type\":\"BreadcrumbList\",\"@id\":\"https:\/\/sanac.sk\/de\/referencie\/#breadcrumb\",\"itemListElement\":[{\"@type\":\"ListItem\",\"position\":1,\"name\":\"Home\",\"item\":\"https:\/\/sanac.sk\/de\/\"},{\"@type\":\"ListItem\",\"position\":2,\"name\":\"Unsere Referenzen\"}]},{\"@type\":\"WebSite\",\"@id\":\"https:\/\/sanac.sk\/de\/#website\",\"url\":\"https:\/\/sanac.sk\/de\/\",\"name\":\"Sanac.sk\",\"description\":\"Sanierung von Brandsch\u00e4den und Wassersch\u00e4den\",\"potentialAction\":[{\"@type\":\"SearchAction\",\"target\":{\"@type\":\"EntryPoint\",\"urlTemplate\":\"https:\/\/sanac.sk\/de\/?s={search_term_string}\"},\"query-input\":\"required name=search_term_string\"}],\"inLanguage\":\"de\"}]}<\/script>\n<!-- \/ Yoast SEO plugin. -->","yoast_head_json":{"title":"Unsere Referenzen - Sanac.sk","robots":{"index":"index","follow":"follow","max-snippet":"max-snippet:-1","max-image-preview":"max-image-preview:large","max-video-preview":"max-video-preview:-1"},"canonical":"https:\/\/sanac.sk\/de\/referencie\/","og_locale":"de_DE","og_type":"article","og_title":"Unsere Referenzen - Sanac.sk","og_url":"https:\/\/sanac.sk\/de\/referencie\/","og_site_name":"Sanac.sk","article_modified_time":"2019-07-25T13:12:29+00:00","twitter_card":"summary_large_image","twitter_misc":{"Gesch\u00e4tzte Lesezeit":"7\u00a0Minuten"},"schema":{"@context":"https:\/\/schema.org","@graph":[{"@type":"WebPage","@id":"https:\/\/sanac.sk\/de\/referencie\/","url":"https:\/\/sanac.sk\/de\/referencie\/","name":"Unsere Referenzen - Sanac.sk","isPartOf":{"@id":"https:\/\/sanac.sk\/de\/#website"},"datePublished":"2017-07-19T12:47:58+00:00","dateModified":"2019-07-25T13:12:29+00:00","breadcrumb":{"@id":"https:\/\/sanac.sk\/de\/referencie\/#breadcrumb"},"inLanguage":"de","potentialAction":[{"@type":"ReadAction","target":["https:\/\/sanac.sk\/de\/referencie\/"]}]},{"@type":"BreadcrumbList","@id":"https:\/\/sanac.sk\/de\/referencie\/#breadcrumb","itemListElement":[{"@type":"ListItem","position":1,"name":"Home","item":"https:\/\/sanac.sk\/de\/"},{"@type":"ListItem","position":2,"name":"Unsere Referenzen"}]},{"@type":"WebSite","@id":"https:\/\/sanac.sk\/de\/#website","url":"https:\/\/sanac.sk\/de\/","name":"Sanac.sk","description":"Sanierung von Brandsch\u00e4den und Wassersch\u00e4den","potentialAction":[{"@type":"SearchAction","target":{"@type":"EntryPoint","urlTemplate":"https:\/\/sanac.sk\/de\/?s={search_term_string}"},"query-input":"required name=search_term_string"}],"inLanguage":"de"}]}},"_links":{"self":[{"href":"https:\/\/sanac.sk\/de\/wp-json\/wp\/v2\/pages\/582"}],"collection":[{"href":"https:\/\/sanac.sk\/de\/wp-json\/wp\/v2\/pages"}],"about":[{"href":"https:\/\/sanac.sk\/de\/wp-json\/wp\/v2\/types\/page"}],"author":[{"embeddable":true,"href":"https:\/\/sanac.sk\/de\/wp-json\/wp\/v2\/users\/4"}],"replies":[{"embeddable":true,"href":"https:\/\/sanac.sk\/de\/wp-json\/wp\/v2\/comments?post=582"}],"version-history":[{"count":25,"href":"https:\/\/sanac.sk\/de\/wp-json\/wp\/v2\/pages\/582\/revisions"}],"predecessor-version":[{"id":882,"href":"https:\/\/sanac.sk\/de\/wp-json\/wp\/v2\/pages\/582\/revisions\/882"}],"wp:attachment":[{"href":"https:\/\/sanac.sk\/de\/wp-json\/wp\/v2\/media?parent=582"}],"curies":[{"name":"wp","href":"https:\/\/api.w.org\/{rel}","templated":true}]}}