{"id":329,"date":"2016-11-08T13:04:32","date_gmt":"2016-11-08T12:04:32","guid":{"rendered":"http:\/\/viewdemo.co\/constructedwp\/?page_id=6"},"modified":"2026-01-20T14:38:55","modified_gmt":"2026-01-20T13:38:55","slug":"o-nas","status":"publish","type":"page","link":"https:\/\/sanac.sk\/de\/o-nas\/","title":{"rendered":"\u00dcber uns"},"content":{"rendered":"<section class=\"wpb-content-wrapper\"><p><br \/>\n<b>Warning<\/b>:  Undefined array key \"rounded\" in <b>\/data\/3\/c\/3c434a5e-ff55-4c03-834c-98f012fefa56\/sanac.sk\/web\/de\/wp-content\/themes\/constructed\/vc_templates\/vc_row.php<\/b> on line <b>42<\/b><br \/>\n<div data-vc-full-width=\"true\" data-vc-full-width-init=\"false\" data-vc-stretch-content=\"true\" class=\"vc_row wpb_row vc_row-fluid vc_row-no-padding \"><div class=\"wpb_column vc_column_container vc_col-sm-12 \"><div class=\"vc_column-inner \"><div class=\"wpb_wrapper\">[constructed_heading title=&#8220;\u00dcber uns&#8220; image=&#8220;9&#8243;]<\/div><\/div><\/div><\/div><div class=\"vc_row-full-width vc_clearfix\"><\/div><div data-vc-full-width=\"true\" data-vc-full-width-init=\"false\" class=\"vc_row wpb_row vc_row-fluid vc_custom_1478610696514 vc_row-has-fill \"><div class=\"wpb_column vc_column_container vc_col-sm-12 \"><div class=\"vc_column-inner vc_custom_1478610691593\"><div class=\"wpb_wrapper\">[constructed_breadcrumbs items=&#8220;%5B%7B%22title%22%3A%22Hauptseite%22%2C%22url%22%3A%22https%3A%2F%2Fsanac.sk%2Fde%22%7D%2C%7B%22title%22%3A%22%C3%9Cber%20uns%22%2C%22url%22%3A%22https%3A%2F%2Fsanac.sk%2Fde%2Fo-nas%2F%22%7D%5D&#8220;]<\/div><\/div><\/div><\/div><div class=\"vc_row-full-width vc_clearfix\"><\/div><div class=\"vc_row wpb_row vc_row-fluid vc_custom_1478611407991 vc_row-has-fill \"><div class=\"wpb_column vc_column_container vc_col-sm-10 vc_col-md-offset-0 vc_col-md-6 vc_col-sm-offset-1 vc_col-xs-offset-1 vc_col-xs-10 \"><div class=\"vc_column-inner \"><div class=\"wpb_wrapper\">[constructed_text_block title_tag=&#8220;h3&#8243; title=&#8220;Wir haben Erfahrungen aus gr\u00f6\u00dferen und auch kleineren Projekten.&#8220;]<span class=\"HwtZe\" lang=\"de\"><span class=\"jCAhz ChMk0b\"><span class=\"ryNqvb\">Die Gesellschaft SANAC s. r. o. ist auf dem slowakischen Markt schon mehr als 15 Jahre.<\/span><\/span><\/span>\u00a0Wir besch\u00e4ftigen uns haupts\u00e4chlich mit der Sanierung von Brand- und Wassersch\u00e4den.<\/p>\n<p>W\u00e4hrend unserer T\u00e4tigkeit haben wir Dutzende von gr\u00f6\u00dferen oder kleineren Projekten durchgef\u00fchrt, in deren Rahmen wir erfolgreich Sch\u00e4den beseitigt und unseren Kunden ihre Wohnungen, B\u00fcror\u00e4ume, Produktionshallen oder andere Dienstleistungsgeb\u00e4ude in deren Nutzung \u00fcbergeben haben.<\/p>\n<p>Unsere erfahrenen Mitarbeiter sind im Falle einer Naturkatastrophe bereit, ihre professionellen Dienstleistungen 24 Stunden t\u00e4glich auf dem gesamten Gebiet der Slowakischen Republik zur Verf\u00fcgung zu stellen.[\/constructed_text_block]<\/div><\/div><\/div><div class=\"wpb_column vc_column_container vc_col-sm-10 vc_col-md-offset-0 vc_col-md-6 vc_col-sm-offset-1 vc_col-xs-offset-1 vc_col-xs-10 \"><div class=\"vc_column-inner \"><div class=\"wpb_wrapper\">[constructed_quote image=&#8220;622&#8243; text=&#8220;Wir behandeln jeden Kunden individuell und versuchen, ihm zu helfen. Von der professionellen Schadensbeurteilung bis zur endg\u00fcltigen \u00dcbergabe des sanierten Objekts ist es unser Ziel, st\u00e4ndig einen Mehrwert f\u00fcr den Kunden zu schaffen. Ein Mehr zu geben.&#8220; name=&#8220;Michal Straka&#8220; position=&#8220;Generaldirektor&#8220;]<\/div><\/div><\/div><\/div><div class=\"vc_row wpb_row vc_row-fluid \"><div class=\"wpb_column vc_column_container vc_col-sm-12 \"><div class=\"vc_column-inner \"><div class=\"wpb_wrapper\">[constructed_title title=&#8220;Unsere Werte&#8220; text=&#8220;Die Priorit\u00e4t unserer Gesellschaft ist, das sanierte Objekt dem Kunden so zu \u00fcbergeben, damit wir mit dem Objekt auch einen Mehrwert liefern.&#8220;]<\/div><\/div><\/div><\/div><div class=\"vc_row wpb_row vc_row-fluid \"><div class=\"wpb_column vc_column_container vc_col-sm-6 vc_col-md-3 vc_col-sm-offset-0 vc_col-xs-offset-1 vc_col-xs-10 \"><div class=\"vc_column-inner \"><div class=\"wpb_wrapper\">\n\t<div  class=\"wpb_single_image wpb_content_element vc_align_left  vc_custom_1497540278449\">\n\t\t\n\t\t<figure class=\"wpb_wrapper vc_figure\">\n\t\t\t<div class=\"vc_single_image-wrapper   vc_box_border_grey\"><img width=\"262\" height=\"200\" src=\"https:\/\/sanac.sk\/de\/wp-content\/uploads\/2016\/11\/quality.png\" class=\"vc_single_image-img attachment-full\" alt=\"\" decoding=\"async\" title=\"quality\" loading=\"lazy\" \/><\/div>\n\t\t<\/figure>\n\t<\/div>\n[constructed_text_block title_tag=&#8220;h3&#8243; title=&#8220;Qualit\u00e4t&#8220; css=&#8220;.vc_custom_1533294049746{padding-top: 30px !important;padding-right: 0px !important;}&#8220;]Wir f\u00fchren komplette Arbeiten so durch, damit der Lauf des Betriebs so wenig wie m\u00f6glich beeintr\u00e4chtigt wird.[\/constructed_text_block]<\/div><\/div><\/div><div class=\"wpb_column vc_column_container vc_col-sm-6 vc_col-md-3 vc_col-sm-offset-0 vc_col-xs-offset-1 vc_col-xs-10 \"><div class=\"vc_column-inner \"><div class=\"wpb_wrapper\">\n\t<div  class=\"wpb_single_image wpb_content_element vc_align_left  vc_custom_1497541454910\">\n\t\t\n\t\t<figure class=\"wpb_wrapper vc_figure\">\n\t\t\t<div class=\"vc_single_image-wrapper   vc_box_border_grey\"><img width=\"262\" height=\"200\" src=\"https:\/\/sanac.sk\/de\/wp-content\/uploads\/2016\/11\/efektivnost.png\" class=\"vc_single_image-img attachment-full\" alt=\"\" decoding=\"async\" title=\"efektivnost\" loading=\"lazy\" \/><\/div>\n\t\t<\/figure>\n\t<\/div>\n[constructed_text_block title_tag=&#8220;h3&#8243; title=&#8220;Effektivit\u00e4t&#8220; css=&#8220;.vc_custom_1533294066207{padding-top: 30px !important;padding-right: 0px !important;}&#8220;]Deshalb f\u00fchren wir die Sanierungen pr\u00e4zise aber auch schnell durch, damit alles schnell in die gewohnten Bahnen zur\u00fcckkehrt.[\/constructed_text_block]<\/div><\/div><\/div><div class=\"wpb_column vc_column_container vc_col-sm-6 vc_col-md-3 vc_col-sm-offset-0 vc_col-xs-offset-1 vc_col-xs-10 \"><div class=\"vc_column-inner \"><div class=\"wpb_wrapper\">\n\t<div  class=\"wpb_single_image wpb_content_element vc_align_left  vc_custom_1497541193078\">\n\t\t\n\t\t<figure class=\"wpb_wrapper vc_figure\">\n\t\t\t<div class=\"vc_single_image-wrapper   vc_box_border_grey\"><img width=\"262\" height=\"200\" src=\"https:\/\/sanac.sk\/de\/wp-content\/uploads\/2016\/11\/odbornost.png\" class=\"vc_single_image-img attachment-full\" alt=\"\" decoding=\"async\" title=\"odbornost\" loading=\"lazy\" \/><\/div>\n\t\t<\/figure>\n\t<\/div>\n[constructed_text_block title_tag=&#8220;h3&#8243; title=&#8220;Fachlichkeit&#8220; css=&#8220;.vc_custom_1533294080457{padding-top: 30px !important;padding-right: 0px !important;}&#8220;]Wir haben ein eigenes Team von Mitarbeitern und sind deshalb nicht von Sublieferanten abh\u00e4ngig. So sind wir imstande, alle Leistungen schnell und in hoher Qualit\u00e4t durchzuf\u00fchren.[\/constructed_text_block]<\/div><\/div><\/div><div class=\"wpb_column vc_column_container vc_col-sm-6 vc_col-md-3 vc_col-sm-offset-0 vc_col-xs-offset-1 vc_col-xs-10 \"><div class=\"vc_column-inner \"><div class=\"wpb_wrapper\">\n\t<div  class=\"wpb_single_image wpb_content_element vc_align_left  vc_custom_1497540462587\">\n\t\t\n\t\t<figure class=\"wpb_wrapper vc_figure\">\n\t\t\t<div class=\"vc_single_image-wrapper   vc_box_border_grey\"><img width=\"262\" height=\"200\" src=\"https:\/\/sanac.sk\/de\/wp-content\/uploads\/2016\/11\/rychlost.png\" class=\"vc_single_image-img attachment-full\" alt=\"\" decoding=\"async\" title=\"rychlost\" loading=\"lazy\" \/><\/div>\n\t\t<\/figure>\n\t<\/div>\n[constructed_text_block title_tag=&#8220;h3&#8243; title=&#8220;Schnelligkeit&#8220; css=&#8220;.vc_custom_1533294098302{padding-top: 30px !important;padding-right: 0px !important;}&#8220;]Die Zeit ist entscheidend, deshalb ist es wichtig zu beginnen, die Sachen so schnell wie m\u00f6glich zu l\u00f6sen, um die Sch\u00e4den m\u00f6glichst zu minimalisieren.[\/constructed_text_block]<\/div><\/div><\/div><\/div><div data-vc-full-width=\"true\" data-vc-full-width-init=\"false\" class=\"vc_row wpb_row vc_row-fluid vc_custom_1479828466048 vc_row-has-fill \"><div class=\"wpb_column vc_column_container vc_col-sm-12 \"><div class=\"vc_column-inner \"><div class=\"wpb_wrapper\">[constructed_title title=&#8220;Unser Team&#8220; text=&#8220;Die Gesellschaft SANAC s. r. o. besch\u00e4ftigt Fachleute, deren Ziel es ist, jedes Problem in hoher Qualit\u00e4t und effektiv zu l\u00f6sen.&#8220; css=&#8220;.vc_custom_1614582517936{margin-bottom: 45px !important;}&#8220;]<div class=\"vc_row wpb_row vc_inner vc_row-fluid\"><div class=\"wpb_column vc_column_container vc_col-sm-3 vc_col-lg-3 vc_col-md-4 vc_col-sm-offset-0 vc_col-xs-offset-1 vc_col-xs-10\"><div class=\"vc_column-inner\"><div class=\"wpb_wrapper\">[constructed_team name=&#8220;Michal Straka&#8220; position=&#8220;Generaldirektor&#8220; email=&#8220;michal.straka@sanac.sk&#8220; social=&#8220;%5B%7B%7D%5D&#8220; image=&#8220;936&#8243; number=&#8220;+421 914 333 777&#8243;]<\/div><\/div><\/div><div class=\"wpb_column vc_column_container vc_col-sm-3 vc_col-lg-3 vc_col-md-4 vc_col-sm-offset-0 vc_col-xs-offset-1 vc_col-xs-10\"><div class=\"vc_column-inner\"><div class=\"wpb_wrapper\">[constructed_team name=&#8220;Ing. Jozef Rechtor\u00edk&#8220; position=&#8220;Gesch\u00e4ftsf\u00fchrender Direktor&#8220; social=&#8220;%5B%7B%7D%5D&#8220; image=&#8220;993&#8243; number=&#8220;+421 914 333 706&#8243; email=&#8220;jozef.rechtorik@sanac.sk&#8220;]<\/div><\/div><\/div><div class=\"wpb_column vc_column_container vc_col-sm-3 vc_col-lg-3 vc_col-md-4 vc_col-sm-offset-0 vc_col-xs-offset-1 vc_col-xs-10\"><div class=\"vc_column-inner\"><div class=\"wpb_wrapper\">[constructed_team image=&#8220;1055&#8243; name=&#8220;Ing. Silvia P\u00f3dov\u00e1&#8220; position=&#8220;Technische Direktor&#8220; email=&#8220;silvia.podova@sanac.sk&#8220; number=&#8220;+421 908 333 707&#8243; social=&#8220;%5B%7B%7D%5D&#8220;]<\/div><\/div><\/div><div class=\"wpb_column vc_column_container vc_col-sm-3 vc_col-lg-3 vc_col-md-4 vc_col-sm-offset-0 vc_col-xs-offset-1 vc_col-xs-10\"><div class=\"vc_column-inner\"><div class=\"wpb_wrapper\">[constructed_team image=&#8220;1008&#8243; name=&#8220;Ing. Martina Li\u0161kov\u00e1&#8220; position=&#8220;Office Manager&#8220; email=&#8220;martina.liskova@sanac.sk&#8220; number=&#8220;+421 908 333 775&#8243; social=&#8220;%5B%7B%7D%5D&#8220;]<\/div><\/div><\/div><\/div><div class=\"vc_row wpb_row vc_inner vc_row-fluid\"><div class=\"wpb_column vc_column_container vc_col-sm-3 vc_col-lg-3 vc_col-md-4 vc_col-sm-offset-0 vc_col-xs-offset-1 vc_col-xs-10\"><div class=\"vc_column-inner\"><div class=\"wpb_wrapper\">[constructed_team name=&#8220;Luk\u00e1\u0161 Mi\u010da&#8220; social=&#8220;%5B%7B%7D%5D&#8220; position=&#8220;Leiter Lager und Logistik&#8220; number=&#8220;+421 914 333 702&#8243; image=&#8220;994&#8243; email=&#8220;sklad@sanac.sk&#8220;]<\/div><\/div><\/div><div class=\"wpb_column vc_column_container vc_col-sm-3 vc_col-lg-3 vc_col-md-4 vc_col-sm-offset-0 vc_col-xs-offset-1 vc_col-xs-10\"><div class=\"vc_column-inner\"><div class=\"wpb_wrapper\">[constructed_team image=&#8220;1052&#8243; name=&#8220;Ing. Petra Penzenyk&#8220; position=&#8220;Projektmanagerin&#8220; email=&#8220;petra.penzenyk@sanac.sk&#8220; social=&#8220;%5B%7B%7D%5D&#8220;]<\/div><\/div><\/div><div class=\"wpb_column vc_column_container vc_col-sm-3 vc_col-lg-3 vc_col-md-4 vc_col-sm-offset-0 vc_col-xs-offset-1 vc_col-xs-10\"><div class=\"vc_column-inner\"><div class=\"wpb_wrapper\">[constructed_team name=&#8220;Adam Kraj\u010dovi\u010d&#8220; position=&#8220;Projektmanagerin&#8220; email=&#8220;adam.krajcovic@sanac.sk&#8220; social=&#8220;%5B%7B%7D%5D&#8220; number=&#8220;+421914 333 212&#8243;]<\/div><\/div><\/div><div class=\"wpb_column vc_column_container vc_col-sm-3 vc_col-lg-3 vc_col-md-4 vc_col-sm-offset-0 vc_col-xs-offset-1 vc_col-xs-10\"><div class=\"vc_column-inner\"><div class=\"wpb_wrapper\"><\/div><\/div><\/div><\/div><div class=\"vc_row wpb_row vc_inner vc_row-fluid\"><div class=\"wpb_column vc_column_container vc_col-sm-3 vc_col-lg-3 vc_col-md-4 vc_col-sm-offset-0 vc_col-xs-offset-1 vc_col-xs-10\"><div class=\"vc_column-inner\"><div class=\"wpb_wrapper\"><\/div><\/div><\/div><div class=\"wpb_column vc_column_container vc_col-sm-3 vc_col-lg-3 vc_col-md-4 vc_col-sm-offset-0 vc_col-xs-offset-1 vc_col-xs-10\"><div class=\"vc_column-inner\"><div class=\"wpb_wrapper\"><\/div><\/div><\/div><div class=\"wpb_column vc_column_container vc_col-sm-3 vc_col-lg-3 vc_col-md-4 vc_col-sm-offset-0 vc_col-xs-offset-1 vc_col-xs-10\"><div class=\"vc_column-inner\"><div class=\"wpb_wrapper\"><\/div><\/div><\/div><div class=\"wpb_column vc_column_container vc_col-sm-3 vc_col-lg-3 vc_col-md-4 vc_col-sm-offset-0 vc_col-xs-offset-1 vc_col-xs-10\"><div class=\"vc_column-inner\"><div class=\"wpb_wrapper\"><\/div><\/div><\/div><\/div><\/div><\/div><\/div><\/div><div class=\"vc_row-full-width vc_clearfix\"><\/div><div class=\"vc_row wpb_row vc_row-fluid \"><div class=\"wpb_column vc_column_container vc_col-sm-12 \"><div class=\"vc_column-inner \"><div class=\"wpb_wrapper\"><\/div><\/div><\/div><\/div><div class=\"vc_row wpb_row vc_row-fluid \"><div class=\"wpb_column vc_column_container vc_col-sm-12 \"><div class=\"vc_column-inner \"><div class=\"wpb_wrapper\">[constructed_title title=&#8220;Bewertungen von unserer Kunden&#8220; text=&#8220;Die hohe Qualit\u00e4t unserer Arbeit spricht f\u00fcr sich. Wir sch\u00e4tzen es aber nat\u00fcrlich, wenn unsere Kunden nach der Zusammenarbeit zufriedene Referenzen hinterlassen.&#8220;][constructed_testimonials tax=&#8220;main&#8220; style=&#8220;modern&#8220; item_color=&#8220;light&#8220; count=&#8220;10&#8243;]<\/div><\/div><\/div><\/div>\n<\/section>","protected":false},"excerpt":{"rendered":"Warning: Undefined array key \"rounded\" in \/data\/3\/c\/3c434a5e-ff55-4c03-834c-98f012fefa56\/sanac.sk\/web\/de\/wp-content\/themes\/constructed\/vc_templates\/vc_row.php on line 42 [constructed_heading title=\"\u00dcber uns\" image=\"9\"][constructed_breadcrumbs items=\"%5B%7B%22title%22%3A%22Hauptseite%22%2C%22url%22%3A%22https%3A%2F%2Fsanac.sk%2Fde%22%7D%2C%7B%22title%22%3A%22%C3%9Cber%20uns%22%2C%22url%22%3A%22https%3A%2F%2Fsanac.sk%2Fde%2Fo-nas%2F%22%7D%5D\"][constructed_text_block title_tag=\"h3\" title=\"Wir haben Erfahrungen aus gr\u00f6\u00dferen und auch kleineren Projekten.\"]Die Gesellschaft SANAC s. r. o. ist auf dem slowakischen Markt schon mehr als 15 Jahre.\u00a0Wir besch\u00e4ftigen uns haupts\u00e4chlich mit der Sanierung von Brand- und Wassersch\u00e4den. W\u00e4hrend unserer T\u00e4tigkeit haben wir [...]","protected":false},"author":4,"featured_media":0,"parent":0,"menu_order":0,"comment_status":"closed","ping_status":"closed","template":"","meta":{"footnotes":""},"yoast_head":"<!-- This site is optimized with the Yoast SEO plugin v20.13 - https:\/\/yoast.com\/wordpress\/plugins\/seo\/ -->\n<title>\u00dcber uns - Sanac.sk<\/title>\n<meta name=\"robots\" content=\"index, follow, max-snippet:-1, max-image-preview:large, max-video-preview:-1\" \/>\n<link rel=\"canonical\" href=\"https:\/\/sanac.sk\/de\/o-nas\/\" \/>\n<meta property=\"og:locale\" content=\"de_DE\" \/>\n<meta property=\"og:type\" content=\"article\" \/>\n<meta property=\"og:title\" content=\"\u00dcber uns - Sanac.sk\" \/>\n<meta property=\"og:url\" content=\"https:\/\/sanac.sk\/de\/o-nas\/\" \/>\n<meta property=\"og:site_name\" content=\"Sanac.sk\" \/>\n<meta property=\"article:modified_time\" content=\"2026-01-20T13:38:55+00:00\" \/>\n<meta name=\"twitter:card\" content=\"summary_large_image\" \/>\n<meta name=\"twitter:label1\" content=\"Gesch\u00e4tzte Lesezeit\" \/>\n\t<meta name=\"twitter:data1\" content=\"4\u00a0Minuten\" \/>\n<script type=\"application\/ld+json\" class=\"yoast-schema-graph\">{\"@context\":\"https:\/\/schema.org\",\"@graph\":[{\"@type\":\"WebPage\",\"@id\":\"https:\/\/sanac.sk\/de\/o-nas\/\",\"url\":\"https:\/\/sanac.sk\/de\/o-nas\/\",\"name\":\"\u00dcber uns - Sanac.sk\",\"isPartOf\":{\"@id\":\"https:\/\/sanac.sk\/de\/#website\"},\"datePublished\":\"2016-11-08T12:04:32+00:00\",\"dateModified\":\"2026-01-20T13:38:55+00:00\",\"breadcrumb\":{\"@id\":\"https:\/\/sanac.sk\/de\/o-nas\/#breadcrumb\"},\"inLanguage\":\"de\",\"potentialAction\":[{\"@type\":\"ReadAction\",\"target\":[\"https:\/\/sanac.sk\/de\/o-nas\/\"]}]},{\"@type\":\"BreadcrumbList\",\"@id\":\"https:\/\/sanac.sk\/de\/o-nas\/#breadcrumb\",\"itemListElement\":[{\"@type\":\"ListItem\",\"position\":1,\"name\":\"Home\",\"item\":\"https:\/\/sanac.sk\/de\/\"},{\"@type\":\"ListItem\",\"position\":2,\"name\":\"\u00dcber uns\"}]},{\"@type\":\"WebSite\",\"@id\":\"https:\/\/sanac.sk\/de\/#website\",\"url\":\"https:\/\/sanac.sk\/de\/\",\"name\":\"Sanac.sk\",\"description\":\"Sanierung von Brandsch\u00e4den und Wassersch\u00e4den\",\"potentialAction\":[{\"@type\":\"SearchAction\",\"target\":{\"@type\":\"EntryPoint\",\"urlTemplate\":\"https:\/\/sanac.sk\/de\/?s={search_term_string}\"},\"query-input\":\"required name=search_term_string\"}],\"inLanguage\":\"de\"}]}<\/script>\n<!-- \/ Yoast SEO plugin. -->","yoast_head_json":{"title":"\u00dcber uns - Sanac.sk","robots":{"index":"index","follow":"follow","max-snippet":"max-snippet:-1","max-image-preview":"max-image-preview:large","max-video-preview":"max-video-preview:-1"},"canonical":"https:\/\/sanac.sk\/de\/o-nas\/","og_locale":"de_DE","og_type":"article","og_title":"\u00dcber uns - Sanac.sk","og_url":"https:\/\/sanac.sk\/de\/o-nas\/","og_site_name":"Sanac.sk","article_modified_time":"2026-01-20T13:38:55+00:00","twitter_card":"summary_large_image","twitter_misc":{"Gesch\u00e4tzte Lesezeit":"4\u00a0Minuten"},"schema":{"@context":"https:\/\/schema.org","@graph":[{"@type":"WebPage","@id":"https:\/\/sanac.sk\/de\/o-nas\/","url":"https:\/\/sanac.sk\/de\/o-nas\/","name":"\u00dcber uns - Sanac.sk","isPartOf":{"@id":"https:\/\/sanac.sk\/de\/#website"},"datePublished":"2016-11-08T12:04:32+00:00","dateModified":"2026-01-20T13:38:55+00:00","breadcrumb":{"@id":"https:\/\/sanac.sk\/de\/o-nas\/#breadcrumb"},"inLanguage":"de","potentialAction":[{"@type":"ReadAction","target":["https:\/\/sanac.sk\/de\/o-nas\/"]}]},{"@type":"BreadcrumbList","@id":"https:\/\/sanac.sk\/de\/o-nas\/#breadcrumb","itemListElement":[{"@type":"ListItem","position":1,"name":"Home","item":"https:\/\/sanac.sk\/de\/"},{"@type":"ListItem","position":2,"name":"\u00dcber uns"}]},{"@type":"WebSite","@id":"https:\/\/sanac.sk\/de\/#website","url":"https:\/\/sanac.sk\/de\/","name":"Sanac.sk","description":"Sanierung von Brandsch\u00e4den und Wassersch\u00e4den","potentialAction":[{"@type":"SearchAction","target":{"@type":"EntryPoint","urlTemplate":"https:\/\/sanac.sk\/de\/?s={search_term_string}"},"query-input":"required name=search_term_string"}],"inLanguage":"de"}]}},"_links":{"self":[{"href":"https:\/\/sanac.sk\/de\/wp-json\/wp\/v2\/pages\/329"}],"collection":[{"href":"https:\/\/sanac.sk\/de\/wp-json\/wp\/v2\/pages"}],"about":[{"href":"https:\/\/sanac.sk\/de\/wp-json\/wp\/v2\/types\/page"}],"author":[{"embeddable":true,"href":"https:\/\/sanac.sk\/de\/wp-json\/wp\/v2\/users\/4"}],"replies":[{"embeddable":true,"href":"https:\/\/sanac.sk\/de\/wp-json\/wp\/v2\/comments?post=329"}],"version-history":[{"count":86,"href":"https:\/\/sanac.sk\/de\/wp-json\/wp\/v2\/pages\/329\/revisions"}],"predecessor-version":[{"id":1073,"href":"https:\/\/sanac.sk\/de\/wp-json\/wp\/v2\/pages\/329\/revisions\/1073"}],"wp:attachment":[{"href":"https:\/\/sanac.sk\/de\/wp-json\/wp\/v2\/media?parent=329"}],"curies":[{"name":"wp","href":"https:\/\/api.w.org\/{rel}","templated":true}]}}