{"id":190,"date":"2016-11-24T10:10:22","date_gmt":"2016-11-24T09:10:22","guid":{"rendered":"http:\/\/viewdemo.co\/constructedwp\/?page_id=190"},"modified":"2020-02-27T10:55:13","modified_gmt":"2020-02-27T09:55:13","slug":"nase-sluzby","status":"publish","type":"page","link":"https:\/\/sanac.sk\/de\/nase-sluzby\/","title":{"rendered":"Unsere Dienstleistungen"},"content":{"rendered":"<section class=\"wpb-content-wrapper\"><p><br \/>\n<b>Warning<\/b>:  Undefined array key \"rounded\" in <b>\/data\/3\/c\/3c434a5e-ff55-4c03-834c-98f012fefa56\/sanac.sk\/web\/de\/wp-content\/themes\/constructed\/vc_templates\/vc_row.php<\/b> on line <b>42<\/b><br \/>\n<div data-vc-full-width=\"true\" data-vc-full-width-init=\"false\" data-vc-stretch-content=\"true\" class=\"vc_row wpb_row vc_row-fluid vc_row-no-padding \"><div class=\"wpb_column vc_column_container vc_col-sm-12 \"><div class=\"vc_column-inner \"><div class=\"wpb_wrapper\">[constructed_heading title=&#8220;Unsere Dienstleistungen&#8220; image=&#8220;9&#8243;]<\/div><\/div><\/div><\/div><div class=\"vc_row-full-width vc_clearfix\"><\/div><div data-vc-full-width=\"true\" data-vc-full-width-init=\"false\" class=\"vc_row wpb_row vc_row-fluid vc_custom_1478012124303 vc_row-has-fill \"><div class=\"wpb_column vc_column_container vc_col-sm-12 \"><div class=\"vc_column-inner vc_custom_1478012545725\"><div class=\"wpb_wrapper\">[constructed_breadcrumbs items=&#8220;%5B%7B%22title%22%3A%22Hauptseite%22%2C%22url%22%3A%22https%3A%2F%2Fwww.sanac.sk%2Fde%22%7D%2C%7B%22title%22%3A%22Unsere%20Dienstleistungen%22%2C%22url%22%3A%22https%3A%2F%2Fwww.sanac.sk%2Fde%2Fnase-sluzby%2F%22%7D%5D&#8220;]<\/div><\/div><\/div><\/div><div class=\"vc_row-full-width vc_clearfix\"><\/div><div data-vc-full-width=\"true\" data-vc-full-width-init=\"false\" class=\"vc_row wpb_row vc_row-fluid vc_row-o-content-middle vc_row-flex \"><div class=\"wpb_column vc_column_container vc_col-sm-3 vc_col-md-3 vc_col-sm-offset-0 vc_col-xs-offset-1 vc_col-xs-10 \"><div class=\"vc_column-inner \"><div class=\"wpb_wrapper\">[constructed_icon_text style=&#8220;style7&#8243; icon_type=&#8220;ticon&#8220; ticon=&#8220;icons8-gas&#8220; title=&#8220;Brandschadesanierung&#8220; text=&#8220;Ut vitae eros ipsum. Supeise accumsan eros nunc, et bumagna asso scelerue vitae.&#8220; button=&#8220;url:https%3A%2F%2Fsanac.sk%2Fde%2Fservices%2Fsanacia-skod-po-poziari%2F|title:Mehr%20erfahren||&#8220; icon_color=&#8220;#ff0000&#8243;]Wenn die Feuerwehr wegf\u00e4hrt, kommt die SANAC s. r. o.. Gerade jetzt ist jede Stunde wichtig, denn Sedimente nach einem Brand und L\u00f6schwasser k\u00f6nnen weitere riesige Sch\u00e4den verursachen.[\/constructed_icon_text]<\/div><\/div><\/div><div class=\"wpb_column vc_column_container vc_col-sm-3 vc_col-md-3 vc_col-sm-offset-0 vc_col-xs-offset-1 vc_col-xs-10 \"><div class=\"vc_column-inner \"><div class=\"wpb_wrapper\">[constructed_icon_text style=&#8220;style7&#8243; icon_type=&#8220;ticon&#8220; ticon=&#8220;icons8-plumbing&#8220; title=&#8220;Wasserschadesanierung&#8220; text=&#8220;Ut vitae eros ipsum. Supeise accumsan eros nunc, et bumagna asso scelerue vitae.&#8220; button=&#8220;url:https%3A%2F%2Fsanac.sk%2Fde%2Fservices%2Fsanacia-skod-po-vode%2F|title:Mehr%20erfahren||&#8220; icon_color=&#8220;#ff0000&#8243;]Auch ein kleiner Riss in der Abwasser- oder Wasserleitung <strong>kann einen gro\u00dfen Schaden verursachen<\/strong>. Es ist gut zu wissen, an wen Sie sich mit Vertrauen wenden k\u00f6nnen.[\/constructed_icon_text]<\/div><\/div><\/div><div class=\"wpb_column vc_column_container vc_col-sm-3 vc_col-md-3 vc_col-sm-offset-0 vc_col-xs-offset-1 vc_col-xs-10 \"><div class=\"vc_column-inner \"><div class=\"wpb_wrapper\">[constructed_icon_text style=&#8220;style7&#8243; icon_type=&#8220;ticon&#8220; ticon=&#8220;icons8-paint-bucket&#8220; title=&#8220;Graffitientfernung&#8220; text=&#8220;Ut vitae eros ipsum. Supeise accumsan eros nunc, et bumagna asso scelerue vitae.&#8220; button=&#8220;url:https%3A%2F%2Fsanac.sk%2Fde%2Fservices%2Fodstranenie-grafitov%2F|title:Mehr%20erfahren||&#8220; icon_color=&#8220;#ff0000&#8243;]Die Beseitigung von Graffiti erfordert spezialisierte Instrumente und Reinigungsmittel, die beim fachgem\u00e4\u00dfen Gebrauch die Besch\u00e4digung der verunreinigten Fl\u00e4che minimalisieren.[\/constructed_icon_text]<\/div><\/div><\/div><div class=\"wpb_column vc_column_container vc_col-sm-3 \"><div class=\"vc_column-inner \"><div class=\"wpb_wrapper\">[constructed_icon_text style=&#8220;style7&#8243; icon_type=&#8220;ticon&#8220; ticon=&#8220;icons8-truck&#8220; title=&#8220;Maschienen-und Fahrzeugesanierung&#8220; text=&#8220;Ut vitae eros ipsum. Supeise accumsan eros nunc, et bumagna asso scelerue vitae.&#8220; button=&#8220;url:https%3A%2F%2Fsanac.sk%2Fde%2Fservices%2Fsanacia-skod-na-autach-a-strojoch%2F|title:Mehr%20erfahren||&#8220; icon_color=&#8220;#ff0000&#8243;]Wir bieten &#8211; <strong>professionelle Reinigung von Fahrzeugoberfl\u00e4chen, die durch Farbe<\/strong>, evtl. andere adh\u00e4sive Stoffe besch\u00e4digt wurden.[\/constructed_icon_text]<\/div><\/div><\/div><\/div><div class=\"vc_row-full-width vc_clearfix\"><\/div><div class=\"vc_row wpb_row vc_row-fluid vc_row-o-equal-height vc_row-o-content-middle vc_row-flex \"><div class=\"wpb_column vc_column_container vc_col-sm-3 \"><div class=\"vc_column-inner \"><div class=\"wpb_wrapper\"><\/div><\/div><\/div><div class=\"wpb_column vc_column_container vc_col-sm-3 \"><div class=\"vc_column-inner \"><div class=\"wpb_wrapper\">[constructed_icon_text style=&#8220;style7&#8243; icon_type=&#8220;ticon&#8220; ticon=&#8220;icons8-basement&#8220; title=&#8220;Leckageortung&#8220; text=&#8220;Ut vitae eros ipsum. Supeise accumsan eros nunc, et bumagna asso scelerue vitae.&#8220; button=&#8220;url:https%3A%2F%2Fsanac.sk%2Fde%2Fservices%2Flokalizacia-priesakov%2F|title:Mehr%20erfahren||&#8220; icon_color=&#8220;#ff0000&#8243;]Bevor man mit den destruktiven Arbeiten beginnt, muss das Problem identifiziert und lokalisiert werden.[\/constructed_icon_text]<\/div><\/div><\/div><div class=\"wpb_column vc_column_container vc_col-sm-3 \"><div class=\"vc_column-inner \"><div class=\"wpb_wrapper\">[constructed_icon_text style=&#8220;style7&#8243; icon_type=&#8220;ticon&#8220; ticon=&#8220;icons8-construction-worker&#8220; title=&#8220;Spetziale Tatigkeiten&#8220; text=&#8220;Ut vitae eros ipsum. Supeise accumsan eros nunc, et bumagna asso scelerue vitae.&#8220; button=&#8220;url:https%3A%2F%2Fsanac.sk%2Fde%2Fservices%2Fine-skody-a-specialne-cinnosti%2F|title:Mehr%20erfahren||&#8220; icon_color=&#8220;#ff0000&#8243;]SANAC s. r. o. wird Ihre Lufttechnik, Ihre Maschinen, Installationen, Ihre Elektronik usw. fachgerecht reinigen.[\/constructed_icon_text]<\/div><\/div><\/div><div class=\"wpb_column vc_column_container vc_col-sm-3 \"><div class=\"vc_column-inner \"><div class=\"wpb_wrapper\"><\/div><\/div><\/div><\/div>\n<\/section>","protected":false},"excerpt":{"rendered":"Warning: Undefined array key \"rounded\" in \/data\/3\/c\/3c434a5e-ff55-4c03-834c-98f012fefa56\/sanac.sk\/web\/de\/wp-content\/themes\/constructed\/vc_templates\/vc_row.php on line 42 [constructed_heading title=\"Unsere Dienstleistungen\" image=\"9\"][constructed_breadcrumbs items=\"%5B%7B%22title%22%3A%22Hauptseite%22%2C%22url%22%3A%22https%3A%2F%2Fwww.sanac.sk%2Fde%22%7D%2C%7B%22title%22%3A%22Unsere%20Dienstleistungen%22%2C%22url%22%3A%22https%3A%2F%2Fwww.sanac.sk%2Fde%2Fnase-sluzby%2F%22%7D%5D\"][constructed_icon_text style=\"style7\" icon_type=\"ticon\" ticon=\"icons8-gas\" title=\"Brandschadesanierung\" text=\"Ut vitae eros ipsum. Supeise accumsan eros nunc, et bumagna asso scelerue vitae.\" button=\"url:https%3A%2F%2Fsanac.sk%2Fde%2Fservices%2Fsanacia-skod-po-poziari%2F|title:Mehr%20erfahren||\" icon_color=\"#ff0000\"]Wenn die Feuerwehr wegf\u00e4hrt, kommt die SANAC s. r. o.. Gerade jetzt ist jede Stunde wichtig, denn Sedimente nach einem Brand und [...]","protected":false},"author":4,"featured_media":0,"parent":0,"menu_order":0,"comment_status":"closed","ping_status":"closed","template":"","meta":{"footnotes":""},"yoast_head":"<!-- This site is optimized with the Yoast SEO plugin v20.13 - https:\/\/yoast.com\/wordpress\/plugins\/seo\/ -->\n<title>Unsere Dienstleistungen - Sanac.sk<\/title>\n<meta name=\"robots\" content=\"index, follow, max-snippet:-1, max-image-preview:large, max-video-preview:-1\" \/>\n<link rel=\"canonical\" href=\"https:\/\/sanac.sk\/de\/nase-sluzby\/\" \/>\n<meta property=\"og:locale\" content=\"de_DE\" \/>\n<meta property=\"og:type\" content=\"article\" \/>\n<meta property=\"og:title\" content=\"Unsere Dienstleistungen - Sanac.sk\" \/>\n<meta property=\"og:url\" content=\"https:\/\/sanac.sk\/de\/nase-sluzby\/\" \/>\n<meta property=\"og:site_name\" content=\"Sanac.sk\" \/>\n<meta property=\"article:modified_time\" content=\"2020-02-27T09:55:13+00:00\" \/>\n<meta name=\"twitter:card\" content=\"summary_large_image\" \/>\n<meta name=\"twitter:label1\" content=\"Gesch\u00e4tzte Lesezeit\" \/>\n\t<meta name=\"twitter:data1\" content=\"3\u00a0Minuten\" \/>\n<script type=\"application\/ld+json\" class=\"yoast-schema-graph\">{\"@context\":\"https:\/\/schema.org\",\"@graph\":[{\"@type\":\"WebPage\",\"@id\":\"https:\/\/sanac.sk\/de\/nase-sluzby\/\",\"url\":\"https:\/\/sanac.sk\/de\/nase-sluzby\/\",\"name\":\"Unsere Dienstleistungen - Sanac.sk\",\"isPartOf\":{\"@id\":\"https:\/\/sanac.sk\/de\/#website\"},\"datePublished\":\"2016-11-24T09:10:22+00:00\",\"dateModified\":\"2020-02-27T09:55:13+00:00\",\"breadcrumb\":{\"@id\":\"https:\/\/sanac.sk\/de\/nase-sluzby\/#breadcrumb\"},\"inLanguage\":\"de\",\"potentialAction\":[{\"@type\":\"ReadAction\",\"target\":[\"https:\/\/sanac.sk\/de\/nase-sluzby\/\"]}]},{\"@type\":\"BreadcrumbList\",\"@id\":\"https:\/\/sanac.sk\/de\/nase-sluzby\/#breadcrumb\",\"itemListElement\":[{\"@type\":\"ListItem\",\"position\":1,\"name\":\"Home\",\"item\":\"https:\/\/sanac.sk\/de\/\"},{\"@type\":\"ListItem\",\"position\":2,\"name\":\"Unsere Dienstleistungen\"}]},{\"@type\":\"WebSite\",\"@id\":\"https:\/\/sanac.sk\/de\/#website\",\"url\":\"https:\/\/sanac.sk\/de\/\",\"name\":\"Sanac.sk\",\"description\":\"Sanierung von Brandsch\u00e4den und Wassersch\u00e4den\",\"potentialAction\":[{\"@type\":\"SearchAction\",\"target\":{\"@type\":\"EntryPoint\",\"urlTemplate\":\"https:\/\/sanac.sk\/de\/?s={search_term_string}\"},\"query-input\":\"required name=search_term_string\"}],\"inLanguage\":\"de\"}]}<\/script>\n<!-- \/ Yoast SEO plugin. -->","yoast_head_json":{"title":"Unsere Dienstleistungen - Sanac.sk","robots":{"index":"index","follow":"follow","max-snippet":"max-snippet:-1","max-image-preview":"max-image-preview:large","max-video-preview":"max-video-preview:-1"},"canonical":"https:\/\/sanac.sk\/de\/nase-sluzby\/","og_locale":"de_DE","og_type":"article","og_title":"Unsere Dienstleistungen - Sanac.sk","og_url":"https:\/\/sanac.sk\/de\/nase-sluzby\/","og_site_name":"Sanac.sk","article_modified_time":"2020-02-27T09:55:13+00:00","twitter_card":"summary_large_image","twitter_misc":{"Gesch\u00e4tzte Lesezeit":"3\u00a0Minuten"},"schema":{"@context":"https:\/\/schema.org","@graph":[{"@type":"WebPage","@id":"https:\/\/sanac.sk\/de\/nase-sluzby\/","url":"https:\/\/sanac.sk\/de\/nase-sluzby\/","name":"Unsere Dienstleistungen - Sanac.sk","isPartOf":{"@id":"https:\/\/sanac.sk\/de\/#website"},"datePublished":"2016-11-24T09:10:22+00:00","dateModified":"2020-02-27T09:55:13+00:00","breadcrumb":{"@id":"https:\/\/sanac.sk\/de\/nase-sluzby\/#breadcrumb"},"inLanguage":"de","potentialAction":[{"@type":"ReadAction","target":["https:\/\/sanac.sk\/de\/nase-sluzby\/"]}]},{"@type":"BreadcrumbList","@id":"https:\/\/sanac.sk\/de\/nase-sluzby\/#breadcrumb","itemListElement":[{"@type":"ListItem","position":1,"name":"Home","item":"https:\/\/sanac.sk\/de\/"},{"@type":"ListItem","position":2,"name":"Unsere Dienstleistungen"}]},{"@type":"WebSite","@id":"https:\/\/sanac.sk\/de\/#website","url":"https:\/\/sanac.sk\/de\/","name":"Sanac.sk","description":"Sanierung von Brandsch\u00e4den und Wassersch\u00e4den","potentialAction":[{"@type":"SearchAction","target":{"@type":"EntryPoint","urlTemplate":"https:\/\/sanac.sk\/de\/?s={search_term_string}"},"query-input":"required name=search_term_string"}],"inLanguage":"de"}]}},"_links":{"self":[{"href":"https:\/\/sanac.sk\/de\/wp-json\/wp\/v2\/pages\/190"}],"collection":[{"href":"https:\/\/sanac.sk\/de\/wp-json\/wp\/v2\/pages"}],"about":[{"href":"https:\/\/sanac.sk\/de\/wp-json\/wp\/v2\/types\/page"}],"author":[{"embeddable":true,"href":"https:\/\/sanac.sk\/de\/wp-json\/wp\/v2\/users\/4"}],"replies":[{"embeddable":true,"href":"https:\/\/sanac.sk\/de\/wp-json\/wp\/v2\/comments?post=190"}],"version-history":[{"count":20,"href":"https:\/\/sanac.sk\/de\/wp-json\/wp\/v2\/pages\/190\/revisions"}],"predecessor-version":[{"id":928,"href":"https:\/\/sanac.sk\/de\/wp-json\/wp\/v2\/pages\/190\/revisions\/928"}],"wp:attachment":[{"href":"https:\/\/sanac.sk\/de\/wp-json\/wp\/v2\/media?parent=190"}],"curies":[{"name":"wp","href":"https:\/\/api.w.org\/{rel}","templated":true}]}}