{"id":123,"date":"2016-11-09T11:11:29","date_gmt":"2016-11-09T10:11:29","guid":{"rendered":"http:\/\/viewdemo.co\/constructedwp\/?page_id=123"},"modified":"2025-09-18T23:47:50","modified_gmt":"2025-09-18T21:47:50","slug":"hauptseite","status":"publish","type":"page","link":"https:\/\/sanac.sk\/de\/","title":{"rendered":"Hauptseite"},"content":{"rendered":"<section class=\"wpb-content-wrapper\"><p><br \/>\n<b>Warning<\/b>:  Undefined array key \"rounded\" in <b>\/data\/3\/c\/3c434a5e-ff55-4c03-834c-98f012fefa56\/sanac.sk\/web\/de\/wp-content\/themes\/constructed\/vc_templates\/vc_row.php<\/b> on line <b>42<\/b><br \/>\n<div data-vc-full-width=\"true\" data-vc-full-width-init=\"false\" data-vc-stretch-content=\"true\" class=\"vc_row wpb_row vc_row-fluid vc_row-no-padding \"><div class=\"wpb_column vc_column_container vc_col-sm-12 \"><div class=\"vc_column-inner \"><div class=\"wpb_wrapper\">[constructed_text code=&#8220;JTNDZGl2JTIwY2xhc3MlM0QlMjJ2aWRlby13cmFwcGVyJTIyJTNFJTBBJTIwJTIwJTNDdmlkZW8lMjBhdXRvcGxheSUyMG11dGVkJTIwbG9vcCUyMHBsYXlzaW5saW5lJTNFJTBBJTIwJTIwJTIwJTIwJTNDc291cmNlJTIwc3JjJTNEJTIyaHR0cHMlM0ElMkYlMkZkZXZlbG9wZXIuc2FuYWMuc2slMkZ3cC1jb250ZW50JTJGdXBsb2FkcyUyRjIwMjUlMkYwOSUyRlNhbmFjLVNrcmF0ZW5lLVdlYi5tcDQlMjIlMjB0eXBlJTNEJTIydmlkZW8lMkZtcDQlMjIlM0UlMEElMjAlMjAlMjAlMjBJaHIlMjBCcm93c2VyJTIwdW50ZXJzdCVDMyVCQ3R6dCUyMGtlaW4lMjBIVE1MNS1WaWRlby4lMEElMjAlMjAlM0MlMkZ2aWRlbyUzRSUwQSUyMCUyMCUzQyUyMS0tJTIwU2VwYXJhdGVzJTIwVGV4dC1PdmVybGF5JTIwLS0lM0UlMEElMjAlMjAlM0NkaXYlMjBjbGFzcyUzRCUyMnZpZGVvLXRleHQtb3ZlcmxheSUyMiUzRSUwQSUyMCUyMCUyMCUyMCUzQ2RpdiUyMGNsYXNzJTNEJTIydGV4dC1jb250YWluZXIlMjIlM0UlMEElMjAlMjAlMjAlMjAlMjAlMjAlM0NoMSUzRVRlYW0lMjB2b24lMjBGYWNobGV1dGVuJTIwZiVDMyVCQ3IlMjBTYW5pZXJ1bmdlbiUzQyUyRmgxJTNFJTBBJTIwJTIwJTIwJTIwJTIwJTIwJTNDcCUzRSUwQSUyMCUyMCUyMCUyMCUyMCUyMCUyMCUyMFdpciUyMGhhYmVuJTIwZWluJTIwZWlnZW5lcyUyMFRlYW0lMjB2b24lMjBGYWNobGV1dGVuJTJDJTIwVGVjaG5pa2VybiUyQyUyMEVsZWt0cmlrZXJuJTIwdW5kJTIwSW5zdGFsbGF0ZXVyZW4lMkMlM0NiciUzRSUwQSUyMCUyMCUyMCUyMCUyMCUyMCUyMCUyMGRpZSUyMHNpY2glMjB1bSUyMGRpZSUyMEwlQzMlQjZzdW5nJTIwSWhyZXIlMjBQcm9ibGVtZSUyMGslQzMlQkNtbWVybi4lMEElMjAlMjAlMjAlMjAlMjAlMjAlM0MlMkZwJTNFJTBBJTIwJTIwJTIwJTIwJTNDJTJGZGl2JTNFJTBBJTIwJTIwJTNDJTJGZGl2JTNFJTBBJTNDJTJGZGl2JTNFJTBBJTBBJTNDc3R5bGUlM0UlMEEudmlkZW8td3JhcHBlciUyMCU3QiUwQSUyMCUyMHBvc2l0aW9uJTNBJTIwcmVsYXRpdmUlM0IlMEElMjAlMjB3aWR0aCUzQSUyMDEwMCUyNSUzQiUwQSUyMCUyMGhlaWdodCUzQSUyMDY1dmglM0IlMjAlMkYlMkElMjBvZGVyJTIwd2FzJTIwZHUlMjBicmF1Y2hzdCUyMCUyQSUyRiUwQSUyMCUyMG92ZXJmbG93JTNBJTIwaGlkZGVuJTNCJTBBJTdEJTBBJTBBLnZpZGVvLXdyYXBwZXIlMjB2aWRlbyUyMCU3QiUwQSUyMCUyMHBvc2l0aW9uJTNBJTIwYWJzb2x1dGUlM0IlMEElMjAlMjB0b3AlM0ElMjAwJTNCJTBBJTIwJTIwbGVmdCUzQSUyMDAlM0IlMEElMjAlMjB3aWR0aCUzQSUyMDEwMCUyNSUzQiUwQSUyMCUyMGhlaWdodCUzQSUyMDEwMCUyNSUzQiUwQSUyMCUyMG9iamVjdC1maXQlM0ElMjBjb3ZlciUzQiUwQSU3RCUwQSUwQSUyRiUyQSUyME92ZXJsYXklMkMlMjBkYXMlMjAlQzMlQkNiZXIlMjBkZW0lMjBWaWRlbyUyMGxpZWd0JTIwJTJBJTJGJTBBLnZpZGVvLXRleHQtb3ZlcmxheSUyMCU3QiUwQSUyMCUyMHBvc2l0aW9uJTNBJTIwYWJzb2x1dGUlM0IlMEElMjAlMjBib3R0b20lM0ElMjAwJTNCJTBBJTIwJTIwd2lkdGglM0ElMjAxMDAlMjUlM0IlMEElMjAlMjBiYWNrZ3JvdW5kJTNBJTIwcmdiYSUyODAlMkMlMjAwJTJDJTIwMCUyQyUyMDAuNCUyOSUzQiUwQSUyMCUyMHotaW5kZXglM0ElMjAyJTNCJTBBJTIwJTIwcGFkZGluZyUzQSUyMDFyZW0lMjAwJTNCJTBBJTdEJTBBJTBBLnRleHQtY29udGFpbmVyJTIwJTdCJTBBJTIwJTIwbWF4LXdpZHRoJTNBJTIwODAwcHglM0IlMEElMjAlMjBtYXJnaW4lM0ElMjAwJTIwYXV0byUzQiUwQSUyMCUyMHRleHQtYWxpZ24lM0ElMjBsZWZ0JTNCJTBBJTIwJTIwcGFkZGluZyUzQSUyMDAlMjAxcmVtJTNCJTBBJTdEJTBBJTBBLnZpZGVvLXRleHQtb3ZlcmxheSUyMGgxJTIwJTdCJTBBJTIwJTIwZm9udC1zaXplJTNBJTIwMS44cmVtJTNCJTBBJTIwJTIwbWFyZ2luJTNBJTIwMCUyMDAlMjAwLjVyZW0lMjAwJTNCJTBBJTIwJTIwY29sb3IlM0ElMjB3aGl0ZSUzQiUwQSU3RCUwQSUwQS52aWRlby10ZXh0LW92ZXJsYXklMjBwJTIwJTdCJTBBJTIwJTIwZm9udC1zaXplJTNBJTIwMXJlbSUzQiUwQSUyMCUyMG1hcmdpbiUzQSUyMDAlM0IlMEElMjAlMjBjb2xvciUzQSUyMHdoaXRlJTNCJTBBJTIwJTIwbGluZS1oZWlnaHQlM0ElMjAxLjQlM0IlMEElN0QlMEElM0MlMkZzdHlsZSUzRSUwQQ==&#8220;][\/constructed_text]<\/div><\/div><\/div><\/div><div class=\"vc_row-full-width vc_clearfix\"><\/div><div class=\"vc_row wpb_row vc_row-fluid \"><div class=\"wpb_column vc_column_container vc_col-sm-12 \"><div class=\"vc_column-inner \"><div class=\"wpb_wrapper\">[constructed_title title=&#8220;Unsere Dienstleistungen&#8220; text=&#8220;Helfende Hand bei Versicherungsf\u00e4llen und Naturkatastrophen&#8220;]<\/div><\/div><\/div><\/div><div data-vc-full-width=\"true\" data-vc-full-width-init=\"false\" class=\"vc_row wpb_row vc_row-fluid vc_row-o-content-middle vc_row-flex \"><div class=\"wpb_column vc_column_container vc_col-sm-3 vc_col-md-3 vc_col-sm-offset-0 vc_col-xs-offset-1 vc_col-xs-10 \"><div class=\"vc_column-inner \"><div class=\"wpb_wrapper\">[constructed_icon_text style=&#8220;style7&#8243; icon_type=&#8220;ticon&#8220; ticon=&#8220;icons8-gas&#8220; title=&#8220;Brandschadesanierung&#8220; text=&#8220;Ut vitae eros ipsum. Supeise accumsan eros nunc, et bumagna asso scelerue vitae.&#8220; button=&#8220;url:https%3A%2F%2Fsanac.sk%2Fde%2Fservices%2Fsanacia-skod-po-poziari%2F|title:Mehr%20erfahren||&#8220; icon_color=&#8220;#ff0000&#8243;]Wenn die Feuerwehr wegf\u00e4hrt, kommt die SANAC s. r. o.. Gerade jetzt ist jede Stunde wichtig, denn Sedimente nach einem Brand und L\u00f6schwasser k\u00f6nnen weitere riesige Sch\u00e4den verursachen.[\/constructed_icon_text]<\/div><\/div><\/div><div class=\"wpb_column vc_column_container vc_col-sm-3 vc_col-md-3 vc_col-sm-offset-0 vc_col-xs-offset-1 vc_col-xs-10 \"><div class=\"vc_column-inner \"><div class=\"wpb_wrapper\">[constructed_icon_text style=&#8220;style7&#8243; icon_type=&#8220;ticon&#8220; ticon=&#8220;icons8-plumbing&#8220; title=&#8220;Wasserschadesanierung&#8220; text=&#8220;Ut vitae eros ipsum. Supeise accumsan eros nunc, et bumagna asso scelerue vitae.&#8220; button=&#8220;url:https%3A%2F%2Fsanac.sk%2Fde%2Fservices%2Fsanacia-skod-po-vode%2F|title:Mehr%20erfahren||&#8220; icon_color=&#8220;#ff0000&#8243;]Auch ein kleiner Riss in der Abwasser- oder Wasserleitung kann einen <strong>gro\u00dfen Schaden verursachen<\/strong>. Es ist gut zu wissen, an wen Sie sich mit Vertrauen wenden k\u00f6nnen.[\/constructed_icon_text]<\/div><\/div><\/div><div class=\"wpb_column vc_column_container vc_col-sm-3 vc_col-md-3 vc_col-sm-offset-0 vc_col-xs-offset-1 vc_col-xs-10 \"><div class=\"vc_column-inner \"><div class=\"wpb_wrapper\">[constructed_icon_text style=&#8220;style7&#8243; icon_type=&#8220;ticon&#8220; ticon=&#8220;icons8-paint-bucket&#8220; title=&#8220;Graffitientfernung&#8220; text=&#8220;Ut vitae eros ipsum. Supeise accumsan eros nunc, et bumagna asso scelerue vitae.&#8220; button=&#8220;url:https%3A%2F%2Fsanac.sk%2Fde%2Fservices%2Fodstranenie-grafitov%2F|title:Mehr%20erfahren||&#8220; icon_color=&#8220;#ff0000&#8243;]Die Beseitigung von Graffiti erfordert spezialisierte Instrumente und Reinigungsmittel, die beim fachgem\u00e4\u00dfen Gebrauch die Besch\u00e4digung der verunreinigten Fl\u00e4che minimalisieren.[\/constructed_icon_text]<\/div><\/div><\/div><div class=\"wpb_column vc_column_container vc_col-sm-3 \"><div class=\"vc_column-inner \"><div class=\"wpb_wrapper\">[constructed_icon_text style=&#8220;style7&#8243; icon_type=&#8220;ticon&#8220; ticon=&#8220;icons8-truck&#8220; title=&#8220;Maschienen-und Fahrzeugesanierung&#8220; text=&#8220;Ut vitae eros ipsum. Supeise accumsan eros nunc, et bumagna asso scelerue vitae.&#8220; button=&#8220;url:https%3A%2F%2Fsanac.sk%2Fde%2Fservices%2Fsanacia-skod-na-autach-a-strojoch%2F|title:Mehr%20erfahren||&#8220; icon_color=&#8220;#ff0000&#8243;]Wir bieten <strong>professionelle Reinigung von Fahrzeugoberfl\u00e4chen, die durch Farbe<\/strong>, evtl. andere adh\u00e4sive Stoffe besch\u00e4digt wurden.[\/constructed_icon_text]<\/div><\/div><\/div><\/div><div class=\"vc_row-full-width vc_clearfix\"><\/div><div class=\"vc_row wpb_row vc_row-fluid vc_row-o-equal-height vc_row-o-content-middle vc_row-flex \"><div class=\"wpb_column vc_column_container vc_col-sm-3 vc_col-md-3 vc_col-sm-offset-0 vc_col-xs-offset-1 vc_col-xs-10 \"><div class=\"vc_column-inner \"><div class=\"wpb_wrapper\"><\/div><\/div><\/div><div class=\"wpb_column vc_column_container vc_col-sm-3 vc_col-md-3 vc_col-sm-offset-0 vc_col-xs-offset-1 vc_col-xs-10 \"><div class=\"vc_column-inner \"><div class=\"wpb_wrapper\">[constructed_icon_text style=&#8220;style7&#8243; icon_type=&#8220;ticon&#8220; ticon=&#8220;icons8-basement&#8220; title=&#8220;Leckageortung&#8220; text=&#8220;Ut vitae eros ipsum. Supeise accumsan eros nunc, et bumagna asso scelerue vitae.&#8220; button=&#8220;url:https%3A%2F%2Fsanac.sk%2Fde%2Fservices%2Flokalizacia-priesakov%2F|title:Mehr%20erfahren||&#8220; icon_color=&#8220;#ff0000&#8243;]Bevor man mit den destruktiven Arbeiten beginnt, muss das Problem identifiziert und lokalisiert werden.[\/constructed_icon_text]<\/div><\/div><\/div><div class=\"wpb_column vc_column_container vc_col-sm-3 \"><div class=\"vc_column-inner \"><div class=\"wpb_wrapper\">[constructed_icon_text style=&#8220;style7&#8243; icon_type=&#8220;ticon&#8220; ticon=&#8220;icons8-construction-worker&#8220; title=&#8220;Spetziale Tatigkeiten&#8220; text=&#8220;Ut vitae eros ipsum. Supeise accumsan eros nunc, et bumagna asso scelerue vitae.&#8220; button=&#8220;url:https%3A%2F%2Fsanac.sk%2Fde%2Fservices%2Fine-skody-a-specialne-cinnosti%2F|title:Mehr%20erfahren||&#8220; icon_color=&#8220;#ff0000&#8243;]SANAC s. r. o. wird Ihre Lufttechnik, Ihre Maschinen, Installationen, Ihre Elektronik usw. fachgerecht reinigen.[\/constructed_icon_text]<\/div><\/div><\/div><div class=\"wpb_column vc_column_container vc_col-sm-3 \"><div class=\"vc_column-inner \"><div class=\"wpb_wrapper\"><\/div><\/div><\/div><\/div><div class=\"vc_row wpb_row vc_row-fluid \"><div class=\"wpb_column vc_column_container vc_col-sm-12 \"><div class=\"vc_column-inner \"><div class=\"wpb_wrapper\">[constructed_title title=&#8220;Wie arbeiten wir?&#8220; text=&#8220;Rekonstruktionsarbeiten m\u00fcssen schnell und effektiv durchgef\u00fchrt werden. Wir beginnen unverz\u00fcglich mit der Sanierung von Verm\u00f6gen. Das f\u00fchrt zum Mehrwert f\u00fcr den Kunden.&#8220;]<\/div><\/div><\/div><\/div><div data-vc-full-width=\"true\" data-vc-full-width-init=\"false\" class=\"vc_row wpb_row vc_row-fluid vc_custom_1478697113607 vc_row-has-fill vc_row-o-equal-height vc_row-flex \"><div class=\"wpb_column vc_column_container vc_col-sm-10 vc_col-md-offset-0 vc_col-md-6 vc_col-sm-offset-1 \"><div class=\"vc_column-inner vc_custom_1478098387703\"><div class=\"wpb_wrapper\">[constructed_icon_text style=&#8220;style6&#8243; icon_type=&#8220;ticon&#8220; ticon=&#8220;icons8-maintenance&#8220; title=&#8220;Professionelle Schadensbeurteilung&#8220; text=&#8220;Duis nec risus ac dolor ullamcorper malesuada. Nam quis tortor ipsum. Vestibulum quis lorem tellus finibus suscipit curabitur dapibus sollicitud.&#8220; icon_color=&#8220;#ff0000&#8243;]Bevor die Sanierungsarbeiten beginnen, sind alle Probleme und Stellen zu identifizieren und zu lokalisieren.[\/constructed_icon_text][constructed_icon_text style=&#8220;style6&#8243; icon_type=&#8220;ticon&#8220; ticon=&#8220;icons8-construction-worker&#8220; title=&#8220;Beginn von Sanierungsarbeiten innerhalb von 48 Stunden&#8220; text=&#8220;Duis nec risus ac dolor ullamcorper malesuada. Nam quis tortor ipsum. Vestibulum quis lorem tellus finibus suscipit curabitur dapibus sollicitud.&#8220; icon_color=&#8220;#ff0000&#8243;]Nach der Besichtigung des Objektes und der Durchf\u00fchrung von notwendigen Ma\u00dfnahmen beginnen wir mit den Sanierungsarbeiten sp\u00e4testens innerhalb von 48 Stunden. Schnell zu handeln bedeutet Sch\u00e4den zu minimalisieren.[\/constructed_icon_text][constructed_icon_text style=&#8220;style6&#8243; icon_type=&#8220;ticon&#8220; ticon=&#8220;icons8-exterior&#8220; title=&#8220;\u00dcbergabe und Mehrwert f\u00fcr den Kunden&#8220; text=&#8220;Duis nec risus ac dolor ullamcorper malesuada. Nam quis tortor ipsum. Vestibulum quis lorem tellus finibus suscipit curabitur dapibus sollicitud.&#8220; icon_color=&#8220;#ff0000&#8243;]<\/p>\n<div id=\"content\">\n<div class=\"wrapper\">\n<div class=\"service_bottom\">\n<p>Wir betrachten unsere Arbeit erst dann als abgeschlossen, wenn das Objekt im urspr\u00fcnglichen Zustand ist und wenn unsere Kunden zu ihren allt\u00e4glichen T\u00e4tigkeiten zur\u00fcckkehren k\u00f6nnen.<\/p>\n<\/div>\n<\/div>\n<\/div>\n<p>[\/constructed_icon_text]<\/div><\/div><\/div><div class=\"abImage wpb_column vc_column_container vc_col-sm-10 vc_col-md-offset-0 vc_col-md-6 vc_col-sm-offset-1 \"><div class=\"vc_column-inner vc_custom_1478098421342\"><div class=\"wpb_wrapper\">[constructed_banner style=&#8220;style3&#8243; image=&#8220;618&#8243; text=&#8220;Ut non neque sed augue commodo venenatis iaculis ac diam. Cum sociis natoque penatibus et magnis dis part.&#8220; button=&#8220;url:https%3A%2F%2Fsanac.sk%2Fde%2Fkontakt%2F|title:Kontaktieren%20Sie%20uns||&#8220;][\/constructed_banner]<\/div><\/div><\/div><\/div><div class=\"vc_row-full-width vc_clearfix\"><\/div><div data-vc-full-width=\"true\" data-vc-full-width-init=\"false\" data-vc-stretch-content=\"true\" class=\"vc_row wpb_row vc_row-fluid vc_custom_1477899085037 vc_row-has-fill vc_row-no-padding \"><div class=\"wpb_column vc_column_container vc_col-sm-12 \"><div class=\"vc_column-inner \"><div class=\"wpb_wrapper\">[constructed_title title=&#8220;Unsere fertiggestellten Projekte&#8220;]<\/div><\/div><\/div><\/div><div class=\"vc_row-full-width vc_clearfix\"><\/div><div class=\"vc_row wpb_row vc_row-fluid \"><div class=\"wpb_column vc_column_container vc_col-sm-12 \"><div class=\"vc_column-inner vc_custom_1477921281654\"><div class=\"wpb_wrapper\">[constructed_projects item_size=&#8220;3&#8243; cats=&#8220;odstranenie-grafity,sanacia-po-poziari&#8220; limit=&#8220;6&#8243;]<\/div><\/div><\/div><\/div><div data-vc-full-width=\"true\" data-vc-full-width-init=\"false\" class=\"vc_row wpb_row vc_row-fluid vc_custom_1481723441547 vc_row-has-fill \"><div class=\"wpb_column vc_column_container vc_col-sm-12 \"><div class=\"vc_column-inner \"><div class=\"wpb_wrapper\">[constructed_title style=&#8220;dark&#8220; title=&#8220;Unsere zufriedenen Kunden&#8220; text=&#8220;Unsere zufriedenen Kunden empfehlen uns weiter&#8220;][constructed_testimonials tax=&#8220;main&#8220; count=&#8220;12&#8243;]<\/div><\/div><\/div><\/div><div class=\"vc_row-full-width vc_clearfix\"><\/div><div data-vc-full-width=\"true\" data-vc-full-width-init=\"false\" data-vc-stretch-content=\"true\" class=\"vc_row wpb_row vc_row-fluid vc_row-no-padding \"><div class=\"wpb_column vc_column_container vc_col-sm-12 \"><div class=\"vc_column-inner \"><div class=\"wpb_wrapper\">[constructed_banner style=&#8220;style4&#8243; image=&#8220;461&#8243; title=&#8220;Wir sind zur Zusammenarbeit bereit&#8220; text=&#8220;Integer mattis, orci id laoreet vulputate, urna diam gravida elit, sit amet scelerisque orci dolor id risus.<br \/>\nCras ullamcorper lacus sapien. Vivamus ante magna, congue quis semper quis, ullamcorper et nisi.<br \/>\nAliquam ut scelerisque enim. Ut porta condimentum nisi, eget porttitor lacus mollis id.&#8220; button=&#8220;url:https%3A%2F%2Fsanac.sk%2Fde%2Fkontakt%2F|title:Kontaktieren%20Sie%20uns||&#8220; button_color=&#8220;#ff0000&#8243; h_color=&#8220;#ff0000&#8243;]Unser Ziel ist es, dem Kunden einen Mehrwert zu bieten. Von den professionell beurteilten Sch\u00e4den bis zur \u00dcbergabe des Objektes in seinem urspr\u00fcnglichen Zustand.<\/p>\n<p>Haben Sie ein Problem? Rufen Sie uns an, wir l\u00f6sen es gemeinsam.[\/constructed_banner]<\/div><\/div><\/div><\/div><div class=\"vc_row-full-width vc_clearfix\"><\/div><div class=\"vc_row wpb_row vc_row-fluid \"><div class=\"wpb_column vc_column_container vc_col-sm-12 \"><div class=\"vc_column-inner vc_custom_1477927156049\"><div class=\"wpb_wrapper\">[constructed_logo_slider images=&#8220;380,382,383,385,386,388,389,400&#8243;]<\/div><\/div><\/div><\/div>\n<\/section>","protected":false},"excerpt":{"rendered":"Warning: Undefined array key \"rounded\" in \/data\/3\/c\/3c434a5e-ff55-4c03-834c-98f012fefa56\/sanac.sk\/web\/de\/wp-content\/themes\/constructed\/vc_templates\/vc_row.php on line 42 [constructed_text code=\"JTNDZGl2JTIwY2xhc3MlM0QlMjJ2aWRlby13cmFwcGVyJTIyJTNFJTBBJTIwJTIwJTNDdmlkZW8lMjBhdXRvcGxheSUyMG11dGVkJTIwbG9vcCUyMHBsYXlzaW5saW5lJTNFJTBBJTIwJTIwJTIwJTIwJTNDc291cmNlJTIwc3JjJTNEJTIyaHR0cHMlM0ElMkYlMkZkZXZlbG9wZXIuc2FuYWMuc2slMkZ3cC1jb250ZW50JTJGdXBsb2FkcyUyRjIwMjUlMkYwOSUyRlNhbmFjLVNrcmF0ZW5lLVdlYi5tcDQlMjIlMjB0eXBlJTNEJTIydmlkZW8lMkZtcDQlMjIlM0UlMEElMjAlMjAlMjAlMjBJaHIlMjBCcm93c2VyJTIwdW50ZXJzdCVDMyVCQ3R6dCUyMGtlaW4lMjBIVE1MNS1WaWRlby4lMEElMjAlMjAlM0MlMkZ2aWRlbyUzRSUwQSUyMCUyMCUzQyUyMS0tJTIwU2VwYXJhdGVzJTIwVGV4dC1PdmVybGF5JTIwLS0lM0UlMEElMjAlMjAlM0NkaXYlMjBjbGFzcyUzRCUyMnZpZGVvLXRleHQtb3ZlcmxheSUyMiUzRSUwQSUyMCUyMCUyMCUyMCUzQ2RpdiUyMGNsYXNzJTNEJTIydGV4dC1jb250YWluZXIlMjIlM0UlMEElMjAlMjAlMjAlMjAlMjAlMjAlM0NoMSUzRVRlYW0lMjB2b24lMjBGYWNobGV1dGVuJTIwZiVDMyVCQ3IlMjBTYW5pZXJ1bmdlbiUzQyUyRmgxJTNFJTBBJTIwJTIwJTIwJTIwJTIwJTIwJTNDcCUzRSUwQSUyMCUyMCUyMCUyMCUyMCUyMCUyMCUyMFdpciUyMGhhYmVuJTIwZWluJTIwZWlnZW5lcyUyMFRlYW0lMjB2b24lMjBGYWNobGV1dGVuJTJDJTIwVGVjaG5pa2VybiUyQyUyMEVsZWt0cmlrZXJuJTIwdW5kJTIwSW5zdGFsbGF0ZXVyZW4lMkMlM0NiciUzRSUwQSUyMCUyMCUyMCUyMCUyMCUyMCUyMCUyMGRpZSUyMHNpY2glMjB1bSUyMGRpZSUyMEwlQzMlQjZzdW5nJTIwSWhyZXIlMjBQcm9ibGVtZSUyMGslQzMlQkNtbWVybi4lMEElMjAlMjAlMjAlMjAlMjAlMjAlM0MlMkZwJTNFJTBBJTIwJTIwJTIwJTIwJTNDJTJGZGl2JTNFJTBBJTIwJTIwJTNDJTJGZGl2JTNFJTBBJTNDJTJGZGl2JTNFJTBBJTBBJTNDc3R5bGUlM0UlMEEudmlkZW8td3JhcHBlciUyMCU3QiUwQSUyMCUyMHBvc2l0aW9uJTNBJTIwcmVsYXRpdmUlM0IlMEElMjAlMjB3aWR0aCUzQSUyMDEwMCUyNSUzQiUwQSUyMCUyMGhlaWdodCUzQSUyMDY1dmglM0IlMjAlMkYlMkElMjBvZGVyJTIwd2FzJTIwZHUlMjBicmF1Y2hzdCUyMCUyQSUyRiUwQSUyMCUyMG92ZXJmbG93JTNBJTIwaGlkZGVuJTNCJTBBJTdEJTBBJTBBLnZpZGVvLXdyYXBwZXIlMjB2aWRlbyUyMCU3QiUwQSUyMCUyMHBvc2l0aW9uJTNBJTIwYWJzb2x1dGUlM0IlMEElMjAlMjB0b3AlM0ElMjAwJTNCJTBBJTIwJTIwbGVmdCUzQSUyMDAlM0IlMEElMjAlMjB3aWR0aCUzQSUyMDEwMCUyNSUzQiUwQSUyMCUyMGhlaWdodCUzQSUyMDEwMCUyNSUzQiUwQSUyMCUyMG9iamVjdC1maXQlM0ElMjBjb3ZlciUzQiUwQSU3RCUwQSUwQSUyRiUyQSUyME92ZXJsYXklMkMlMjBkYXMlMjAlQzMlQkNiZXIlMjBkZW0lMjBWaWRlbyUyMGxpZWd0JTIwJTJBJTJGJTBBLnZpZGVvLXRleHQtb3ZlcmxheSUyMCU3QiUwQSUyMCUyMHBvc2l0aW9uJTNBJTIwYWJzb2x1dGUlM0IlMEElMjAlMjBib3R0b20lM0ElMjAwJTNCJTBBJTIwJTIwd2lkdGglM0ElMjAxMDAlMjUlM0IlMEElMjAlMjBiYWNrZ3JvdW5kJTNBJTIwcmdiYSUyODAlMkMlMjAwJTJDJTIwMCUyQyUyMDAuNCUyOSUzQiUwQSUyMCUyMHotaW5kZXglM0ElMjAyJTNCJTBBJTIwJTIwcGFkZGluZyUzQSUyMDFyZW0lMjAwJTNCJTBBJTdEJTBBJTBBLnRleHQtY29udGFpbmVyJTIwJTdCJTBBJTIwJTIwbWF4LXdpZHRoJTNBJTIwODAwcHglM0IlMEElMjAlMjBtYXJnaW4lM0ElMjAwJTIwYXV0byUzQiUwQSUyMCUyMHRleHQtYWxpZ24lM0ElMjBsZWZ0JTNCJTBBJTIwJTIwcGFkZGluZyUzQSUyMDAlMjAxcmVtJTNCJTBBJTdEJTBBJTBBLnZpZGVvLXRleHQtb3ZlcmxheSUyMGgxJTIwJTdCJTBBJTIwJTIwZm9udC1zaXplJTNBJTIwMS44cmVtJTNCJTBBJTIwJTIwbWFyZ2luJTNBJTIwMCUyMDAlMjAwLjVyZW0lMjAwJTNCJTBBJTIwJTIwY29sb3IlM0ElMjB3aGl0ZSUzQiUwQSU3RCUwQSUwQS52aWRlby10ZXh0LW92ZXJsYXklMjBwJTIwJTdCJTBBJTIwJTIwZm9udC1zaXplJTNBJTIwMXJlbSUzQiUwQSUyMCUyMG1hcmdpbiUzQSUyMDAlM0IlMEElMjAlMjBjb2xvciUzQSUyMHdoaXRlJTNCJTBBJTIwJTIwbGluZS1oZWlnaHQlM0ElMjAxLjQlM0IlMEElN0QlMEElM0MlMkZzdHlsZSUzRSUwQQ==\"][\/constructed_text][constructed_title title=\"Unsere Dienstleistungen\" text=\"Helfende Hand bei Versicherungsf\u00e4llen und Naturkatastrophen\"][constructed_icon_text style=\"style7\" icon_type=\"ticon\" ticon=\"icons8-gas\" title=\"Brandschadesanierung\" text=\"Ut vitae eros ipsum. Supeise accumsan eros nunc, et bumagna asso scelerue vitae.\" button=\"url:https%3A%2F%2Fsanac.sk%2Fde%2Fservices%2Fsanacia-skod-po-poziari%2F|title:Mehr%20erfahren||\" icon_color=\"#ff0000\"]Wenn die Feuerwehr wegf\u00e4hrt, kommt die SANAC s. r. o.. Gerade jetzt ist jede Stunde wichtig, denn [...]","protected":false},"author":4,"featured_media":0,"parent":0,"menu_order":0,"comment_status":"closed","ping_status":"closed","template":"","meta":{"footnotes":""},"yoast_head":"<!-- This site is optimized with the Yoast SEO plugin v20.13 - https:\/\/yoast.com\/wordpress\/plugins\/seo\/ -->\n<title>Sanac.sk - Sanierung von Brandsch\u00e4den und Wassersch\u00e4den<\/title>\n<meta name=\"description\" content=\"Poskytujeme san\u00e1cie a sana\u010dn\u00e9 pr\u00e1ce od najmen\u0161\u00edch detailov po ve\u013ek\u00e9 komplexn\u00e9 projekty. Pomocn\u00e1 ruka pri poistn\u00fdch udalostiach a \u017eiveln\u00fdch pohrom\u00e1ch.\" \/>\n<meta name=\"robots\" content=\"index, follow, max-snippet:-1, max-image-preview:large, max-video-preview:-1\" \/>\n<link rel=\"canonical\" href=\"https:\/\/sanac.sk\/de\/\" \/>\n<meta property=\"og:locale\" content=\"de_DE\" \/>\n<meta property=\"og:type\" content=\"article\" \/>\n<meta property=\"og:title\" content=\"Sanac.sk - San\u00e1cia po po\u017eiaroch a \u0161kod\u00e1ch sp\u00f4soben\u00fdch vodou\" \/>\n<meta property=\"og:description\" content=\"Poskytujeme san\u00e1cie a sana\u010dn\u00e9 pr\u00e1ce od najmen\u0161\u00edch detailov po ve\u013ek\u00e9 komplexn\u00e9 projekty. Pomocn\u00e1 ruka pri poistn\u00fdch udalostiach a \u017eiveln\u00fdch pohrom\u00e1ch.\" \/>\n<meta property=\"og:url\" content=\"https:\/\/sanac.sk\/de\/\" \/>\n<meta property=\"og:site_name\" content=\"Sanac.sk\" \/>\n<meta property=\"article:modified_time\" content=\"2025-09-18T21:47:50+00:00\" \/>\n<meta name=\"twitter:card\" content=\"summary_large_image\" \/>\n<meta name=\"twitter:label1\" content=\"Gesch\u00e4tzte Lesezeit\" \/>\n\t<meta name=\"twitter:data1\" content=\"4\u00a0Minuten\" \/>\n<script type=\"application\/ld+json\" class=\"yoast-schema-graph\">{\"@context\":\"https:\/\/schema.org\",\"@graph\":[{\"@type\":\"WebPage\",\"@id\":\"https:\/\/sanac.sk\/de\/\",\"url\":\"https:\/\/sanac.sk\/de\/\",\"name\":\"Sanac.sk - Sanierung von Brandsch\u00e4den und Wassersch\u00e4den\",\"isPartOf\":{\"@id\":\"https:\/\/sanac.sk\/de\/#website\"},\"datePublished\":\"2016-11-09T10:11:29+00:00\",\"dateModified\":\"2025-09-18T21:47:50+00:00\",\"description\":\"Poskytujeme san\u00e1cie a sana\u010dn\u00e9 pr\u00e1ce od najmen\u0161\u00edch detailov po ve\u013ek\u00e9 komplexn\u00e9 projekty. Pomocn\u00e1 ruka pri poistn\u00fdch udalostiach a \u017eiveln\u00fdch pohrom\u00e1ch.\",\"breadcrumb\":{\"@id\":\"https:\/\/sanac.sk\/de\/#breadcrumb\"},\"inLanguage\":\"de\",\"potentialAction\":[{\"@type\":\"ReadAction\",\"target\":[\"https:\/\/sanac.sk\/de\/\"]}]},{\"@type\":\"BreadcrumbList\",\"@id\":\"https:\/\/sanac.sk\/de\/#breadcrumb\",\"itemListElement\":[{\"@type\":\"ListItem\",\"position\":1,\"name\":\"Home\",\"item\":\"https:\/\/sanac.sk\/de\/\"},{\"@type\":\"ListItem\",\"position\":2,\"name\":\"Hauptseite\"}]},{\"@type\":\"WebSite\",\"@id\":\"https:\/\/sanac.sk\/de\/#website\",\"url\":\"https:\/\/sanac.sk\/de\/\",\"name\":\"Sanac.sk\",\"description\":\"Sanierung von Brandsch\u00e4den und Wassersch\u00e4den\",\"potentialAction\":[{\"@type\":\"SearchAction\",\"target\":{\"@type\":\"EntryPoint\",\"urlTemplate\":\"https:\/\/sanac.sk\/de\/?s={search_term_string}\"},\"query-input\":\"required name=search_term_string\"}],\"inLanguage\":\"de\"}]}<\/script>\n<!-- \/ Yoast SEO plugin. -->","yoast_head_json":{"title":"Sanac.sk - Sanierung von Brandsch\u00e4den und Wassersch\u00e4den","description":"Poskytujeme san\u00e1cie a sana\u010dn\u00e9 pr\u00e1ce od najmen\u0161\u00edch detailov po ve\u013ek\u00e9 komplexn\u00e9 projekty. Pomocn\u00e1 ruka pri poistn\u00fdch udalostiach a \u017eiveln\u00fdch pohrom\u00e1ch.","robots":{"index":"index","follow":"follow","max-snippet":"max-snippet:-1","max-image-preview":"max-image-preview:large","max-video-preview":"max-video-preview:-1"},"canonical":"https:\/\/sanac.sk\/de\/","og_locale":"de_DE","og_type":"article","og_title":"Sanac.sk - San\u00e1cia po po\u017eiaroch a \u0161kod\u00e1ch sp\u00f4soben\u00fdch vodou","og_description":"Poskytujeme san\u00e1cie a sana\u010dn\u00e9 pr\u00e1ce od najmen\u0161\u00edch detailov po ve\u013ek\u00e9 komplexn\u00e9 projekty. Pomocn\u00e1 ruka pri poistn\u00fdch udalostiach a \u017eiveln\u00fdch pohrom\u00e1ch.","og_url":"https:\/\/sanac.sk\/de\/","og_site_name":"Sanac.sk","article_modified_time":"2025-09-18T21:47:50+00:00","twitter_card":"summary_large_image","twitter_misc":{"Gesch\u00e4tzte Lesezeit":"4\u00a0Minuten"},"schema":{"@context":"https:\/\/schema.org","@graph":[{"@type":"WebPage","@id":"https:\/\/sanac.sk\/de\/","url":"https:\/\/sanac.sk\/de\/","name":"Sanac.sk - Sanierung von Brandsch\u00e4den und Wassersch\u00e4den","isPartOf":{"@id":"https:\/\/sanac.sk\/de\/#website"},"datePublished":"2016-11-09T10:11:29+00:00","dateModified":"2025-09-18T21:47:50+00:00","description":"Poskytujeme san\u00e1cie a sana\u010dn\u00e9 pr\u00e1ce od najmen\u0161\u00edch detailov po ve\u013ek\u00e9 komplexn\u00e9 projekty. Pomocn\u00e1 ruka pri poistn\u00fdch udalostiach a \u017eiveln\u00fdch pohrom\u00e1ch.","breadcrumb":{"@id":"https:\/\/sanac.sk\/de\/#breadcrumb"},"inLanguage":"de","potentialAction":[{"@type":"ReadAction","target":["https:\/\/sanac.sk\/de\/"]}]},{"@type":"BreadcrumbList","@id":"https:\/\/sanac.sk\/de\/#breadcrumb","itemListElement":[{"@type":"ListItem","position":1,"name":"Home","item":"https:\/\/sanac.sk\/de\/"},{"@type":"ListItem","position":2,"name":"Hauptseite"}]},{"@type":"WebSite","@id":"https:\/\/sanac.sk\/de\/#website","url":"https:\/\/sanac.sk\/de\/","name":"Sanac.sk","description":"Sanierung von Brandsch\u00e4den und Wassersch\u00e4den","potentialAction":[{"@type":"SearchAction","target":{"@type":"EntryPoint","urlTemplate":"https:\/\/sanac.sk\/de\/?s={search_term_string}"},"query-input":"required name=search_term_string"}],"inLanguage":"de"}]}},"_links":{"self":[{"href":"https:\/\/sanac.sk\/de\/wp-json\/wp\/v2\/pages\/123"}],"collection":[{"href":"https:\/\/sanac.sk\/de\/wp-json\/wp\/v2\/pages"}],"about":[{"href":"https:\/\/sanac.sk\/de\/wp-json\/wp\/v2\/types\/page"}],"author":[{"embeddable":true,"href":"https:\/\/sanac.sk\/de\/wp-json\/wp\/v2\/users\/4"}],"replies":[{"embeddable":true,"href":"https:\/\/sanac.sk\/de\/wp-json\/wp\/v2\/comments?post=123"}],"version-history":[{"count":70,"href":"https:\/\/sanac.sk\/de\/wp-json\/wp\/v2\/pages\/123\/revisions"}],"predecessor-version":[{"id":1068,"href":"https:\/\/sanac.sk\/de\/wp-json\/wp\/v2\/pages\/123\/revisions\/1068"}],"wp:attachment":[{"href":"https:\/\/sanac.sk\/de\/wp-json\/wp\/v2\/media?parent=123"}],"curies":[{"name":"wp","href":"https:\/\/api.w.org\/{rel}","templated":true}]}}